{"id":6080,"date":"2024-09-03T09:57:48","date_gmt":"2024-09-03T07:57:48","guid":{"rendered":"https:\/\/www.mowitech.de\/shop\/?post_type=product&#038;p=6080"},"modified":"2025-03-13T08:10:49","modified_gmt":"2025-03-13T07:10:49","slug":"miniserver-go","status":"publish","type":"product","link":"\/shop\/produkt\/miniserver-go\/","title":{"rendered":"Miniserver Go"},"content":{"rendered":"<p><strong>Automatisierungscontroller<\/strong> zur Realisierung komplexer Steuerungsaufgaben im Bereich Smart Home &amp; Building Automation.<\/p>\n<p><strong>Geb\u00e4udeautomatisierung<\/strong> f\u00fcr Nachr\u00fcstungen und Renovierungen in H\u00e4usern, Wohnungen, etc.<\/p>\n<p>Ideal geeignet f\u00fcr s\u00e4mtliche Themen wie z.B.:<\/p>\n<ul>\n<li><strong>Beleuchtung<\/strong>, <strong>Beschattung<\/strong>, <strong>Bew\u00e4sserung<\/strong><\/li>\n<li><strong>Energiemanagement<\/strong>, <strong>Multimedia- und Musiksteuerung<\/strong><\/li>\n<li><strong>Pr\u00e4senzerkennung<\/strong>, <strong>Raumklimaregelung<\/strong><\/li>\n<li><strong>Sicherheit<\/strong> (AAL, Einbruchschutz, Feuer- &amp; Wassermeldezentrale)<\/li>\n<li><strong>Zutrittsberechtigung<\/strong><\/li>\n<\/ul>\n<p><strong>Technische Merkmale:<\/strong><\/p>\n<ul>\n<li>Integrierte Funkanbindung <strong>Loxone Air<\/strong><\/li>\n<li><strong>LAN-Schnittstelle<\/strong> (https: \/ SSL\/TLS-Verschl\u00fcsselung \/ 100Mbps \/ IPv4 \/ IPv6)<\/li>\n<li><strong>Fernzugriff<\/strong> \u00fcber Remote Connect Feature (keine Portfreigabe notwendig)<\/li>\n<li><strong>Verschl\u00fcsselte Netzwerkinterkommunikation<\/strong> mit anderen Miniservern und Ger\u00e4ten<\/li>\n<li><strong>Gateway-Client-Funktion<\/strong><\/li>\n<li><strong>Lokale Datenverarbeitung<\/strong>, keine Cloud-Kommunikation<\/li>\n<li>Dezentrale Bauweise zum <strong>Nachr\u00fcsten \/ Renovieren<\/strong><\/li>\n<\/ul>\n<p><strong>Funktechnologie und Anbindung:<\/strong><\/p>\n<ul>\n<li>Anbindung von Funk-Produkten mit <strong>Mesh-Technologie<\/strong> (spannungsversorgte Funkger\u00e4te leiten Funksignale weiter und erh\u00f6hen dadurch die Netzabdeckung)<\/li>\n<li><strong>Loxone Air Ger\u00e4te<\/strong> sind \u00fcber den Funk updatef\u00e4hig<\/li>\n<\/ul>\n<p><strong>Software &amp; Updates:<\/strong><\/p>\n<ul>\n<li>Kostenlose Updates und <strong>lizenzfreie Programmiersoftware<\/strong><\/li>\n<li><strong>Kommunikationsschnittstellen:<\/strong> Modbus TCP, BACnet\/IP, EEBUS, Home Connect, Miele@home<\/li>\n<li>Inklusive <strong>Planungsprogramm<\/strong>, Autokonfiguration, Simulations- und Inbetriebnahmemodus, Live-Ansicht mit \u00e4nderbaren Werten<\/li>\n<\/ul>\n<p><strong>System\u00fcberwachung und Diagnose:<\/strong><\/p>\n<ul>\n<li>Dauerhafte System\u00fcberwachung und automatische Fehleranalyse durch <strong>Heartbeat Technology<\/strong><\/li>\n<li>Inklusive <strong>Diagnose-Funktionen<\/strong> f\u00fcr Ger\u00e4testatus und die Loxone Technologien Link, Tree und Air<\/li>\n<\/ul>\n<p><strong>Kommunikation und Ansteuerung:<\/strong><\/p>\n<ul>\n<li>Kommunikation mit Erweiterungen \u00fcber internen Kommunikationsbus <strong>Loxone Link<\/strong><\/li>\n<li>Ansteuerung von Loxone-Ger\u00e4ten \u00fcber eigens entwickelte Funktechnologie <strong>Loxone Air<\/strong><\/li>\n<\/ul>\n<p><strong>Weitere Funktionen:<\/strong><\/p>\n<ul>\n<li>Betriebsstundenz\u00e4hler und <strong>Statistik-, Logger- &amp; Tracker-Aufzeichnungen<\/strong> f\u00fcr jedes Ger\u00e4t m\u00f6glich<\/li>\n<li><strong>Datenexport<\/strong> zur Weiterverarbeitung der Aufzeichnungen m\u00f6glich<\/li>\n<li><strong>Automatisch erstellte Visualisierung<\/strong> zur Bedienung \u00fcber die App via PC, iOS- und Android-Ger\u00e4ten<\/li>\n<li><strong>Offene API<\/strong> zur Einbindung in andere Systeme<\/li>\n<li>Versenden von <strong>Benachrichtigungen, E-Mails und Anrufen<\/strong> bei frei w\u00e4hlbaren Ereignissen m\u00f6glich<\/li>\n<li><strong>Softwareseitige parametrierbare Sperrfunktionen<\/strong> f\u00fcr jedes Ger\u00e4t (z.B. f\u00fcr Wartungsarbeiten)<\/li>\n<\/ul>\n","protected":false},"excerpt":{"rendered":"<table>\n<thead>\n<tr>\n<th>Technische Daten<\/th>\n<th>Details<\/th>\n<\/tr>\n<\/thead>\n<tbody>\n<tr>\n<td>Spannungsversorgung<\/td>\n<td>5VDC \u00fcber Micro USB (Netzteil im Lieferumfang enthalten)<\/td>\n<\/tr>\n<tr>\n<td>Erweiterbarkeit \u00fcber integrierte Loxone Link Schnittstelle<\/td>\n<td>Bis zu 30 Extensions<\/td>\n<\/tr>\n<tr>\n<td>Direkte Ansteuerung \u00fcber integrierte Loxone Air Schnittstelle<\/td>\n<td>Bis zu 128 Loxone Air Ger\u00e4te<\/td>\n<\/tr>\n<tr>\n<td>Funk in Europa<\/td>\n<td>868MHz (SRD Band Europa), 4 Kan\u00e4le w\u00e4hlbar, max. Sendeleistung 15.1mW e.r.p.<\/td>\n<\/tr>\n<tr>\n<td>Funk in USA<\/td>\n<td>915MHz (ISM Band Region 2), 10 Kan\u00e4le w\u00e4hlbar, max. Sendeleistung 13.2mW<\/td>\n<\/tr>\n<tr>\n<td>Zentralsteuerung Erweiterbarkeit<\/td>\n<td>Mit weiteren Miniservern als Gateway\/Client oder \u00fcber Netzwerk-Interkommunikation erweiterbar<\/td>\n<\/tr>\n<tr>\n<td>Programmierung von Unterprogrammen<\/td>\n<td>Bis zu 8 PicoC-Unterprogramme pro Programm<\/td>\n<\/tr>\n<tr>\n<td>Apple HomeKit-Zertifizierung<\/td>\n<td>Ja<\/td>\n<\/tr>\n<tr>\n<td>BACnet-Zertifizierung<\/td>\n<td>BTL-31076<\/td>\n<\/tr>\n<\/tbody>\n<\/table>\n","protected":false},"featured_media":6082,"comment_status":"closed","ping_status":"closed","template":"","meta":{"_acf_changed":false},"product_cat":[254,256],"product_tag":[456,313,455],"class_list":{"0":"post-6080","1":"product","2":"type-product","3":"status-publish","4":"has-post-thumbnail","6":"product_cat-loxone","7":"product_cat-miniserver-extensions","8":"product_tag-go","9":"product_tag-loxone","10":"product_tag-miniserver","11":"pa_menge-stueck","13":"first","14":"instock","15":"taxable","16":"shipping-taxable","17":"purchasable","18":"product-type-simple"},"acf":[],"_links":{"self":[{"href":"\/shop\/wp-json\/wp\/v2\/product\/6080"}],"collection":[{"href":"\/shop\/wp-json\/wp\/v2\/product"}],"about":[{"href":"\/shop\/wp-json\/wp\/v2\/types\/product"}],"replies":[{"embeddable":true,"href":"\/shop\/wp-json\/wp\/v2\/comments?post=6080"}],"wp:featuredmedia":[{"embeddable":true,"href":"\/shop\/wp-json\/wp\/v2\/media\/6082"}],"wp:attachment":[{"href":"\/shop\/wp-json\/wp\/v2\/media?parent=6080"}],"wp:term":[{"taxonomy":"product_cat","embeddable":true,"href":"\/shop\/wp-json\/wp\/v2\/product_cat?post=6080"},{"taxonomy":"product_tag","embeddable":true,"href":"\/shop\/wp-json\/wp\/v2\/product_tag?post=6080"}],"curies":[{"name":"wp","href":"https:\/\/api.w.org\/{rel}","templated":true}]}}