{"id":6084,"date":"2024-09-03T10:03:33","date_gmt":"2024-09-03T08:03:33","guid":{"rendered":"https:\/\/www.mowitech.de\/shop\/?post_type=product&#038;p=6084"},"modified":"2025-03-13T08:10:07","modified_gmt":"2025-03-13T07:10:07","slug":"miniserver-compact","status":"publish","type":"product","link":"\/shop\/produkt\/miniserver-compact\/","title":{"rendered":"Miniserver Compact"},"content":{"rendered":"<p><strong>Automatisierungscontroller<\/strong> zur Realisierung komplexer Steuerungsaufgaben im Bereich Smart Home &amp; Building Automation.<\/p>\n<p><strong>Geb\u00e4udeautomatisierung<\/strong> f\u00fcr H\u00e4user, Wohnungen, Restaurants, Hotels, B\u00fcros, Schulen, Kinderg\u00e4rten, Theater, Krankenh\u00e4user, Feuerwehrh\u00e4user, etc.<\/p>\n<p>Ideal geeignet f\u00fcr folgende Themen:<\/p>\n<ul>\n<li><strong>Beleuchtung<\/strong><\/li>\n<li><strong>Beschattung<\/strong><\/li>\n<li><strong>Bew\u00e4sserung<\/strong><\/li>\n<li><strong>Energiemanagement<\/strong><\/li>\n<li><strong>Multimedia- und Musiksteuerung<\/strong><\/li>\n<li><strong>Pr\u00e4senzerkennung<\/strong><\/li>\n<li><strong>Raumklimaregelung<\/strong><\/li>\n<li><strong>Sicherheit<\/strong> (AAL, Einbruchschutz, Feuer- &amp; Wassermeldezentrale)<\/li>\n<li><strong>Zutrittsberechtigung<\/strong><\/li>\n<\/ul>\n<p><strong>Technische Merkmale:<\/strong><\/p>\n<ul>\n<li>2 <strong>digitale Ausg\u00e4nge<\/strong> und 4 <strong>digitale Eing\u00e4nge<\/strong><\/li>\n<li><strong>LAN-Schnittstelle<\/strong> (https: \/ SSL\/TLS-Verschl\u00fcsselung \/ 100Mbps \/ IPv4 \/ IPv6)<\/li>\n<li>Inklusive <strong>Fernzugriff<\/strong> \u00fcber Remote Connect Feature (keine Portfreigabe notwendig)<\/li>\n<li><strong>Verschl\u00fcsselte Netzwerkinterkommunikation<\/strong> mit anderen Miniservern und Ger\u00e4ten, Gateway-Client-Funktion<\/li>\n<li><strong>Lokale Datenverarbeitung<\/strong>, keine Cloud-Kommunikation<\/li>\n<li><strong>Kommunikationsschnittstellen:<\/strong> Modbus TCP, BACnet\/IP, EEBUS, Home Connect, Miele@home<\/li>\n<li>Einfache <strong>Montage<\/strong> auf der Hutschiene nach EN50022, 35mm, 6TE breit<\/li>\n<li>Steckbare <strong>Schraubklemmen<\/strong> f\u00fcr 2 digitale Ausg\u00e4nge<\/li>\n<li>Steckbare <strong>Federzugklemmen<\/strong> f\u00fcr die digitalen Eing\u00e4nge<\/li>\n<li>Steckbare <strong>Durchschleifklemmen<\/strong> f\u00fcr die Spannungs- und Busversorgung<\/li>\n<\/ul>\n<p><strong>Integrierter Musikcontroller:<\/strong><\/p>\n<ul>\n<li><strong>Streaming<\/strong> via Spotify, Apple AirPlay 2, Internetradio und NAS, Externe Quellen via USB (Festplatten oder Sticks)<\/li>\n<li><strong>Text-to-Speech (TTS)<\/strong>-Nachrichten<\/li>\n<li><strong>Verst\u00e4rkerausg\u00e4nge<\/strong> durch Stereo Extensions<\/li>\n<li>Kommunikation mit Erweiterungen \u00fcber internen Kommunikationsbus <strong>Loxone Tree Turbo<\/strong><\/li>\n<li>Gesamtsystem erweiterbar mit weiteren <strong>Audioservern<\/strong><\/li>\n<\/ul>\n<p><strong>Software und Updates:<\/strong><\/p>\n<ul>\n<li>Kostenlose Updates und <strong>lizenzfreie Programmiersoftware<\/strong> inklusive Planungsprogramm, Autokonfiguration, Simulations- und Inbetriebnahmemodus, Live-Ansicht mit \u00e4nderbaren Werten<\/li>\n<li><strong>Dauerhafte System\u00fcberwachung<\/strong> und automatische Fehleranalyse durch Heartbeat Technology<\/li>\n<li>Inklusive <strong>Diagnose-Funktionen<\/strong> f\u00fcr Ger\u00e4testatus und die Loxone Technologien Link, Tree und Air<\/li>\n<\/ul>\n<p><strong>Kommunikation und Ansteuerung:<\/strong><\/p>\n<ul>\n<li>Kommunikation mit Erweiterungen \u00fcber internen Kommunikationsbus <strong>Loxone Link<\/strong><\/li>\n<li>Ansteuerung von Loxone-Ger\u00e4ten \u00fcber eigens entwickelte Verkabelungstechnologie <strong>Loxone Tree<\/strong><\/li>\n<\/ul>\n<p><strong>Weitere Funktionen:<\/strong><\/p>\n<ul>\n<li><strong>Betriebsstundenz\u00e4hler<\/strong> und <strong>Statistik-, Logger- &amp; Tracker-Aufzeichnungen<\/strong> f\u00fcr jedes Ger\u00e4t m\u00f6glich<\/li>\n<li><strong>Datenexport<\/strong> zur Weiterverarbeitung der Aufzeichnungen m\u00f6glich<\/li>\n<li><strong>Automatisch erstellte Visualisierung<\/strong> zur Bedienung \u00fcber die App via PC, iOS- und Android-Ger\u00e4ten<\/li>\n<li><strong>Offene API<\/strong> zur Einbindung in andere Systeme<\/li>\n<li>Versenden von <strong>Benachrichtigungen, E-Mails und Anrufen<\/strong> bei frei w\u00e4hlbaren Ereignissen m\u00f6glich<\/li>\n<li><strong>Softwareseitige parametrierbare Sperrfunktionen<\/strong> f\u00fcr jedes Ger\u00e4t (z.B. f\u00fcr Wartungsarbeiten)<\/li>\n<\/ul>\n","protected":false},"excerpt":{"rendered":"<table>\n<thead>\n<tr>\n<th>Technische Daten<\/th>\n<th>Details<\/th>\n<\/tr>\n<\/thead>\n<tbody>\n<tr>\n<td>Spannungsversorgung<\/td>\n<td>24V DC<\/td>\n<\/tr>\n<tr>\n<td>Erweiterbarkeit<\/td>\n<td>Loxone Link oder Tree (in der Software umschaltbar) mit bis zu 30 Extensions oder 50 Tree Ger\u00e4te<\/td>\n<\/tr>\n<tr>\n<td>Loxone Tree Schnittstelle<\/td>\n<td>Max. 50 Tree Ger\u00e4te<\/td>\n<\/tr>\n<tr>\n<td>Loxone Air Schnittstelle<\/td>\n<td>Max. 128 Air Ger\u00e4te<\/td>\n<\/tr>\n<tr>\n<td>Loxone Tree Turbo<\/td>\n<td>Performance Schnittstelle f\u00fcr Audio<\/td>\n<\/tr>\n<tr>\n<td>Zentralsteuerung<\/td>\n<td>Mit weiteren Miniservern als Gateway\/Client oder \u00fcber Netzwerk- bzw. Loxone Tree-Interkommunikation erweiterbar<\/td>\n<\/tr>\n<tr>\n<td>PicoC-Unterprogramme<\/td>\n<td>Bis zu 8 Unterprogramme in einem Programm programmierbar<\/td>\n<\/tr>\n<tr>\n<td>LAN Schnittstelle<\/td>\n<td>Ja<\/td>\n<\/tr>\n<tr>\n<td>USB Schnittstelle<\/td>\n<td>Ja<\/td>\n<\/tr>\n<tr>\n<td>SD-Karte<\/td>\n<td>Ja<\/td>\n<\/tr>\n<tr>\n<td>Platzbedarf<\/td>\n<td>6 Teilungseinheiten<\/td>\n<\/tr>\n<tr>\n<td>Digitale Eing\u00e4nge<\/td>\n<td>4<\/td>\n<\/tr>\n<tr>\n<td>Relais Ausg\u00e4nge<\/td>\n<td>2x 16A (potentialfrei)<\/td>\n<\/tr>\n<tr>\n<td>Apple HomeKit-Zertifizierung<\/td>\n<td>Ja<\/td>\n<\/tr>\n<tr>\n<td>BACnet-Zertifizierung<\/td>\n<td>BTL-31076<\/td>\n<\/tr>\n<\/tbody>\n<\/table>\n","protected":false},"featured_media":6086,"comment_status":"closed","ping_status":"closed","template":"","meta":{"_acf_changed":false},"product_cat":[254,256],"product_tag":[416,313,455],"class_list":{"0":"post-6084","1":"product","2":"type-product","3":"status-publish","4":"has-post-thumbnail","6":"product_cat-loxone","7":"product_cat-miniserver-extensions","8":"product_tag-compact","9":"product_tag-loxone","10":"product_tag-miniserver","11":"pa_menge-stueck","13":"first","14":"outofstock","15":"taxable","16":"shipping-taxable","17":"purchasable","18":"product-type-simple"},"acf":[],"_links":{"self":[{"href":"\/shop\/wp-json\/wp\/v2\/product\/6084"}],"collection":[{"href":"\/shop\/wp-json\/wp\/v2\/product"}],"about":[{"href":"\/shop\/wp-json\/wp\/v2\/types\/product"}],"replies":[{"embeddable":true,"href":"\/shop\/wp-json\/wp\/v2\/comments?post=6084"}],"wp:featuredmedia":[{"embeddable":true,"href":"\/shop\/wp-json\/wp\/v2\/media\/6086"}],"wp:attachment":[{"href":"\/shop\/wp-json\/wp\/v2\/media?parent=6084"}],"wp:term":[{"taxonomy":"product_cat","embeddable":true,"href":"\/shop\/wp-json\/wp\/v2\/product_cat?post=6084"},{"taxonomy":"product_tag","embeddable":true,"href":"\/shop\/wp-json\/wp\/v2\/product_tag?post=6084"}],"curies":[{"name":"wp","href":"https:\/\/api.w.org\/{rel}","templated":true}]}}