{"id":6090,"date":"2024-09-03T10:20:18","date_gmt":"2024-09-03T08:20:18","guid":{"rendered":"https:\/\/www.mowitech.de\/shop\/?post_type=product&#038;p=6090"},"modified":"2025-03-12T13:16:53","modified_gmt":"2025-03-12T12:16:53","slug":"rs485-extension","status":"publish","type":"product","link":"\/shop\/produkt\/rs485-extension\/","title":{"rendered":"RS485 Extension"},"content":{"rendered":"<p><strong>RS485-Erweiterungseinheit f\u00fcr den Automatisierungscontroller<\/strong><\/p>\n<p>Ideal geeignet zur Ansteuerung von RS485-f\u00e4higen Ger\u00e4ten wie z.B. Klimaanlagen, L\u00fcftungsanlagen, Fingerprint-Systemen und vielen mehr.<\/p>\n<ul>\n<li>Einfache <strong>Montage<\/strong> auf der Hutschiene nach EN50022, 35mm, 2TE breit<\/li>\n<li>Steckbare <strong>Federzugklemmen<\/strong> f\u00fcr den Anschluss der RS485-Verkabelung<\/li>\n<li>Steckbare <strong>Durchschleifklemmen<\/strong> f\u00fcr die Spannungs- und Busversorgung<\/li>\n<li>Inklusive <strong>kostenloser Updates<\/strong><\/li>\n<li>Inklusive <strong>Diagnose-Eingang<\/strong> zur Onlinestatus-\u00dcberwachung<\/li>\n<li>Kommunikation \u00fcber internen Kommunikationsbus <strong>Loxone Link<\/strong><\/li>\n<\/ul>\n","protected":false},"excerpt":{"rendered":"<table border=\"1\">\n<thead>\n<tr>\n<th>Technische Daten<\/th>\n<th>Details<\/th>\n<\/tr>\n<\/thead>\n<tbody>\n<tr>\n<td>Spannungsversorgung<\/td>\n<td>24V DC<\/td>\n<\/tr>\n<tr>\n<td>Einbindung von Ger\u00e4ten<\/td>\n<td>Bis zu 32 Ger\u00e4te bei einer Kabell\u00e4nge von maximal 1200m<\/td>\n<\/tr>\n<tr>\n<td>Baudrate und Parit\u00e4t<\/td>\n<td>Einstellbar<\/td>\n<\/tr>\n<\/tbody>\n<\/table>\n","protected":false},"featured_media":6092,"comment_status":"closed","ping_status":"closed","template":"","meta":{"_acf_changed":false},"product_cat":[254,256],"product_tag":[408,313,454],"class_list":{"0":"post-6090","1":"product","2":"type-product","3":"status-publish","4":"has-post-thumbnail","6":"product_cat-loxone","7":"product_cat-miniserver-extensions","8":"product_tag-extension","9":"product_tag-loxone","10":"product_tag-rs485","11":"pa_menge-stueck","13":"first","14":"instock","15":"taxable","16":"shipping-taxable","17":"purchasable","18":"product-type-simple"},"acf":[],"_links":{"self":[{"href":"\/shop\/wp-json\/wp\/v2\/product\/6090"}],"collection":[{"href":"\/shop\/wp-json\/wp\/v2\/product"}],"about":[{"href":"\/shop\/wp-json\/wp\/v2\/types\/product"}],"replies":[{"embeddable":true,"href":"\/shop\/wp-json\/wp\/v2\/comments?post=6090"}],"wp:featuredmedia":[{"embeddable":true,"href":"\/shop\/wp-json\/wp\/v2\/media\/6092"}],"wp:attachment":[{"href":"\/shop\/wp-json\/wp\/v2\/media?parent=6090"}],"wp:term":[{"taxonomy":"product_cat","embeddable":true,"href":"\/shop\/wp-json\/wp\/v2\/product_cat?post=6090"},{"taxonomy":"product_tag","embeddable":true,"href":"\/shop\/wp-json\/wp\/v2\/product_tag?post=6090"}],"curies":[{"name":"wp","href":"https:\/\/api.w.org\/{rel}","templated":true}]}}