{"id":6111,"date":"2024-09-03T10:52:17","date_gmt":"2024-09-03T08:52:17","guid":{"rendered":"https:\/\/www.mowitech.de\/shop\/?post_type=product&#038;p=6111"},"modified":"2025-03-12T13:07:31","modified_gmt":"2025-03-12T12:07:31","slug":"froeling-extension","status":"publish","type":"product","link":"\/shop\/produkt\/froeling-extension\/","title":{"rendered":"Fr\u00f6ling Extension"},"content":{"rendered":"<p><strong>Erweiterungseinheit zur Einbindung von Fr\u00f6ling Heizungsanlagen f\u00fcr den Automatisierungscontroller<\/strong><\/p>\n<p>Ideal geeignet zur gezielten Ansteuerung des Heizkessels basierend auf dem Raumbedarf durch punktgenaue Ermittlung der Vorlauftemperatur bis zu 30% Energieersparnis.<\/p>\n<p>Inklusive \u00dcberwachung aller Heizungsparameter (Puffer-, Boiler- und Vorlauftemperatur, sowie Status der Heizkreispumpen und weitere verschiedene Kesselwerte).<\/p>\n<ul>\n<li>Einfache <strong>Montage<\/strong> auf der Hutschiene nach EN50022, 35mm, 2TE breit<\/li>\n<li>Steckbare <strong>Federzugklemmen<\/strong> f\u00fcr den Anschluss der Fr\u00f6ling-Verkabelung<\/li>\n<li>Steckbare <strong>Durchschleifklemmen<\/strong> f\u00fcr die Spannungs- und Busversorgung<\/li>\n<li>Inklusive <strong>kostenloser Updates<\/strong><\/li>\n<li>Inklusive <strong>Diagnose-Eingang<\/strong> zur Onlinestatus-\u00dcberwachung<\/li>\n<li>Kommunikation \u00fcber internen Kommunikationsbus <strong>Loxone Link<\/strong><\/li>\n<\/ul>\n","protected":false},"excerpt":{"rendered":"<table>\n<thead>\n<tr>\n<th>Technische Daten<\/th>\n<th>Details<\/th>\n<\/tr>\n<\/thead>\n<tbody>\n<tr>\n<td>Spannungsversorgung<\/td>\n<td>24V DC<\/td>\n<\/tr>\n<tr>\n<td>Einbindung<\/td>\n<td>Bis zu 18 Heizkreise, 8 Boiler oder 4 Pufferspeicher<\/td>\n<\/tr>\n<tr>\n<td>Kabell\u00e4nge<\/td>\n<td>Maximal 15m<\/td>\n<\/tr>\n<tr>\n<td>Software-Anforderung<\/td>\n<td>Fr\u00f6ling Software 5.11 oder h\u00f6her erforderlich<\/td>\n<\/tr>\n<\/tbody>\n<\/table>\n","protected":false},"featured_media":6113,"comment_status":"closed","ping_status":"closed","template":"","meta":{"_acf_changed":false},"product_cat":[254,256],"product_tag":[408,448,313],"class_list":{"0":"post-6111","1":"product","2":"type-product","3":"status-publish","4":"has-post-thumbnail","6":"product_cat-loxone","7":"product_cat-miniserver-extensions","8":"product_tag-extension","9":"product_tag-froeling","10":"product_tag-loxone","11":"pa_menge-stueck","13":"first","14":"outofstock","15":"taxable","16":"shipping-taxable","17":"purchasable","18":"product-type-simple"},"acf":[],"_links":{"self":[{"href":"\/shop\/wp-json\/wp\/v2\/product\/6111"}],"collection":[{"href":"\/shop\/wp-json\/wp\/v2\/product"}],"about":[{"href":"\/shop\/wp-json\/wp\/v2\/types\/product"}],"replies":[{"embeddable":true,"href":"\/shop\/wp-json\/wp\/v2\/comments?post=6111"}],"wp:featuredmedia":[{"embeddable":true,"href":"\/shop\/wp-json\/wp\/v2\/media\/6113"}],"wp:attachment":[{"href":"\/shop\/wp-json\/wp\/v2\/media?parent=6111"}],"wp:term":[{"taxonomy":"product_cat","embeddable":true,"href":"\/shop\/wp-json\/wp\/v2\/product_cat?post=6111"},{"taxonomy":"product_tag","embeddable":true,"href":"\/shop\/wp-json\/wp\/v2\/product_tag?post=6111"}],"curies":[{"name":"wp","href":"https:\/\/api.w.org\/{rel}","templated":true}]}}