{"id":6114,"date":"2024-09-03T10:55:43","date_gmt":"2024-09-03T08:55:43","guid":{"rendered":"https:\/\/www.mowitech.de\/shop\/?post_type=product&#038;p=6114"},"modified":"2025-03-12T13:05:31","modified_gmt":"2025-03-12T12:05:31","slug":"dali-extension","status":"publish","type":"product","link":"\/shop\/produkt\/dali-extension\/","title":{"rendered":"DALI Extension"},"content":{"rendered":"<p><strong>DALI-Erweiterungseinheit f\u00fcr den Automatisierungscontroller<\/strong><\/p>\n<p>Ideal geeignet zur Ansteuerung DALI-f\u00e4higer Leuchtmittel, vor allem gr\u00f6\u00dferer Lichtgruppen zur Umsetzung von Beleuchtungssteuerungen in Wohnbauten, Hotels, B\u00fcros oder Industrieprojekten.<\/p>\n<ul>\n<li>Einfache <strong>Montage<\/strong> auf der Hutschiene nach EN50022, 35mm, 2TE breit<\/li>\n<li>Steckbare <strong>Schraubklemmen<\/strong> f\u00fcr den Anschluss der DALI-Verkabelung<\/li>\n<li>Steckbare <strong>Durchschleifklemmen<\/strong> f\u00fcr die Spannungs- und Busversorgung<\/li>\n<li>Inklusive <strong>kostenloser Updates<\/strong><\/li>\n<li>Inklusive <strong>kostenfreier Konfigurationssoftware<\/strong> zur Adressvergabe<\/li>\n<li>Inklusive <strong>Diagnose-Eingang<\/strong> zur Onlinestatus-\u00dcberwachung<\/li>\n<li>Kommunikation \u00fcber internen Kommunikationsbus <strong>Loxone Link<\/strong><\/li>\n<\/ul>\n","protected":false},"excerpt":{"rendered":"<table>\n<thead>\n<tr>\n<th>Technische Daten<\/th>\n<th>Details<\/th>\n<\/tr>\n<\/thead>\n<tbody>\n<tr>\n<td>Spannungsversorgung Extension<\/td>\n<td>24V DC<\/td>\n<\/tr>\n<tr>\n<td>Spannungsversorgung DALI<\/td>\n<td>16V DC, abschaltbar<\/td>\n<\/tr>\n<tr>\n<td>Einbindung<\/td>\n<td>Bis zu 64 DALI-Ger\u00e4te in 16 Gruppen, Typen 0-8<\/td>\n<\/tr>\n<tr>\n<td>Kabell\u00e4nge<\/td>\n<td>Maximal 300m bei 1,5mm\u00b2<\/td>\n<\/tr>\n<\/tbody>\n<\/table>\n","protected":false},"featured_media":6116,"comment_status":"closed","ping_status":"closed","template":"","meta":{"_acf_changed":false},"product_cat":[254,256],"product_tag":[375,408,313],"class_list":{"0":"post-6114","1":"product","2":"type-product","3":"status-publish","4":"has-post-thumbnail","6":"product_cat-loxone","7":"product_cat-miniserver-extensions","8":"product_tag-dali","9":"product_tag-extension","10":"product_tag-loxone","11":"pa_menge-stueck","13":"first","14":"outofstock","15":"taxable","16":"shipping-taxable","17":"purchasable","18":"product-type-simple"},"acf":[],"_links":{"self":[{"href":"\/shop\/wp-json\/wp\/v2\/product\/6114"}],"collection":[{"href":"\/shop\/wp-json\/wp\/v2\/product"}],"about":[{"href":"\/shop\/wp-json\/wp\/v2\/types\/product"}],"replies":[{"embeddable":true,"href":"\/shop\/wp-json\/wp\/v2\/comments?post=6114"}],"wp:featuredmedia":[{"embeddable":true,"href":"\/shop\/wp-json\/wp\/v2\/media\/6116"}],"wp:attachment":[{"href":"\/shop\/wp-json\/wp\/v2\/media?parent=6114"}],"wp:term":[{"taxonomy":"product_cat","embeddable":true,"href":"\/shop\/wp-json\/wp\/v2\/product_cat?post=6114"},{"taxonomy":"product_tag","embeddable":true,"href":"\/shop\/wp-json\/wp\/v2\/product_tag?post=6114"}],"curies":[{"name":"wp","href":"https:\/\/api.w.org\/{rel}","templated":true}]}}