{"id":6138,"date":"2024-09-03T11:14:35","date_gmt":"2024-09-03T09:14:35","guid":{"rendered":"https:\/\/www.mowitech.de\/shop\/?post_type=product&#038;p=6138"},"modified":"2025-03-12T12:58:10","modified_gmt":"2025-03-12T11:58:10","slug":"schueco-extension","status":"publish","type":"product","link":"\/shop\/produkt\/schueco-extension\/","title":{"rendered":"Sch\u00fcco Extension"},"content":{"rendered":"<p><strong>Erweiterungseinheit zur Einbindung von Sch\u00fcco Fenster &amp; T\u00fcren f\u00fcr den Automatisierungscontroller<\/strong><\/p>\n<p>Ideal geeignet zur Ansteuerung (\u00f6ffnen, schlie\u00dfen, kippen, stoppen) von Sch\u00fcco TipTronic SimplySmart Fenster- &amp; Schiebet\u00fcren inklusive \u00dcberwachung aller sicherheitsrelevanten Parameter (\u00d6ffnungsweite &amp; Verriegelungszust\u00e4nde).<\/p>\n<ul>\n<li>Einfache Montage auf der Hutschiene nach EN50022, 35mm, 2TE breit<\/li>\n<li>Steckbare Federzugklemmen f\u00fcr den Anschluss der Sch\u00fcco-Verkabelung<\/li>\n<li>Steckbare Durchschleifklemmen f\u00fcr die Spannungs- und Busversorgung<\/li>\n<li>Inklusive kostenloser Updates<\/li>\n<li>Inklusive Diagnose-Eingang zur Onlinestatus-\u00dcberwachung<\/li>\n<li>Kommunikation \u00fcber internen Kommunikationsbus Loxone Link<\/li>\n<\/ul>\n","protected":false},"excerpt":{"rendered":"<table>\n<thead>\n<tr>\n<th>Technische Daten<\/th>\n<th>Details<\/th>\n<\/tr>\n<\/thead>\n<tbody>\n<tr>\n<td>Spannungsversorgung<\/td>\n<td>24V DC<\/td>\n<\/tr>\n<tr>\n<td>Einbindung<\/td>\n<td>Bis zu 30 Sch\u00fcco Elementbus-Ger\u00e4te<\/td>\n<\/tr>\n<tr>\n<td>Maximale Kabell\u00e4nge<\/td>\n<td>500m<\/td>\n<\/tr>\n<tr>\n<td>Erforderliche Software<\/td>\n<td>Sch\u00fcco ETA Software<\/td>\n<\/tr>\n<\/tbody>\n<\/table>\n","protected":false},"featured_media":6140,"comment_status":"closed","ping_status":"closed","template":"","meta":{"_acf_changed":false},"product_cat":[254,256],"product_tag":[408,313,443],"class_list":{"0":"post-6138","1":"product","2":"type-product","3":"status-publish","4":"has-post-thumbnail","6":"product_cat-loxone","7":"product_cat-miniserver-extensions","8":"product_tag-extension","9":"product_tag-loxone","10":"product_tag-schueco","11":"pa_menge-stueck","13":"first","14":"outofstock","15":"taxable","16":"shipping-taxable","17":"purchasable","18":"product-type-simple"},"acf":[],"_links":{"self":[{"href":"\/shop\/wp-json\/wp\/v2\/product\/6138"}],"collection":[{"href":"\/shop\/wp-json\/wp\/v2\/product"}],"about":[{"href":"\/shop\/wp-json\/wp\/v2\/types\/product"}],"replies":[{"embeddable":true,"href":"\/shop\/wp-json\/wp\/v2\/comments?post=6138"}],"wp:featuredmedia":[{"embeddable":true,"href":"\/shop\/wp-json\/wp\/v2\/media\/6140"}],"wp:attachment":[{"href":"\/shop\/wp-json\/wp\/v2\/media?parent=6138"}],"wp:term":[{"taxonomy":"product_cat","embeddable":true,"href":"\/shop\/wp-json\/wp\/v2\/product_cat?post=6138"},{"taxonomy":"product_tag","embeddable":true,"href":"\/shop\/wp-json\/wp\/v2\/product_tag?post=6138"}],"curies":[{"name":"wp","href":"https:\/\/api.w.org\/{rel}","templated":true}]}}