{"id":6141,"date":"2024-09-03T11:17:28","date_gmt":"2024-09-03T09:17:28","guid":{"rendered":"https:\/\/www.mowitech.de\/shop\/?post_type=product&#038;p=6141"},"modified":"2025-03-12T12:55:40","modified_gmt":"2025-03-12T11:55:40","slug":"multi-extension-air","status":"publish","type":"product","link":"\/shop\/produkt\/multi-extension-air\/","title":{"rendered":"Multi Extension Air"},"content":{"rendered":"<p><strong>Erweiterung der digitalen Ein- und Ausg\u00e4nge f\u00fcr den Automatisierungscontroller \u00fcber Funk<\/strong><\/p>\n<p>Zum Einsatz im gesch\u00fctzten Au\u00dfenbereich wie z.B. Garten, Pool und Auffahrt.<\/p>\n<p>Ideal geeignet zum Schalten von Bew\u00e4sserungsventilen, Poolsteuerung und Lampen, sowie zum Auslesen von 1-Wire-Sensoren und zum Ansteuern von PWM-Leuchten \/ LED-Streifen.<\/p>\n<ul>\n<li>Mit 8 unabh\u00e4ngig schaltbaren und potentialfreien Relaisausg\u00e4ngen im Schlie\u00dfer-Betrieb.<\/li>\n<li>Mit 12 digitalen Eing\u00e4ngen oder Frequenzz\u00e4hlern bis zu 500Hz.<\/li>\n<li>Mit 4 PWM-Ausg\u00e4ngen (RGBW) und einer 1-Wire-Schnittstelle.<\/li>\n<li>Mit SMA-Gewindebuchse f\u00fcr den Antennenanschluss (Antenne verl\u00e4ngerbar \/ versetzbar).<\/li>\n<li>Einfache Montage auf der Hutschiene nach EN50022, 35mm, 9TE breit.<\/li>\n<li>Steckbare Schraubklemmen f\u00fcr jeden einzelnen Ein- und Ausgang, PWM und 1-Wire.<\/li>\n<li>Steckbare Schraubklemme f\u00fcr die Spannungsversorgung.<\/li>\n<li>Einfache Einbindung \u00fcber Loxone Air Ger\u00e4tesuche.<\/li>\n<li>IPSec verschl\u00fcsselt, bidirektionale Kommunikation.<\/li>\n<li>Mesh-Technologie (leitet Funksignale weiter und erh\u00f6ht dadurch die Netzabdeckung).<\/li>\n<li>Inklusive kostenloser Updates (updatef\u00e4hig \u00fcber Funk).<\/li>\n<li>Inklusive Diagnose-Eing\u00e4nge f\u00fcr Onlinestatus, Systemtemperatur und Temperaturabschaltung.<\/li>\n<li>Kommunikation mit Automatisierungscontroller \u00fcber Geb\u00e4udefunk-Technologie Loxone Air.<\/li>\n<\/ul>\n","protected":false},"excerpt":{"rendered":"<table>\n<thead>\n<tr>\n<th>Technische Daten<\/th>\n<th>Details<\/th>\n<\/tr>\n<\/thead>\n<tbody>\n<tr>\n<td>Spannungsversorgung<\/td>\n<td>24V DC<\/td>\n<\/tr>\n<tr>\n<td>Digitale Eing\u00e4nge<\/td>\n<td>12 digitale Eing\u00e4nge 24V DC \/ Frequenzz\u00e4hler bis 500Hz, Impulsbreite = 3ms und Genauigkeit \u00b11Hz<\/td>\n<\/tr>\n<tr>\n<td>Digitale Ausg\u00e4nge<\/td>\n<td>8 digitale Ausg\u00e4nge (Relais), bistabil, potentialfrei, max. 250V AC; 16A (IEC)<\/td>\n<\/tr>\n<tr>\n<td>Gesamtlast Extension<\/td>\n<td>max. 48A<\/td>\n<\/tr>\n<tr>\n<td>PWM Ausg\u00e4nge<\/td>\n<td>4 PWM Ausg\u00e4nge (2,1A pro Kanal, 24 V DC), RGBW-geeignet<\/td>\n<\/tr>\n<tr>\n<td>1-Wire-Schnittstelle<\/td>\n<td>F\u00fcr maximal 20 Sensoren bei maximal 50mA<\/td>\n<\/tr>\n<tr>\n<td>Frequenz (Europa)<\/td>\n<td>868MHz, 4 Kan\u00e4le w\u00e4hlbar<\/td>\n<\/tr>\n<tr>\n<td>Frequenz (US)<\/td>\n<td>915MHz, 10 Kan\u00e4le w\u00e4hlbar<\/td>\n<\/tr>\n<\/tbody>\n<\/table>\n","protected":false},"featured_media":6144,"comment_status":"closed","ping_status":"closed","template":"","meta":{"_acf_changed":false},"product_cat":[254,256],"product_tag":[315,408,313,407],"class_list":{"0":"post-6141","1":"product","2":"type-product","3":"status-publish","4":"has-post-thumbnail","6":"product_cat-loxone","7":"product_cat-miniserver-extensions","8":"product_tag-air","9":"product_tag-extension","10":"product_tag-loxone","11":"product_tag-multi","12":"pa_menge-stueck","14":"first","15":"instock","16":"taxable","17":"shipping-taxable","18":"purchasable","19":"product-type-simple"},"acf":[],"_links":{"self":[{"href":"\/shop\/wp-json\/wp\/v2\/product\/6141"}],"collection":[{"href":"\/shop\/wp-json\/wp\/v2\/product"}],"about":[{"href":"\/shop\/wp-json\/wp\/v2\/types\/product"}],"replies":[{"embeddable":true,"href":"\/shop\/wp-json\/wp\/v2\/comments?post=6141"}],"wp:featuredmedia":[{"embeddable":true,"href":"\/shop\/wp-json\/wp\/v2\/media\/6144"}],"wp:attachment":[{"href":"\/shop\/wp-json\/wp\/v2\/media?parent=6141"}],"wp:term":[{"taxonomy":"product_cat","embeddable":true,"href":"\/shop\/wp-json\/wp\/v2\/product_cat?post=6141"},{"taxonomy":"product_tag","embeddable":true,"href":"\/shop\/wp-json\/wp\/v2\/product_tag?post=6141"}],"curies":[{"name":"wp","href":"https:\/\/api.w.org\/{rel}","templated":true}]}}