{"id":6145,"date":"2024-09-03T11:19:17","date_gmt":"2024-09-03T09:19:17","guid":{"rendered":"https:\/\/www.mowitech.de\/shop\/?post_type=product&#038;p=6145"},"modified":"2025-03-12T12:55:03","modified_gmt":"2025-03-12T11:55:03","slug":"m-bus-extension","status":"publish","type":"product","link":"\/shop\/produkt\/m-bus-extension\/","title":{"rendered":"M-Bus Extension"},"content":{"rendered":"<p><strong>M-Bus &#8211; Erweiterungseinheit f\u00fcr den Automatisierungscontroller<\/strong><\/p>\n<p>Zur Erfassung von Daten und Statistiken zur Optimierung des Energiemanagements<\/p>\n<p>Ideal geeignet zur Ansteuerung M-Bus-f\u00e4higer Ger\u00e4te wie z.B. Strom-, Gas-, Wasser- oder Energiez\u00e4hler und vielen mehr.<\/p>\n<p>Einfache Montage auf der Hutschiene nach EN50022, 35mm, 2TE breit<\/p>\n<ul>\n<li>Steckbare Federzugklemmen f\u00fcr den Anschluss der M-Bus-Verkabelung<\/li>\n<li>Steckbare Durchschleifklemmen f\u00fcr die Spannungs- und Busversorgung<\/li>\n<li>Inklusive kostenloser Updates<\/li>\n<li>Inklusive Diagnose-Eingang zur Onlinestatus-\u00dcberwachung<\/li>\n<\/ul>\n<p>Kommunikation \u00fcber internen Kommunikationsbus Loxone Link<\/p>\n","protected":false},"excerpt":{"rendered":"<table>\n<thead>\n<tr>\n<th>Technische Daten<\/th>\n<th>Details<\/th>\n<\/tr>\n<\/thead>\n<tbody>\n<tr>\n<td>Spannungsversorgung<\/td>\n<td>24V DC<\/td>\n<\/tr>\n<tr>\n<td>Einbindung<\/td>\n<td>Bis zu 30 M-Bus Ger\u00e4te<\/td>\n<\/tr>\n<tr>\n<td>Kabell\u00e4nge<\/td>\n<td>Maximal bis zu 100m<\/td>\n<\/tr>\n<tr>\n<td>Verdrahtung<\/td>\n<td>Einfache Verdrahtung: verpolungssicher<\/td>\n<\/tr>\n<tr>\n<td>Baudraten<\/td>\n<td>Unterst\u00fctzt unterschiedliche Baudraten (300-9600 bd) am selben Bus<\/td>\n<\/tr>\n<tr>\n<td>Konfiguration<\/td>\n<td>Z\u00e4hlertypen und Eing\u00e4nge einschlie\u00dflich Einheiten werden automatisch konfiguriert<\/td>\n<\/tr>\n<tr>\n<td>Normen<\/td>\n<td>Vollst\u00e4ndig konform mit EN13757<\/td>\n<\/tr>\n<tr>\n<td>Minimum Abfragezyklus<\/td>\n<td>1 Sekunde<\/td>\n<\/tr>\n<\/tbody>\n<\/table>\n","protected":false},"featured_media":6148,"comment_status":"closed","ping_status":"closed","template":"","meta":{"_acf_changed":false},"product_cat":[254,256],"product_tag":[408,313,442],"class_list":{"0":"post-6145","1":"product","2":"type-product","3":"status-publish","4":"has-post-thumbnail","6":"product_cat-loxone","7":"product_cat-miniserver-extensions","8":"product_tag-extension","9":"product_tag-loxone","10":"product_tag-m-bus","11":"pa_menge-stueck","13":"first","14":"instock","15":"taxable","16":"shipping-taxable","17":"purchasable","18":"product-type-simple"},"acf":[],"_links":{"self":[{"href":"\/shop\/wp-json\/wp\/v2\/product\/6145"}],"collection":[{"href":"\/shop\/wp-json\/wp\/v2\/product"}],"about":[{"href":"\/shop\/wp-json\/wp\/v2\/types\/product"}],"replies":[{"embeddable":true,"href":"\/shop\/wp-json\/wp\/v2\/comments?post=6145"}],"wp:featuredmedia":[{"embeddable":true,"href":"\/shop\/wp-json\/wp\/v2\/media\/6148"}],"wp:attachment":[{"href":"\/shop\/wp-json\/wp\/v2\/media?parent=6145"}],"wp:term":[{"taxonomy":"product_cat","embeddable":true,"href":"\/shop\/wp-json\/wp\/v2\/product_cat?post=6145"},{"taxonomy":"product_tag","embeddable":true,"href":"\/shop\/wp-json\/wp\/v2\/product_tag?post=6145"}],"curies":[{"name":"wp","href":"https:\/\/api.w.org\/{rel}","templated":true}]}}