{"id":6155,"date":"2024-09-03T11:59:42","date_gmt":"2024-09-03T09:59:42","guid":{"rendered":"https:\/\/www.mowitech.de\/shop\/?post_type=product&#038;p=6155"},"modified":"2025-03-12T12:52:50","modified_gmt":"2025-03-12T11:52:50","slug":"audioserver","status":"publish","type":"product","link":"\/shop\/produkt\/audioserver\/","title":{"rendered":"Audioserver"},"content":{"rendered":"<p>Musikcontroller-Erweiterungszentrale f\u00fcr den Automatisierungscontroller<\/p>\n<p>Ideal geeignet zur Musikbeschallung, akustischen Alarmierung in Geb\u00e4uden oder f\u00fcr Durchsagen.<\/p>\n<p>Flexibler Einsatz durch mehrere individuell konfigurierbare Musikzonen (Multiroom Audio System)<\/p>\n<ul class=\"styled-list\">\n<li>Mit 4 Verst\u00e4rkerausg\u00e4ngen f\u00fcr insgesamt 4 Lautsprecher (4-8 Ohm)<\/li>\n<li>Mit 1 SPDIF-Ausgang (digital elektrisch), 1 Line-Out (analog) und 1 Line-In (analog)<\/li>\n<li>Mit 1 USB 2.0-Schnittstelle f\u00fcr Netzwerkspeichermedien<\/li>\n<li>Mit LAN-Schnittstelle (HTTPS \/ SSL-Verschl\u00fcsselung \/ 100Mbps \/ IPv4 \/ IPv6)<\/li>\n<li>Einfache Montage auf der Hutschiene nach EN50022, 35mm, 9TE breit<\/li>\n<li>Steckbare Schraubklemmen f\u00fcr die Verst\u00e4rkerausg\u00e4nge und Spannungsversorgung<\/li>\n<li>Steckbare Durchschleifklemmen f\u00fcr die Busversorgung<\/li>\n<li>Inklusive kostenloser Updates und Visualisierung<\/li>\n<li>Inklusive Diagnose-Eing\u00e4nge zur Onlinestatus-\u00dcberwachung und Temperaturabschaltung<\/li>\n<li>Kommunikation mit Automatisierungscontroller \u00fcber LAN<\/li>\n<li>Streaming via Spotify, Apple AirPlay 2, Internetradio und NAS<\/li>\n<li>Externe Quellen via Line-In und USB (Festplatten oder Sticks)<\/li>\n<li>Text-to-Speech (TTS)-Nachrichten<\/li>\n<li>Verst\u00e4rkerausg\u00e4nge erweiterbar durch Stereo Extensions<\/li>\n<li>Kommunikation mit Erweiterungen \u00fcber internen Kommunikationsbus Loxone Tree Turbo<\/li>\n<li>Gesamtsystem erweiterbar mit weiteren Audioservern<\/li>\n<\/ul>\n","protected":false},"excerpt":{"rendered":"<table class=\"styled-table\">\n<thead>\n<tr>\n<th>Technische Daten<\/th>\n<th>Details<\/th>\n<\/tr>\n<\/thead>\n<tbody>\n<tr>\n<td>Spannungsversorgung<\/td>\n<td>24V DC<\/td>\n<\/tr>\n<tr>\n<td>Leistungsaufnahme<\/td>\n<td>162,7W peak, mindestens 72W Netzteil empfohlen<\/td>\n<\/tr>\n<tr>\n<td>Kan\u00e4le<\/td>\n<td>4 Kan\u00e4le (4-8 Ohm) mit je max. 50W Spitzenleistung \/ 18W RMS-Leistung bei 44,1kHz Abtastrate<\/td>\n<\/tr>\n<tr>\n<td>SPDIF-Ausgang<\/td>\n<td>1 SPDIF-Ausgang mit 48kHz Abtastrate<\/td>\n<\/tr>\n<tr>\n<td>Line-Out \/ Line-In<\/td>\n<td>1 Line-Out und 1 Line-In mit 44,1kHz Abtastrate<\/td>\n<\/tr>\n<tr>\n<td>Erweiterbarkeit<\/td>\n<td>\u00dcber Loxone Tree Turbo Schnittstelle um bis zu 10 Stereo Extensions erweiterbar<\/td>\n<\/tr>\n<tr>\n<td>Kabell\u00e4nge<\/td>\n<td>Maximal 150m<\/td>\n<\/tr>\n<\/tbody>\n<\/table>\n","protected":false},"featured_media":6158,"comment_status":"closed","ping_status":"closed","template":"","meta":{"_acf_changed":false},"product_cat":[259,254],"product_tag":[440,439,313,441],"class_list":{"0":"post-6155","1":"product","2":"type-product","3":"status-publish","4":"has-post-thumbnail","6":"product_cat-audio","7":"product_cat-loxone","8":"product_tag-audio","9":"product_tag-audioserver","10":"product_tag-loxone","11":"product_tag-server","12":"pa_menge-stueck","14":"first","15":"instock","16":"taxable","17":"shipping-taxable","18":"purchasable","19":"product-type-simple"},"acf":[],"_links":{"self":[{"href":"\/shop\/wp-json\/wp\/v2\/product\/6155"}],"collection":[{"href":"\/shop\/wp-json\/wp\/v2\/product"}],"about":[{"href":"\/shop\/wp-json\/wp\/v2\/types\/product"}],"replies":[{"embeddable":true,"href":"\/shop\/wp-json\/wp\/v2\/comments?post=6155"}],"wp:featuredmedia":[{"embeddable":true,"href":"\/shop\/wp-json\/wp\/v2\/media\/6158"}],"wp:attachment":[{"href":"\/shop\/wp-json\/wp\/v2\/media?parent=6155"}],"wp:term":[{"taxonomy":"product_cat","embeddable":true,"href":"\/shop\/wp-json\/wp\/v2\/product_cat?post=6155"},{"taxonomy":"product_tag","embeddable":true,"href":"\/shop\/wp-json\/wp\/v2\/product_tag?post=6155"}],"curies":[{"name":"wp","href":"https:\/\/api.w.org\/{rel}","templated":true}]}}