{"id":6163,"date":"2024-09-03T12:22:54","date_gmt":"2024-09-03T10:22:54","guid":{"rendered":"https:\/\/www.mowitech.de\/shop\/?post_type=product&#038;p=6163"},"modified":"2025-03-12T12:21:48","modified_gmt":"2025-03-12T11:21:48","slug":"betoneinbaubox-install-7","status":"publish","type":"product","link":"\/shop\/produkt\/betoneinbaubox-install-7\/","title":{"rendered":"Betoneinbaubox Install 7"},"content":{"rendered":"<ul class=\"styled-list\">\n<li>Transparente Einbaubox f\u00fcr Lautsprecher<\/li>\n<li>Ideal geeignet zum Einbau in Decken oder W\u00e4nde aus Beton (Sichtbeton oder verkleideter)<\/li>\n<li>Mit rundem 210mm Auslass, optimal f\u00fcr Loxone Speaker<\/li>\n<li>Geringe Einbautiefe von 110mm<\/li>\n<li>Sehr gute Resonanz dank 7,2l Volumen<\/li>\n<li>Einfache Montage und einfaches Ausrichten dank transparentem Material<\/li>\n<li>Mit Rohrdurchf\u00fchrungen f\u00fcr eine leichte Kabeleinf\u00fchrung<\/li>\n<\/ul>\n","protected":false},"excerpt":{"rendered":"<table class=\"styled-table\">\n<thead>\n<tr>\n<th>Technische Daten<\/th>\n<th>Details<\/th>\n<\/tr>\n<\/thead>\n<tbody>\n<tr>\n<td>Ma\u00dfe<\/td>\n<td>310 x 310 mm<\/td>\n<\/tr>\n<tr>\n<td>Rohreinf\u00fchrungen<\/td>\n<td>2x M20, 2x M25<\/td>\n<\/tr>\n<tr>\n<td>Material<\/td>\n<td>Polycarbonat, halogenfrei<\/td>\n<\/tr>\n<\/tbody>\n<\/table>\n","protected":false},"featured_media":6164,"comment_status":"closed","ping_status":"closed","template":"","meta":{"_acf_changed":false},"product_cat":[259,254],"product_tag":[437,424,313],"class_list":{"0":"post-6163","1":"product","2":"type-product","3":"status-publish","4":"has-post-thumbnail","6":"product_cat-audio","7":"product_cat-loxone","8":"product_tag-betoneinbaubox","9":"product_tag-install","10":"product_tag-loxone","11":"pa_menge-stueck","13":"first","14":"instock","15":"taxable","16":"shipping-taxable","17":"purchasable","18":"product-type-simple"},"acf":[],"_links":{"self":[{"href":"\/shop\/wp-json\/wp\/v2\/product\/6163"}],"collection":[{"href":"\/shop\/wp-json\/wp\/v2\/product"}],"about":[{"href":"\/shop\/wp-json\/wp\/v2\/types\/product"}],"replies":[{"embeddable":true,"href":"\/shop\/wp-json\/wp\/v2\/comments?post=6163"}],"wp:featuredmedia":[{"embeddable":true,"href":"\/shop\/wp-json\/wp\/v2\/media\/6164"}],"wp:attachment":[{"href":"\/shop\/wp-json\/wp\/v2\/media?parent=6163"}],"wp:term":[{"taxonomy":"product_cat","embeddable":true,"href":"\/shop\/wp-json\/wp\/v2\/product_cat?post=6163"},{"taxonomy":"product_tag","embeddable":true,"href":"\/shop\/wp-json\/wp\/v2\/product_tag?post=6163"}],"curies":[{"name":"wp","href":"https:\/\/api.w.org\/{rel}","templated":true}]}}