{"id":6168,"date":"2024-09-03T12:28:00","date_gmt":"2024-09-03T10:28:00","guid":{"rendered":"https:\/\/www.mowitech.de\/shop\/?post_type=product&#038;p=6168"},"modified":"2025-03-12T12:15:56","modified_gmt":"2025-03-12T11:15:56","slug":"einbaugehaeuse-install-10","status":"publish","type":"product","link":"\/shop\/produkt\/einbaugehaeuse-install-10\/","title":{"rendered":"Einbaugeh\u00e4use Install 10"},"content":{"rendered":"<ul class=\"styled-list\">\n<li>Einbaubox aus MDF und Sperrholz f\u00fcr Lautsprecher<\/li>\n<li>Ideal geeignet zum Einbau in abgeh\u00e4ngte Decken oder Holzriegelbauweise<\/li>\n<li>Mit rundem 258mm Auslass, optimal f\u00fcr Loxone Speaker<\/li>\n<li>Geringe Einbautiefe von 136mm<\/li>\n<li>Sehr gute Resonanz dank 18l Volumen<\/li>\n<li>Einfache Montage dank vorgebohrter L\u00f6cher und Einfr\u00e4sungen<\/li>\n<li>Mit Rohrdurchf\u00fchrungen f\u00fcr eine leichte Kabeleinf\u00fchrung<\/li>\n<\/ul>\n","protected":false},"excerpt":{"rendered":"<table class=\"styled-table\">\n<thead>\n<tr>\n<th>Technische Daten<\/th>\n<th>Details<\/th>\n<\/tr>\n<\/thead>\n<tbody>\n<tr>\n<td>Ma\u00dfe<\/td>\n<td>475&#215;475 mm<\/td>\n<\/tr>\n<tr>\n<td>Kabelzuf\u00fchrung<\/td>\n<td>2x 20mm<\/td>\n<\/tr>\n<\/tbody>\n<\/table>\n","protected":false},"featured_media":6171,"comment_status":"closed","ping_status":"closed","template":"","meta":{"_acf_changed":false},"product_cat":[259,254],"product_tag":[436,424,313],"class_list":{"0":"post-6168","1":"product","2":"type-product","3":"status-publish","4":"has-post-thumbnail","6":"product_cat-audio","7":"product_cat-loxone","8":"product_tag-einbaugehaeuse","9":"product_tag-install","10":"product_tag-loxone","11":"pa_menge-stueck","13":"first","14":"instock","15":"taxable","16":"shipping-taxable","17":"purchasable","18":"product-type-simple"},"acf":[],"_links":{"self":[{"href":"\/shop\/wp-json\/wp\/v2\/product\/6168"}],"collection":[{"href":"\/shop\/wp-json\/wp\/v2\/product"}],"about":[{"href":"\/shop\/wp-json\/wp\/v2\/types\/product"}],"replies":[{"embeddable":true,"href":"\/shop\/wp-json\/wp\/v2\/comments?post=6168"}],"wp:featuredmedia":[{"embeddable":true,"href":"\/shop\/wp-json\/wp\/v2\/media\/6171"}],"wp:attachment":[{"href":"\/shop\/wp-json\/wp\/v2\/media?parent=6168"}],"wp:term":[{"taxonomy":"product_cat","embeddable":true,"href":"\/shop\/wp-json\/wp\/v2\/product_cat?post=6168"},{"taxonomy":"product_tag","embeddable":true,"href":"\/shop\/wp-json\/wp\/v2\/product_tag?post=6168"}],"curies":[{"name":"wp","href":"https:\/\/api.w.org\/{rel}","templated":true}]}}