{"id":6172,"date":"2024-09-03T12:29:54","date_gmt":"2024-09-03T10:29:54","guid":{"rendered":"https:\/\/www.mowitech.de\/shop\/?post_type=product&#038;p=6172"},"modified":"2025-03-12T12:14:51","modified_gmt":"2025-03-12T11:14:51","slug":"install-speaker-7-passive","status":"publish","type":"product","link":"\/shop\/produkt\/install-speaker-7-passive\/","title":{"rendered":"Install Speaker 7 Passive"},"content":{"rendered":"<ul class=\"styled-list\">\n<li>Einbaulautsprecher zum Einbau in der Decke oder Wand (Einbauboxen notwendig)<\/li>\n<li>Ideal geeignet zur Musikbeschallung, akustischen Alarmierung in Geb\u00e4uden oder f\u00fcr Durchsagen.<\/li>\n<li>Optimal abgestimmt auf den Musikcontroller und die Stereo Extension.<\/li>\n<li>Kombinierter Hoch- und Tieft\u00f6ner in kompakter Bauweise dank Single-Frame Konstruktion<\/li>\n<li>Extrem gleichm\u00e4\u00dfiges und breites Abstrahlverhalten f\u00fcr exzellenten Klang<\/li>\n<li>In 2 schlichten modernen Designs (abnehmbare Frontabdeckung inkludiert)<\/li>\n<li>Einfache Montage dank perfekter Passform in unsere Einbauboxen<\/li>\n<li>Verkabelt \u00fcber 2-poligen Lautsprecherterminal-Klemmanschluss<\/li>\n<li>Geeignet f\u00fcr den Innen- und Au\u00dfeneinsatz<\/li>\n<li>Perfekter Stereosound bei 2 verbauten Install Speaker 7 Passive<\/li>\n<\/ul>\n","protected":false},"excerpt":{"rendered":"<table class=\"styled-table\">\n<thead>\n<tr>\n<th>Technische Daten<\/th>\n<th>Details<\/th>\n<\/tr>\n<\/thead>\n<tbody>\n<tr>\n<td>Nennbelastung<\/td>\n<td>bis 40W, Maximalbelastung bis 80W<\/td>\n<\/tr>\n<tr>\n<td>Nennimpedanz<\/td>\n<td>8 Ohm<\/td>\n<\/tr>\n<tr>\n<td>Ma\u00dfe<\/td>\n<td>232,2 x 95,1 mm<\/td>\n<\/tr>\n<tr>\n<td>Einbauma\u00dfe<\/td>\n<td>203 x 91,7 mm<\/td>\n<\/tr>\n<tr>\n<td>Maximale Plattenst\u00e4rke f\u00fcr Einbau<\/td>\n<td>36 mm<\/td>\n<\/tr>\n<tr>\n<td>Gewicht<\/td>\n<td>1,98 kg<\/td>\n<\/tr>\n<\/tbody>\n<\/table>\n","protected":false},"featured_media":6175,"comment_status":"closed","ping_status":"closed","template":"","meta":{"_acf_changed":false},"product_cat":[259,254],"product_tag":[424,313,434,425],"class_list":{"0":"post-6172","1":"product","2":"type-product","3":"status-publish","4":"has-post-thumbnail","6":"product_cat-audio","7":"product_cat-loxone","8":"product_tag-install","9":"product_tag-loxone","10":"product_tag-passive","11":"product_tag-speaker","12":"pa_menge-stueck","14":"first","15":"instock","16":"taxable","17":"shipping-taxable","18":"purchasable","19":"product-type-simple"},"acf":[],"_links":{"self":[{"href":"\/shop\/wp-json\/wp\/v2\/product\/6172"}],"collection":[{"href":"\/shop\/wp-json\/wp\/v2\/product"}],"about":[{"href":"\/shop\/wp-json\/wp\/v2\/types\/product"}],"replies":[{"embeddable":true,"href":"\/shop\/wp-json\/wp\/v2\/comments?post=6172"}],"wp:featuredmedia":[{"embeddable":true,"href":"\/shop\/wp-json\/wp\/v2\/media\/6175"}],"wp:attachment":[{"href":"\/shop\/wp-json\/wp\/v2\/media?parent=6172"}],"wp:term":[{"taxonomy":"product_cat","embeddable":true,"href":"\/shop\/wp-json\/wp\/v2\/product_cat?post=6172"},{"taxonomy":"product_tag","embeddable":true,"href":"\/shop\/wp-json\/wp\/v2\/product_tag?post=6172"}],"curies":[{"name":"wp","href":"https:\/\/api.w.org\/{rel}","templated":true}]}}