{"id":6202,"date":"2024-09-03T12:45:32","date_gmt":"2024-09-03T10:45:32","guid":{"rendered":"https:\/\/www.mowitech.de\/shop\/?post_type=product&#038;p=6202"},"modified":"2025-03-12T12:11:11","modified_gmt":"2025-03-12T11:11:11","slug":"install-speaker-10-client","status":"publish","type":"product","link":"\/shop\/produkt\/install-speaker-10-client\/","title":{"rendered":"Install Speaker 10 Client"},"content":{"rendered":"<ul class=\"styled-list\">\n<li>Der Install Speaker 10 Client \u00fcberzeugt durch seine hervorragenden Audioeigenschaften und seine zahlreichen Einsatzm\u00f6glichkeiten. Er empf\u00e4ngt sein Audiosignal von einem Master Speaker und kann es an weitere Client Speaker weitergeben. Auf diese Weise bildet er eine flexible Audiol\u00f6sung, die f\u00fcr jede Geb\u00e4udegr\u00f6\u00dfe skalierbar ist.<\/li>\n<li>Single-Frame Konstruktion f\u00fcr eine sehr kompakte Bauform bei minimalen akustisch st\u00f6renden Kanten und einer maximalen Membranfl\u00e4che<\/li>\n<li>Koaxialsystem f\u00fcr ein extrem gleichm\u00e4\u00dfiges und breites Abstrahlverhalten<\/li>\n<li>Bis zu 20 Client Speaker via Daisy Chain pro Master<\/li>\n<li>Dank einfacher Installation bis zu 80% weniger Verkabelungsaufwand<\/li>\n<li>30m zwischen Client Speakern<\/li>\n<li>Mitgelieferte Abdeckung ist lackierbar<\/li>\n<\/ul>\n","protected":false},"excerpt":{"rendered":"<table class=\"styled-table\">\n<thead>\n<tr>\n<th>Technische Eckpunkte<\/th>\n<th>Details<\/th>\n<\/tr>\n<\/thead>\n<tbody>\n<tr>\n<td>Geeignet f\u00fcr<\/td>\n<td>Innen und den gesch\u00fctzten Au\u00dfenbereich<\/td>\n<\/tr>\n<tr>\n<td>Typ<\/td>\n<td>2-Wege (Hoch- und Tieft\u00f6ner)<\/td>\n<\/tr>\n<tr>\n<td>Membran<\/td>\n<td>quadral ALTIMA\u00ae<\/td>\n<\/tr>\n<tr>\n<td>Abstrahlverhalten<\/td>\n<td>Gleichm\u00e4\u00dfiges und breites Abstrahlverhalten von 120\u00b0<\/td>\n<\/tr>\n<tr>\n<td>Einbautiefe<\/td>\n<td>108mm<\/td>\n<\/tr>\n<tr>\n<td>Einbaudurchmesser<\/td>\n<td>10,2\u201d bzw. 258mm<\/td>\n<\/tr>\n<tr>\n<td>Maximale Plattenst\u00e4rke<\/td>\n<td>36mm<\/td>\n<\/tr>\n<tr>\n<td>Schutzart<\/td>\n<td>Schutzklasse IP53 &amp; IP54<\/td>\n<\/tr>\n<tr>\n<td>Luftfeuchtigkeit<\/td>\n<td>max. 95% r.H. (nicht kondensierend)<\/td>\n<\/tr>\n<\/tbody>\n<\/table>\n","protected":false},"featured_media":6200,"comment_status":"closed","ping_status":"closed","template":"","meta":{"_acf_changed":false},"product_cat":[259,254],"product_tag":[430,424,313,425],"class_list":{"0":"post-6202","1":"product","2":"type-product","3":"status-publish","4":"has-post-thumbnail","6":"product_cat-audio","7":"product_cat-loxone","8":"product_tag-client","9":"product_tag-install","10":"product_tag-loxone","11":"product_tag-speaker","12":"pa_menge-stueck","14":"first","15":"instock","16":"taxable","17":"shipping-taxable","18":"purchasable","19":"product-type-simple"},"acf":[],"_links":{"self":[{"href":"\/shop\/wp-json\/wp\/v2\/product\/6202"}],"collection":[{"href":"\/shop\/wp-json\/wp\/v2\/product"}],"about":[{"href":"\/shop\/wp-json\/wp\/v2\/types\/product"}],"replies":[{"embeddable":true,"href":"\/shop\/wp-json\/wp\/v2\/comments?post=6202"}],"wp:featuredmedia":[{"embeddable":true,"href":"\/shop\/wp-json\/wp\/v2\/media\/6200"}],"wp:attachment":[{"href":"\/shop\/wp-json\/wp\/v2\/media?parent=6202"}],"wp:term":[{"taxonomy":"product_cat","embeddable":true,"href":"\/shop\/wp-json\/wp\/v2\/product_cat?post=6202"},{"taxonomy":"product_tag","embeddable":true,"href":"\/shop\/wp-json\/wp\/v2\/product_tag?post=6202"}],"curies":[{"name":"wp","href":"https:\/\/api.w.org\/{rel}","templated":true}]}}