{"id":6210,"date":"2024-09-03T12:50:10","date_gmt":"2024-09-03T10:50:10","guid":{"rendered":"https:\/\/www.mowitech.de\/shop\/?post_type=product&#038;p=6210"},"modified":"2025-03-12T12:02:52","modified_gmt":"2025-03-12T11:02:52","slug":"install-sub-10-client","status":"publish","type":"product","link":"\/shop\/produkt\/install-sub-10-client\/","title":{"rendered":"Install Sub 10 Client"},"content":{"rendered":"<ul class=\"styled-list\">\n<li>Der Install Sub 10 Client \u00fcberzeugt durch seine hervorragenden Audioeigenschaften und seine zahlreichen Einsatzm\u00f6glichkeiten. Der Install Sub 10 Client erweitert jede Master\/ Client Installation und verbessert die Klangqualit\u00e4t einer Audioinstallation erheblich, indem er tiefe Frequenzen pr\u00e4zise wiedergibt und so f\u00fcr ein volleres und intensiveres Klangerlebnis sorgt. Er empf\u00e4ngt sein Audiosignal von einem Master Speaker und kann es an weitere Client Speaker weitergeben. Auf diese Weise bildet er eine flexible Audiol\u00f6sung, die f\u00fcr jede Geb\u00e4udegr\u00f6\u00dfe skalierbar ist.<\/li>\n<li>Bis zu 20 Client Speaker via Daisy Chain pro Master<\/li>\n<li>Dank einfacher Installation bis zu 80% weniger Verkabelungsaufwand<\/li>\n<li>30m zwischen Client Speakern<\/li>\n<li>Mitgelieferte Abdeckung ist lackierbar<\/li>\n<\/ul>\n","protected":false},"excerpt":{"rendered":"<table class=\"styled-table\">\n<thead>\n<tr>\n<th>Technische Eckpunkte<\/th>\n<th>Details<\/th>\n<\/tr>\n<\/thead>\n<tbody>\n<tr>\n<td>\u00dcbertragungsbereich<\/td>\n<td>30-100Hz<\/td>\n<\/tr>\n<tr>\n<td>Einbautiefe<\/td>\n<td>108mm<\/td>\n<\/tr>\n<tr>\n<td>Maximale Plattenst\u00e4rke<\/td>\n<td>36mm<\/td>\n<\/tr>\n<tr>\n<td>Einbaudurchmesser<\/td>\n<td>258mm<\/td>\n<\/tr>\n<tr>\n<td>Schutzart<\/td>\n<td>Schutzklasse IP53 &amp; IP54<\/td>\n<\/tr>\n<tr>\n<td>Luftfeuchtigkeit<\/td>\n<td>max. 95% r.H. (nicht kondensierend)<\/td>\n<\/tr>\n<\/tbody>\n<\/table>\n","protected":false},"featured_media":6208,"comment_status":"closed","ping_status":"closed","template":"","meta":{"_acf_changed":false},"product_cat":[259,254],"product_tag":[430,424,313,432],"class_list":{"0":"post-6210","1":"product","2":"type-product","3":"status-publish","4":"has-post-thumbnail","6":"product_cat-audio","7":"product_cat-loxone","8":"product_tag-client","9":"product_tag-install","10":"product_tag-loxone","11":"product_tag-sub","12":"pa_menge-stueck","14":"first","15":"instock","16":"taxable","17":"shipping-taxable","18":"purchasable","19":"product-type-simple"},"acf":[],"_links":{"self":[{"href":"\/shop\/wp-json\/wp\/v2\/product\/6210"}],"collection":[{"href":"\/shop\/wp-json\/wp\/v2\/product"}],"about":[{"href":"\/shop\/wp-json\/wp\/v2\/types\/product"}],"replies":[{"embeddable":true,"href":"\/shop\/wp-json\/wp\/v2\/comments?post=6210"}],"wp:featuredmedia":[{"embeddable":true,"href":"\/shop\/wp-json\/wp\/v2\/media\/6208"}],"wp:attachment":[{"href":"\/shop\/wp-json\/wp\/v2\/media?parent=6210"}],"wp:term":[{"taxonomy":"product_cat","embeddable":true,"href":"\/shop\/wp-json\/wp\/v2\/product_cat?post=6210"},{"taxonomy":"product_tag","embeddable":true,"href":"\/shop\/wp-json\/wp\/v2\/product_tag?post=6210"}],"curies":[{"name":"wp","href":"https:\/\/api.w.org\/{rel}","templated":true}]}}