{"id":6212,"date":"2024-09-03T12:51:48","date_gmt":"2024-09-03T10:51:48","guid":{"rendered":"https:\/\/www.mowitech.de\/shop\/?post_type=product&#038;p=6212"},"modified":"2025-03-12T12:11:36","modified_gmt":"2025-03-12T11:11:36","slug":"satellite-speaker-ip64-master","status":"publish","type":"product","link":"\/shop\/produkt\/satellite-speaker-ip64-master\/","title":{"rendered":"Satellite Speaker IP64 Master"},"content":{"rendered":"<p>Der Satellite Speaker IP64 Master \u00fcberzeugt durch seine hervorragenden Audioeigenschaften und seine zahlreichen Einsatzm\u00f6glichkeiten. Er wird direkt \u00fcber Tree Turbo an einen Audioserver oder Miniserver Compact angeschlossen und kann das Audiosignal an eine Kette von bis zu 20 Client Speakers \u00fcbertragen. Auf diese Weise bildet er eine flexible Audiol\u00f6sung, die f\u00fcr jede Geb\u00e4udegr\u00f6\u00dfe skalierbar ist.<\/p>\n<ul class=\"styled-list\">\n<li>Bis zu 20 Client Speaker via Daisy Chain pro Master<\/li>\n<li>Dank einfacher Installation bis zu 80% weniger Verkabelungsaufwand<\/li>\n<li>Linie, Stern und Baum Verdrahtungstopologie<\/li>\n<li>Bis zu 150m Leitungsl\u00e4nge (Tree Turbo\/Master Speaker)<\/li>\n<li>Bluetooth zum Streaming von Audioinhalten<\/li>\n<\/ul>\n","protected":false},"excerpt":{"rendered":"<table class=\"styled-table\">\n<tbody>\n<tr>\n<td>Technische Eckpunkte<\/td>\n<td>Details<\/td>\n<\/tr>\n<tr>\n<td>Typ:<\/td>\n<td>2-Wege (Hoch- und Tieft\u00f6ner)<\/td>\n<\/tr>\n<tr>\n<td>Montage:<\/td>\n<td>Horizontal oder vertikal montierbar<\/td>\n<\/tr>\n<tr>\n<td>Flexibler Arm:<\/td>\n<td>Flexibler Arm hinten am Geh\u00e4use &#8211; f\u00fcr den perfekten Montagewinkel<\/td>\n<\/tr>\n<tr>\n<td>Produktma\u00dfe (HxBxT):<\/td>\n<td>216 x 150 x 142,5 mm<\/td>\n<\/tr>\n<tr>\n<td>Schutzklasse:<\/td>\n<td>IP64<\/td>\n<\/tr>\n<\/tbody>\n<\/table>\n","protected":false},"featured_media":6216,"comment_status":"closed","ping_status":"closed","template":"","meta":{"_acf_changed":false},"product_cat":[259,254],"product_tag":[429,313,431,428,425],"class_list":{"0":"post-6212","1":"product","2":"type-product","3":"status-publish","4":"has-post-thumbnail","6":"product_cat-audio","7":"product_cat-loxone","8":"product_tag-ip64","9":"product_tag-loxone","10":"product_tag-master","11":"product_tag-satellite","12":"product_tag-speaker","13":"pa_menge-stueck","15":"first","16":"instock","17":"taxable","18":"shipping-taxable","19":"purchasable","20":"product-type-simple"},"acf":[],"_links":{"self":[{"href":"\/shop\/wp-json\/wp\/v2\/product\/6212"}],"collection":[{"href":"\/shop\/wp-json\/wp\/v2\/product"}],"about":[{"href":"\/shop\/wp-json\/wp\/v2\/types\/product"}],"replies":[{"embeddable":true,"href":"\/shop\/wp-json\/wp\/v2\/comments?post=6212"}],"wp:featuredmedia":[{"embeddable":true,"href":"\/shop\/wp-json\/wp\/v2\/media\/6216"}],"wp:attachment":[{"href":"\/shop\/wp-json\/wp\/v2\/media?parent=6212"}],"wp:term":[{"taxonomy":"product_cat","embeddable":true,"href":"\/shop\/wp-json\/wp\/v2\/product_cat?post=6212"},{"taxonomy":"product_tag","embeddable":true,"href":"\/shop\/wp-json\/wp\/v2\/product_tag?post=6212"}],"curies":[{"name":"wp","href":"https:\/\/api.w.org\/{rel}","templated":true}]}}