{"id":6222,"date":"2024-09-03T12:59:26","date_gmt":"2024-09-03T10:59:26","guid":{"rendered":"https:\/\/www.mowitech.de\/shop\/?post_type=product&#038;p=6222"},"modified":"2025-03-12T12:23:16","modified_gmt":"2025-03-12T11:23:16","slug":"gehaeuse-fuer-10-install-speaker","status":"publish","type":"product","link":"\/shop\/produkt\/gehaeuse-fuer-10-install-speaker\/","title":{"rendered":"Geh\u00e4use f\u00fcr 10&#8243; Install Speaker"},"content":{"rendered":"<p>Optimieren Sie die Leistung Ihres Install Sub 10 Master\/Client mit unserem speziell entwickelten geschlossenen Geh\u00e4use f\u00fcr 10\u201d Install Speaker. Dieses Geh\u00e4use verst\u00e4rkt die akustischen Eigenschaften des Subwoofers f\u00fcr eine optimale Klangqualit\u00e4t.<\/p>\n","protected":false},"excerpt":{"rendered":"<ul class=\"styled-list\">\n<li>Geschlossenes Geh\u00e4use<\/li>\n<li>Kann unauff\u00e4llig unter B\u00e4nken, M\u00f6beln oder frei aufgestellt platziert werden<\/li>\n<li>Kann in M\u00f6bel als Einbaugeh\u00e4use verwendet werden<\/li>\n<li>Verwendbar f\u00fcr alle 10&#8243; Install Speaker<\/li>\n<li>Au\u00dfen liegendes Terminal f\u00fcr aktiv (Master\/Client\/Sub) und passiv Verdrahtung<\/li>\n<li>Robuster Strukturlack<\/li>\n<li>D\u00e4mmmaterial ist im Geh\u00e4use fixiert<\/li>\n<li>Klebebumper sind im Lieferumfang enthalten (EPDM)<\/li>\n<\/ul>\n","protected":false},"featured_media":6225,"comment_status":"closed","ping_status":"closed","template":"","meta":{"_acf_changed":false},"product_cat":[259,254],"product_tag":[427,424,426,313,425],"class_list":{"0":"post-6222","1":"product","2":"type-product","3":"status-publish","4":"has-post-thumbnail","6":"product_cat-audio","7":"product_cat-loxone","8":"product_tag-gehaeuse","9":"product_tag-install","10":"product_tag-lautsprecher","11":"product_tag-loxone","12":"product_tag-speaker","13":"pa_menge-stueck","15":"first","16":"instock","17":"taxable","18":"shipping-taxable","19":"purchasable","20":"product-type-simple"},"acf":[],"_links":{"self":[{"href":"\/shop\/wp-json\/wp\/v2\/product\/6222"}],"collection":[{"href":"\/shop\/wp-json\/wp\/v2\/product"}],"about":[{"href":"\/shop\/wp-json\/wp\/v2\/types\/product"}],"replies":[{"embeddable":true,"href":"\/shop\/wp-json\/wp\/v2\/comments?post=6222"}],"wp:featuredmedia":[{"embeddable":true,"href":"\/shop\/wp-json\/wp\/v2\/media\/6225"}],"wp:attachment":[{"href":"\/shop\/wp-json\/wp\/v2\/media?parent=6222"}],"wp:term":[{"taxonomy":"product_cat","embeddable":true,"href":"\/shop\/wp-json\/wp\/v2\/product_cat?post=6222"},{"taxonomy":"product_tag","embeddable":true,"href":"\/shop\/wp-json\/wp\/v2\/product_tag?post=6222"}],"curies":[{"name":"wp","href":"https:\/\/api.w.org\/{rel}","templated":true}]}}