{"id":6226,"date":"2024-09-03T13:03:47","date_gmt":"2024-09-03T11:03:47","guid":{"rendered":"https:\/\/www.mowitech.de\/shop\/?post_type=product&#038;p=6226"},"modified":"2025-03-12T12:23:48","modified_gmt":"2025-03-12T11:23:48","slug":"aufbaubox-fuer-7-install-speaker","status":"publish","type":"product","link":"\/shop\/produkt\/aufbaubox-fuer-7-install-speaker\/","title":{"rendered":"Aufbaubox f\u00fcr 7&#8243; Install Speaker"},"content":{"rendered":"<p>Die Aufbaubox f\u00fcr 7&#8243; Install Speaker kommt \u00fcberall dort zum Einsatz, wo keine direkte Installation in einer Decke oder Wand m\u00f6glich ist. Somit sind keine tiefgreifenden Arbeiten am Geb\u00e4ude notwendig, um perfekten Sound dorthin zu bringen, wo er ben\u00f6tigt wird.<\/p>\n","protected":false},"excerpt":{"rendered":"<ul class=\"styled-list\">\n<li>Einfache Installation an Decke und Wand f\u00fcr 7&#8243; Speaker:<\/li>\n<ul>\n<li>Install Speaker 7 Passiv<\/li>\n<li>Install Speaker 7 Master<\/li>\n<li>Install Speaker 7 Client<\/li>\n<\/ul>\n<li>Bassreflex\u00f6ffnung zur besseren Tieftonwiedergabe<\/li>\n<li>Hochwertige PG-Verschraubung<\/li>\n<li>Robuster Strukturlack<\/li>\n<li>D\u00e4mmaterial zur Reduktion von Resonanzen<\/li>\n<li>Vibrationsfreies, fest verschraubtes Gitter<\/li>\n<\/ul>\n","protected":false},"featured_media":6229,"comment_status":"closed","ping_status":"closed","template":"","meta":{"_acf_changed":false},"product_cat":[259,254],"product_tag":[423,424,313,425],"class_list":{"0":"post-6226","1":"product","2":"type-product","3":"status-publish","4":"has-post-thumbnail","6":"product_cat-audio","7":"product_cat-loxone","8":"product_tag-aufbaubox","9":"product_tag-install","10":"product_tag-loxone","11":"product_tag-speaker","12":"pa_menge-stueck","14":"first","15":"instock","16":"taxable","17":"shipping-taxable","18":"purchasable","19":"product-type-simple"},"acf":[],"_links":{"self":[{"href":"\/shop\/wp-json\/wp\/v2\/product\/6226"}],"collection":[{"href":"\/shop\/wp-json\/wp\/v2\/product"}],"about":[{"href":"\/shop\/wp-json\/wp\/v2\/types\/product"}],"replies":[{"embeddable":true,"href":"\/shop\/wp-json\/wp\/v2\/comments?post=6226"}],"wp:featuredmedia":[{"embeddable":true,"href":"\/shop\/wp-json\/wp\/v2\/media\/6229"}],"wp:attachment":[{"href":"\/shop\/wp-json\/wp\/v2\/media?parent=6226"}],"wp:term":[{"taxonomy":"product_cat","embeddable":true,"href":"\/shop\/wp-json\/wp\/v2\/product_cat?post=6226"},{"taxonomy":"product_tag","embeddable":true,"href":"\/shop\/wp-json\/wp\/v2\/product_tag?post=6226"}],"curies":[{"name":"wp","href":"https:\/\/api.w.org\/{rel}","templated":true}]}}