{"id":6231,"date":"2024-09-03T13:05:47","date_gmt":"2024-09-03T11:05:47","guid":{"rendered":"https:\/\/www.mowitech.de\/shop\/?post_type=product&#038;p=6231"},"modified":"2025-03-12T12:24:01","modified_gmt":"2025-03-12T11:24:01","slug":"aufbaubox-fuer-10-install-speaker","status":"publish","type":"product","link":"\/shop\/produkt\/aufbaubox-fuer-10-install-speaker\/","title":{"rendered":"Aufbaubox f\u00fcr 10&#8243; Install Speaker"},"content":{"rendered":"<p>Die Aufbaubox f\u00fcr 10&#8243; Install Speaker kommt \u00fcberall dort zum Einsatz, wo keine direkte Installation in einer Decke oder Wand m\u00f6glich ist. Somit sind keine tiefgreifenden Arbeiten am Geb\u00e4ude notwendig, um perfekten Sound dorthin zu bringen, wo er ben\u00f6tigt wird.<\/p>\n","protected":false},"excerpt":{"rendered":"<ul class=\"styled-list\">\n<li>Einfache Installation an Decke und Wand f\u00fcr 10&#8243; Speaker:<\/li>\n<ul>\n<li>Install Speaker 10 Passiv<\/li>\n<li>Install Speaker 10 Master<\/li>\n<li>Install Speaker 10 Client<\/li>\n<li>Install Sub 10 Master<\/li>\n<li>Install Sub 10 Client<\/li>\n<\/ul>\n<li>Bassreflex\u00f6ffnung zur besseren Tieftonwiedergabe<\/li>\n<li>Hochwertige PG-Verschraubung f\u00fcr den Kabelein- und -austritt (z.B. f\u00fcr die Client-Verkabelung)<\/li>\n<li>Robuster Strukturlack<\/li>\n<li>D\u00e4mmaterial zur Reduktion von Resonanzen ist bereits im Geh\u00e4use fixiert<\/li>\n<li>Vibrationsfreies, fest verschraubtes Gitter<\/li>\n<\/ul>\n","protected":false},"featured_media":6229,"comment_status":"closed","ping_status":"closed","template":"","meta":{"_acf_changed":false},"product_cat":[259,254],"product_tag":[423,424,426,313,425],"class_list":{"0":"post-6231","1":"product","2":"type-product","3":"status-publish","4":"has-post-thumbnail","6":"product_cat-audio","7":"product_cat-loxone","8":"product_tag-aufbaubox","9":"product_tag-install","10":"product_tag-lautsprecher","11":"product_tag-loxone","12":"product_tag-speaker","13":"pa_menge-stueck","15":"first","16":"instock","17":"taxable","18":"shipping-taxable","19":"purchasable","20":"product-type-simple"},"acf":[],"_links":{"self":[{"href":"\/shop\/wp-json\/wp\/v2\/product\/6231"}],"collection":[{"href":"\/shop\/wp-json\/wp\/v2\/product"}],"about":[{"href":"\/shop\/wp-json\/wp\/v2\/types\/product"}],"replies":[{"embeddable":true,"href":"\/shop\/wp-json\/wp\/v2\/comments?post=6231"}],"wp:featuredmedia":[{"embeddable":true,"href":"\/shop\/wp-json\/wp\/v2\/media\/6229"}],"wp:attachment":[{"href":"\/shop\/wp-json\/wp\/v2\/media?parent=6231"}],"wp:term":[{"taxonomy":"product_cat","embeddable":true,"href":"\/shop\/wp-json\/wp\/v2\/product_cat?post=6231"},{"taxonomy":"product_tag","embeddable":true,"href":"\/shop\/wp-json\/wp\/v2\/product_tag?post=6231"}],"curies":[{"name":"wp","href":"https:\/\/api.w.org\/{rel}","templated":true}]}}