{"id":6260,"date":"2024-09-03T14:54:23","date_gmt":"2024-09-03T12:54:23","guid":{"rendered":"https:\/\/www.mowitech.de\/shop\/?post_type=product&#038;p=6260"},"modified":"2025-03-11T10:06:07","modified_gmt":"2025-03-11T09:06:07","slug":"touch-surface-tree","status":"publish","type":"product","link":"\/shop\/produkt\/touch-surface-tree\/","title":{"rendered":"Touch Surface Tree"},"content":{"rendered":"<ul class=\"styled-list\">\n<li>6-Punkt-Taster integriert in nichtleitende Oberfl\u00e4chen f\u00fcr den Automatisierungscontroller<\/li>\n<li>Zur Bedienung von Licht, Beschattung, Audio und vielem mehr<\/li>\n<li>Ideal geeignet zur Montage an M\u00f6belst\u00fccken oder in nassen R\u00e4umen wie z.B. in K\u00fcche und Bad<\/li>\n<li>F\u00fcr Neubauten<\/li>\n<li>Mit 5 individuell belegbaren Tastpunkten (Einfach-, Mehrfach- und Langzeitklick)<\/li>\n<li>Mit 1 weiteren Tastpunkt und 5 LEDs zur Bedienung des Touch Surfaces<\/li>\n<li>Mit aufklebbarer oder einfr\u00e4sbarer Bedienfeld-Kontur<\/li>\n<li>Einfache Einbindung \u00fcber Loxone Tree Ger\u00e4tesuche<\/li>\n<li>Steckbare Durchschleifklemmen f\u00fcr die Spannungsversorgung und Buskommunikation<\/li>\n<li>Inklusive kostenloser Updates<\/li>\n<li>Inklusive Diagnose-Eingang zur Onlinestatus-\u00dcberwachung<\/li>\n<li>Kommunikation mit Automatisierungscontroller \u00fcber verschl\u00fcsselte und sabotagesichere Verkabelungs-Technologie Loxone Tree<\/li>\n<\/ul>\n","protected":false},"excerpt":{"rendered":"<table class=\"styled-table\">\n<thead>\n<tr>\n<th>Technische Daten<\/th>\n<th>Details<\/th>\n<\/tr>\n<\/thead>\n<tbody>\n<tr>\n<td>Spannungsversorgung<\/td>\n<td>24V DC<\/td>\n<\/tr>\n<tr>\n<td>Tastpunkte<\/td>\n<td>6 Tastpunkte, kapazitive Ber\u00fchrungserkennung, akustisches Feedback, teilweise individuell belegbar<\/td>\n<\/tr>\n<tr>\n<td>Geeignet f\u00fcr<\/td>\n<td>Oberfl\u00e4chen bis 30mm Dicke aus Stein, Holz, Keramik, Fliesen oder Glas (nicht leitend)<\/td>\n<\/tr>\n<tr>\n<td>Montage<\/td>\n<td>Schraub- oder Klebemontage<\/td>\n<\/tr>\n<tr>\n<td>Ma\u00dfe<\/td>\n<td>304 x 115 x 18 mm<\/td>\n<\/tr>\n<\/tbody>\n<\/table>\n","protected":false},"featured_media":6262,"comment_status":"closed","ping_status":"closed","template":"","meta":{"_acf_changed":false},"product_cat":[254,257],"product_tag":[313,420,394,318],"class_list":{"0":"post-6260","1":"product","2":"type-product","3":"status-publish","4":"has-post-thumbnail","6":"product_cat-loxone","7":"product_cat-tree","8":"product_tag-loxone","9":"product_tag-surface","10":"product_tag-touch","11":"product_tag-tree","12":"pa_menge-stueck","14":"first","15":"instock","16":"taxable","17":"shipping-taxable","18":"purchasable","19":"product-type-simple"},"acf":[],"_links":{"self":[{"href":"\/shop\/wp-json\/wp\/v2\/product\/6260"}],"collection":[{"href":"\/shop\/wp-json\/wp\/v2\/product"}],"about":[{"href":"\/shop\/wp-json\/wp\/v2\/types\/product"}],"replies":[{"embeddable":true,"href":"\/shop\/wp-json\/wp\/v2\/comments?post=6260"}],"wp:featuredmedia":[{"embeddable":true,"href":"\/shop\/wp-json\/wp\/v2\/media\/6262"}],"wp:attachment":[{"href":"\/shop\/wp-json\/wp\/v2\/media?parent=6260"}],"wp:term":[{"taxonomy":"product_cat","embeddable":true,"href":"\/shop\/wp-json\/wp\/v2\/product_cat?post=6260"},{"taxonomy":"product_tag","embeddable":true,"href":"\/shop\/wp-json\/wp\/v2\/product_tag?post=6260"}],"curies":[{"name":"wp","href":"https:\/\/api.w.org\/{rel}","templated":true}]}}