{"id":6263,"date":"2024-09-03T14:57:51","date_gmt":"2024-09-03T12:57:51","guid":{"rendered":"https:\/\/www.mowitech.de\/shop\/?post_type=product&#038;p=6263"},"modified":"2025-03-11T10:04:34","modified_gmt":"2025-03-11T09:04:34","slug":"nfc-code-touch-tree-weiss","status":"publish","type":"product","link":"\/shop\/produkt\/nfc-code-touch-tree-weiss\/","title":{"rendered":"NFC Code Touch Tree"},"content":{"rendered":"<ul class=\"styled-list\">\n<li>Code-Taster und NFC-Leser aus Echtglas f\u00fcr den Automatisierungscontroller<\/li>\n<li>Ideale Zutrittsl\u00f6sung f\u00fcr Haust\u00fcren, Garagen und Schlie\u00dff\u00e4cher oder Abrechnungssysteme<\/li>\n<li>Vergabe von dauerhaften Codes, Einmalcodes und zeitlichen Codes m\u00f6glich<\/li>\n<li>Zwei-Faktor-Authentifizierung mittels Code und NFC-Chip m\u00f6glich<\/li>\n<li>F\u00fcr Neubauten empfohlen<\/li>\n<li>Mit 12 beleuchteten Tastpunkten (0-9, Best\u00e4tigung, Klingel) und akustischem Klick-Feedback<\/li>\n<li>Mit integriertem NFC-Leseger\u00e4t zum Auslesen von NFC-Chips<\/li>\n<li>Mit satinierter Echtglas-Oberfl\u00e4che (keine Fingerabdr\u00fccke) und 4 ansteuerbaren LEDs<\/li>\n<li>Einfache Montage ohne Unterputzdose m\u00f6glich (perfekt kombinierbar mit Intercom)<\/li>\n<li>Witterungsbest\u00e4ndig, f\u00fcr den Au\u00dfen- und Inneneinsatz geeignet<\/li>\n<li>Einfache Einbindung \u00fcber Loxone Tree Ger\u00e4tesuche<\/li>\n<li>Steckbare Durchschleifklemme f\u00fcr die Spannungsversorgung und Buskommunikation<\/li>\n<li>Inklusive kostenloser Updates<\/li>\n<li>Inklusive Diagnose-Eingang zur Onlinestatus-\u00dcberwachung<\/li>\n<li>Kommunikation mit Automatisierungscontroller \u00fcber verschl\u00fcsselte und sabotagesichere Verkabelungs-Technologie Loxone Tree<\/li>\n<\/ul>\n","protected":false},"excerpt":{"rendered":"<table class=\"styled-table\">\n<thead>\n<tr>\n<th>Technische Daten<\/th>\n<th>Details<\/th>\n<\/tr>\n<\/thead>\n<tbody>\n<tr>\n<td>Spannungsversorgung<\/td>\n<td>24V DC<\/td>\n<\/tr>\n<tr>\n<td>Tastpunkte<\/td>\n<td>12 Tastpunkte, kapazitive Ber\u00fchrungserkennung, akustisches Feedback<\/td>\n<\/tr>\n<tr>\n<td>NFC<\/td>\n<td>unverschl\u00fcsselt (ISO\/IEC 14443, feste UID) oder verschl\u00fcsselt (MIFARE\u00ae DESFire\u00ae EV1 Chip)<\/td>\n<\/tr>\n<tr>\n<td>Ma\u00dfe<\/td>\n<td>90 x 90 x 16 mm<\/td>\n<\/tr>\n<\/tbody>\n<\/table>\n","protected":false},"featured_media":6265,"comment_status":"closed","ping_status":"closed","template":"","meta":{"_acf_changed":false},"product_cat":[254,257],"product_tag":[313,392,419,394,318],"class_list":{"0":"post-6263","1":"product","2":"type-product","3":"status-publish","4":"has-post-thumbnail","6":"product_cat-loxone","7":"product_cat-tree","8":"product_tag-loxone","9":"product_tag-nfc","10":"product_tag-nfc-code","11":"product_tag-touch","12":"product_tag-tree","13":"pa_farbe-anthrazit","14":"pa_farbe-weiss","15":"pa_menge-stueck","17":"first","18":"instock","19":"taxable","20":"shipping-taxable","21":"purchasable","22":"product-type-variable"},"acf":[],"_links":{"self":[{"href":"\/shop\/wp-json\/wp\/v2\/product\/6263"}],"collection":[{"href":"\/shop\/wp-json\/wp\/v2\/product"}],"about":[{"href":"\/shop\/wp-json\/wp\/v2\/types\/product"}],"replies":[{"embeddable":true,"href":"\/shop\/wp-json\/wp\/v2\/comments?post=6263"}],"wp:featuredmedia":[{"embeddable":true,"href":"\/shop\/wp-json\/wp\/v2\/media\/6265"}],"wp:attachment":[{"href":"\/shop\/wp-json\/wp\/v2\/media?parent=6263"}],"wp:term":[{"taxonomy":"product_cat","embeddable":true,"href":"\/shop\/wp-json\/wp\/v2\/product_cat?post=6263"},{"taxonomy":"product_tag","embeddable":true,"href":"\/shop\/wp-json\/wp\/v2\/product_tag?post=6263"}],"curies":[{"name":"wp","href":"https:\/\/api.w.org\/{rel}","templated":true}]}}