{"id":6304,"date":"2024-09-03T15:29:42","date_gmt":"2024-09-03T13:29:42","guid":{"rendered":"https:\/\/www.mowitech.de\/shop\/?post_type=product&#038;p=6304"},"modified":"2025-03-11T08:42:43","modified_gmt":"2025-03-11T07:42:43","slug":"nano-2-relay-tree","status":"publish","type":"product","link":"\/shop\/produkt\/nano-2-relay-tree\/","title":{"rendered":"Nano 2 Relay Tree"},"content":{"rendered":"<ul class=\"styled-list\">\n<li><strong>Unterputzmodul mit digitalen Ausg\u00e4ngen f\u00fcr den Automatisierungscontroller<\/strong><\/li>\n<li>Ideal geeignet zum Schalten von z.B. Leuchten, Steckdosen, Beschattungsmotoren, Pumpen und vielen mehr.<\/li>\n<li>Vor allem empfohlen f\u00fcr Bestattungseinrichtungen im Neubau.<\/li>\n<li>Mit 2 unabh\u00e4ngig schaltbaren und potentialfreien Relaisausg\u00e4ngen im Schlie\u00dfer-Betrieb.<\/li>\n<li>Mit automatischer Endlagen- und einstellbarer Stromflusserkennung.<\/li>\n<li>Einfache Montage in der Unterputz- oder Hohlwanddose (dezentral).<\/li>\n<li>Einfache Einbindung \u00fcber Loxone Tree Ger\u00e4tesuche.<\/li>\n<li>Steckbare Durchschleifklemme f\u00fcr die Spannungsversorgung und Buskommunikation.<\/li>\n<li>Inklusive kostenloser Updates.<\/li>\n<li>Inklusive Diagnose-Eing\u00e4nge f\u00fcr Onlinestatus, Systemtemperatur und Temperaturabschaltung.<\/li>\n<li>Kommunikation mit Automatisierungscontroller \u00fcber verschl\u00fcsselte und sabotagesichere Verkabelungs-Technologie Loxone Tree.<\/li>\n<\/ul>\n","protected":false},"excerpt":{"rendered":"<table class=\"styled-table\">\n<thead>\n<tr>\n<th>Technische Daten<\/th>\n<th>Details<\/th>\n<\/tr>\n<\/thead>\n<tbody>\n<tr>\n<td><strong>Spannungsversorgung<\/strong><\/td>\n<td>24V DC<\/td>\n<\/tr>\n<tr>\n<td><strong>Digitale Ausg\u00e4nge (Relais)<\/strong><\/td>\n<td>2 digitale Ausg\u00e4nge, max. 250VAC; 10A (IEC)<\/td>\n<\/tr>\n<tr>\n<td><strong>Gesamtlast Extension<\/strong><\/td>\n<td>max. 12A<\/td>\n<\/tr>\n<tr>\n<td><strong>Stromflusserkennung einstellbar<\/strong><\/td>\n<td>10 &#8211; 5000mA<\/td>\n<\/tr>\n<tr>\n<td><strong>Mindestlast Endlagenerkennung<\/strong><\/td>\n<td>100mA<\/td>\n<\/tr>\n<tr>\n<td><strong>Ma\u00dfe<\/strong><\/td>\n<td>39,45 x 38,95 x 20,2 mm<\/td>\n<\/tr>\n<\/tbody>\n<\/table>\n","protected":false},"featured_media":6306,"comment_status":"closed","ping_status":"closed","template":"","meta":{"_acf_changed":false},"product_cat":[254,257],"product_tag":[313,383,414,318],"class_list":{"0":"post-6304","1":"product","2":"type-product","3":"status-publish","4":"has-post-thumbnail","6":"product_cat-loxone","7":"product_cat-tree","8":"product_tag-loxone","9":"product_tag-nano","10":"product_tag-relay","11":"product_tag-tree","12":"pa_menge-stueck","14":"first","15":"instock","16":"taxable","17":"shipping-taxable","18":"purchasable","19":"product-type-simple"},"acf":[],"_links":{"self":[{"href":"\/shop\/wp-json\/wp\/v2\/product\/6304"}],"collection":[{"href":"\/shop\/wp-json\/wp\/v2\/product"}],"about":[{"href":"\/shop\/wp-json\/wp\/v2\/types\/product"}],"replies":[{"embeddable":true,"href":"\/shop\/wp-json\/wp\/v2\/comments?post=6304"}],"wp:featuredmedia":[{"embeddable":true,"href":"\/shop\/wp-json\/wp\/v2\/media\/6306"}],"wp:attachment":[{"href":"\/shop\/wp-json\/wp\/v2\/media?parent=6304"}],"wp:term":[{"taxonomy":"product_cat","embeddable":true,"href":"\/shop\/wp-json\/wp\/v2\/product_cat?post=6304"},{"taxonomy":"product_tag","embeddable":true,"href":"\/shop\/wp-json\/wp\/v2\/product_tag?post=6304"}],"curies":[{"name":"wp","href":"https:\/\/api.w.org\/{rel}","templated":true}]}}