{"id":6390,"date":"2024-09-03T16:44:56","date_gmt":"2024-09-03T14:44:56","guid":{"rendered":"https:\/\/www.mowitech.de\/shop\/?post_type=product&#038;p=6390"},"modified":"2025-03-10T13:12:34","modified_gmt":"2025-03-10T12:12:34","slug":"multi-extension-air-2","status":"publish","type":"product","link":"\/shop\/produkt\/multi-extension-air-2\/","title":{"rendered":"Multi Extension Air"},"content":{"rendered":"<ul class=\"styled-list\">\n<li><strong>Erweiterung der digitalen Ein- und Ausg\u00e4nge<\/strong> f\u00fcr den Automatisierungscontroller \u00fcber Funk<\/li>\n<li><strong>Zum Einsatz im gesch\u00fctzten Au\u00dfenbereich<\/strong> wie z.B. Garten, Pool und Auffahrt<\/li>\n<li><strong>Ideal geeignet zum:<\/strong>\n<ul>\n<li>Schalten von Bew\u00e4sserungsventilen<\/li>\n<li>Poolsteuerung<\/li>\n<li>Lampensteuerung<\/li>\n<li>Auslesen von 1-Wire-Sensoren<\/li>\n<li>Ansteuern von PWM-Leuchten \/ LED-Streifen<\/li>\n<\/ul>\n<\/li>\n<li><strong>Mit 8 unabh\u00e4ngig schaltbaren und potentialfreien Relaisausg\u00e4ngen<\/strong> im Schlie\u00dfer-Betrieb<\/li>\n<li><strong>12 digitale Eing\u00e4nge oder Frequenzz\u00e4hler<\/strong> bis zu 500Hz<\/li>\n<li><strong>4 PWM-Ausg\u00e4nge (RGBW)<\/strong> und eine 1-Wire-Schnittstelle<\/li>\n<li><strong>Mit SMA-Gewindebuchse<\/strong> f\u00fcr den Antennenanschluss (Antenne verl\u00e4ngerbar \/ versetzbar)<\/li>\n<li><strong>Einfache Montage<\/strong> auf der Hutschiene nach EN50022, 35mm, 9TE breit<\/li>\n<li><strong>Steckbare Schraubklemmen<\/strong> f\u00fcr jeden einzelnen Ein- und Ausgang, PWM und 1-Wire<\/li>\n<li><strong>Steckbare Schraubklemme<\/strong> f\u00fcr die Spannungsversorgung<\/li>\n<li><strong>Einfache Einbindung<\/strong> \u00fcber Loxone Air Ger\u00e4tesuche<\/li>\n<li><strong>IPSec verschl\u00fcsselt, bidirektionale Kommunikation<\/strong><\/li>\n<li><strong>Mesh-Technologie<\/strong> (leitet Funksignale weiter und erh\u00f6ht dadurch die Netzabdeckung)<\/li>\n<li><strong>Inklusive kostenloser Updates<\/strong> (updatef\u00e4hig \u00fcber Funk)<\/li>\n<li><strong>Inklusive Diagnose-Eing\u00e4nge<\/strong> f\u00fcr Onlinestatus, Systemtemperatur und Temperaturabschaltung<\/li>\n<li><strong>Kommunikation<\/strong> mit Automatisierungscontroller \u00fcber Geb\u00e4udefunk-Technologie Loxone Air<\/li>\n<\/ul>\n","protected":false},"excerpt":{"rendered":"<table>\n<thead>\n<tr>\n<th>Technische Daten<\/th>\n<th>Details<\/th>\n<\/tr>\n<\/thead>\n<tbody>\n<tr>\n<td><strong>Spannungsversorgung<\/strong><\/td>\n<td>24V DC<\/td>\n<\/tr>\n<tr>\n<td><strong>Digitale Eing\u00e4nge<\/strong><\/td>\n<td>12 digitale Eing\u00e4nge 24V DC \/ Frequenzz\u00e4hler bis 500Hz, Impulsbreite =3ms und Genauigkeit \u00b11Hz<\/td>\n<\/tr>\n<tr>\n<td><strong>Digitale Ausg\u00e4nge<\/strong><\/td>\n<td>8 digitale Ausg\u00e4nge (Relais), bistabil, potentialfrei, max. 250V AC; 16A (IEC)<\/td>\n<\/tr>\n<tr>\n<td><strong>Gesamtlast Extension<\/strong><\/td>\n<td>max. 48A<\/td>\n<\/tr>\n<tr>\n<td><strong>PWM Ausg\u00e4nge<\/strong><\/td>\n<td>4 PWM Ausg\u00e4nge (2,1A pro Kanal, 24V DC) RGBW-geeignet<\/td>\n<\/tr>\n<tr>\n<td><strong>1-Wire-Schnittstelle<\/strong><\/td>\n<td>F\u00fcr maximal 20 Sensoren bei maximal 50mA<\/td>\n<\/tr>\n<tr>\n<td><strong>Funkfrequenz<\/strong><\/td>\n<td>868MHz (Europa) 4 Kan\u00e4le w\u00e4hlbar; 915MHz (US) 10 Kan\u00e4le w\u00e4hlbar<\/td>\n<\/tr>\n<\/tbody>\n<\/table>\n","protected":false},"featured_media":6393,"comment_status":"closed","ping_status":"closed","template":"","meta":{"_acf_changed":false},"product_cat":[258,254],"product_tag":[315,408,313,407],"class_list":{"0":"post-6390","1":"product","2":"type-product","3":"status-publish","4":"has-post-thumbnail","6":"product_cat-air","7":"product_cat-loxone","8":"product_tag-air","9":"product_tag-extension","10":"product_tag-loxone","11":"product_tag-multi","12":"pa_menge-stueck","14":"first","15":"instock","16":"taxable","17":"shipping-taxable","18":"purchasable","19":"product-type-simple"},"acf":[],"_links":{"self":[{"href":"\/shop\/wp-json\/wp\/v2\/product\/6390"}],"collection":[{"href":"\/shop\/wp-json\/wp\/v2\/product"}],"about":[{"href":"\/shop\/wp-json\/wp\/v2\/types\/product"}],"replies":[{"embeddable":true,"href":"\/shop\/wp-json\/wp\/v2\/comments?post=6390"}],"wp:featuredmedia":[{"embeddable":true,"href":"\/shop\/wp-json\/wp\/v2\/media\/6393"}],"wp:attachment":[{"href":"\/shop\/wp-json\/wp\/v2\/media?parent=6390"}],"wp:term":[{"taxonomy":"product_cat","embeddable":true,"href":"\/shop\/wp-json\/wp\/v2\/product_cat?post=6390"},{"taxonomy":"product_tag","embeddable":true,"href":"\/shop\/wp-json\/wp\/v2\/product_tag?post=6390"}],"curies":[{"name":"wp","href":"https:\/\/api.w.org\/{rel}","templated":true}]}}