{"id":6406,"date":"2024-09-03T16:55:54","date_gmt":"2024-09-03T14:55:54","guid":{"rendered":"https:\/\/www.mowitech.de\/shop\/?post_type=product&#038;p=6406"},"modified":"2025-03-10T13:08:55","modified_gmt":"2025-03-10T12:08:55","slug":"zaehlerinterface-ir-air","status":"publish","type":"product","link":"\/shop\/produkt\/zaehlerinterface-ir-air\/","title":{"rendered":"Z\u00e4hlerinterface IR Air"},"content":{"rendered":"<ul class=\"styled-list\">\n<li><strong>Funk-Z\u00e4hlerinterface f\u00fcr den Automatisierungscontroller<\/strong><\/li>\n<li>Ideal geeignet zur Erfassung von Stromverbrauch, Netzbezug und Stromerzeugung \u00fcber elektronische Haushaltsz\u00e4hler (eHZ)<\/li>\n<li>Optimiert Energie- und Lastmanagement<\/li>\n<li>F\u00fcr Neubauten oder zum Nachr\u00fcsten \/ Renovieren \/ Sanieren<\/li>\n<li>Mit Infrarot-Schnittstelle zur Z\u00e4hlerwert\u00fcbertragung<\/li>\n<li>Mit MicroUSB und Push-In Kontakten f\u00fcr die Spannungsversorgung (ausw\u00e4hlbar)<\/li>\n<li>Mit interner Loxone Air Antenne (IPSec verschl\u00fcsselt, bidirektionale Kommunikation)<\/li>\n<li>Einfache Einbindung \u00fcber Loxone Air Ger\u00e4tesuche<\/li>\n<li>Einfache Plug\u00b4n\u00b4Play-Montage dank Magnethalterung und MicroUSB-Anschluss<\/li>\n<li>Mesh-Technologie (leitet Funksignale weiter und erh\u00f6ht dadurch die Netzabdeckung)<\/li>\n<li>Inklusive kostenloser Updates (updatef\u00e4hig \u00fcber Funk)<\/li>\n<li>Inklusive Diagnose-Eingang zur Onlinestatus-\u00dcberwachung<\/li>\n<li>Kommunikation mit Automatisierungscontroller \u00fcber Geb\u00e4udefunk-Technologie Loxone Air<\/li>\n<\/ul>\n","protected":false},"excerpt":{"rendered":"<table class=\"styled-table\">\n<thead>\n<tr>\n<th>Technische Daten<\/th>\n<th>Details<\/th>\n<\/tr>\n<\/thead>\n<tbody>\n<tr>\n<td>Spannungsversorgung<\/td>\n<td>5V DC \u00fcber MicroUSB oder 24V DC<\/td>\n<\/tr>\n<tr>\n<td>Infrarot-Schnittstelle<\/td>\n<td>IEC 62056-21<\/td>\n<\/tr>\n<tr>\n<td>Frequenzb\u00e4nder<\/td>\n<td>868MHz (Europa) 4 Kan\u00e4le w\u00e4hlbar, 915MHz (US) 10 Kan\u00e4le w\u00e4hlbar<\/td>\n<\/tr>\n<tr>\n<td>Ma\u00dfe<\/td>\n<td>33,6 x 34 mm (DxH)<\/td>\n<\/tr>\n<\/tbody>\n<\/table>\n","protected":false},"featured_media":6408,"comment_status":"closed","ping_status":"closed","template":"","meta":{"_acf_changed":false},"product_cat":[258,254],"product_tag":[315,403,313,401,402],"class_list":{"0":"post-6406","1":"product","2":"type-product","3":"status-publish","4":"has-post-thumbnail","6":"product_cat-air","7":"product_cat-loxone","8":"product_tag-air","9":"product_tag-ir","10":"product_tag-loxone","11":"product_tag-zaehler","12":"product_tag-zaehlerinterface","13":"pa_menge-stueck","15":"first","16":"outofstock","17":"taxable","18":"shipping-taxable","19":"purchasable","20":"product-type-simple"},"acf":[],"_links":{"self":[{"href":"\/shop\/wp-json\/wp\/v2\/product\/6406"}],"collection":[{"href":"\/shop\/wp-json\/wp\/v2\/product"}],"about":[{"href":"\/shop\/wp-json\/wp\/v2\/types\/product"}],"replies":[{"embeddable":true,"href":"\/shop\/wp-json\/wp\/v2\/comments?post=6406"}],"wp:featuredmedia":[{"embeddable":true,"href":"\/shop\/wp-json\/wp\/v2\/media\/6408"}],"wp:attachment":[{"href":"\/shop\/wp-json\/wp\/v2\/media?parent=6406"}],"wp:term":[{"taxonomy":"product_cat","embeddable":true,"href":"\/shop\/wp-json\/wp\/v2\/product_cat?post=6406"},{"taxonomy":"product_tag","embeddable":true,"href":"\/shop\/wp-json\/wp\/v2\/product_tag?post=6406"}],"curies":[{"name":"wp","href":"https:\/\/api.w.org\/{rel}","templated":true}]}}