{"id":6410,"date":"2024-09-03T16:58:30","date_gmt":"2024-09-03T14:58:30","guid":{"rendered":"https:\/\/www.mowitech.de\/shop\/?post_type=product&#038;p=6410"},"modified":"2025-03-10T12:50:57","modified_gmt":"2025-03-10T11:50:57","slug":"nano-io-air","status":"publish","type":"product","link":"\/shop\/produkt\/nano-io-air\/","title":{"rendered":"Nano IO Air"},"content":{"rendered":"<ul class=\"styled-list\">\n<li><strong>Schaltbares Funk-Unterputzmodul f\u00fcr den Automatisierungscontroller<\/strong><\/li>\n<li>Ideal geeignet f\u00fcr Energie- und Lastmanagement oder zum Schalten von Verbrauchern<\/li>\n<li>F\u00fcr Neubauten oder zum Nachr\u00fcsten \/ Renovieren \/ Sanieren<\/li>\n<li>Mit 2 unabh\u00e4ngig schaltbaren und potentialfreien Relaisausg\u00e4ngen im Schlie\u00dfer-Betrieb<\/li>\n<li>Mit 6 digitalen Eing\u00e4ngen basierend auf Schaltschwellen-Messung, unabh\u00e4ngig erfassbar und einzeln visualisierbar<\/li>\n<li>Mit Loxone Nano Schnittstelle zum Aufsetzen von Loxone Nano Bedienelementen<\/li>\n<li>Mit interner Loxone Air Antenne (IPSec verschl\u00fcsselt, bidirektionale Kommunikation)<\/li>\n<li>Einfache Montage in der Unterputz- oder Hohlwanddose<\/li>\n<li>Einfache Einbindung \u00fcber Loxone Air Ger\u00e4tesuche<\/li>\n<li>Mesh-Technologie (leitet Funksignale weiter und erh\u00f6ht dadurch die Netzabdeckung)<\/li>\n<li>Inklusive kostenloser Updates (updatef\u00e4hig \u00fcber Funk)<\/li>\n<li>Inklusive Diagnose-Eing\u00e4nge f\u00fcr Onlinestatus, Systemtemperatur und Temperaturabschaltung<\/li>\n<li>Kommunikation mit Automatisierungscontroller \u00fcber Geb\u00e4udefunk-Technologie Loxone Air<\/li>\n<\/ul>\n","protected":false},"excerpt":{"rendered":"<table class=\"styled-table\">\n<thead>\n<tr>\n<th>Technische Daten<\/th>\n<th>Details<\/th>\n<\/tr>\n<\/thead>\n<tbody>\n<tr>\n<td><strong>Spannungsversorgung<\/strong><\/td>\n<td>110-230V AC, 50\/60Hz oder 24V DC<\/td>\n<\/tr>\n<tr>\n<td><strong>Digitale Ausg\u00e4nge<\/strong><\/td>\n<td>2 digitale Ausg\u00e4nge (schalten Versorgungsspannung) bis 5A<\/td>\n<\/tr>\n<tr>\n<td><strong>Digitale Eing\u00e4nge<\/strong><\/td>\n<td>6 digitale Eing\u00e4nge 24V DC bzw. Loxone Nano Schnittstelle<\/td>\n<\/tr>\n<tr>\n<td><strong>Frequenzb\u00e4nder<\/strong><\/td>\n<td>868MHz (Europa) 4 Kan\u00e4le w\u00e4hlbar<br \/>\n915MHz (US) 10 Kan\u00e4le w\u00e4hlbar<\/td>\n<\/tr>\n<tr>\n<td><strong>Ma\u00dfe<\/strong><\/td>\n<td>53 x 52 x 29 mm<\/td>\n<\/tr>\n<\/tbody>\n<\/table>\n","protected":false},"featured_media":6413,"comment_status":"closed","ping_status":"closed","template":"","meta":{"_acf_changed":false},"product_cat":[258,254],"product_tag":[315,313,400],"class_list":{"0":"post-6410","1":"product","2":"type-product","3":"status-publish","4":"has-post-thumbnail","6":"product_cat-air","7":"product_cat-loxone","8":"product_tag-air","9":"product_tag-loxone","10":"product_tag-nano-io","11":"pa_menge-stueck","13":"first","14":"instock","15":"taxable","16":"shipping-taxable","17":"purchasable","18":"product-type-simple"},"acf":[],"_links":{"self":[{"href":"\/shop\/wp-json\/wp\/v2\/product\/6410"}],"collection":[{"href":"\/shop\/wp-json\/wp\/v2\/product"}],"about":[{"href":"\/shop\/wp-json\/wp\/v2\/types\/product"}],"replies":[{"embeddable":true,"href":"\/shop\/wp-json\/wp\/v2\/comments?post=6410"}],"wp:featuredmedia":[{"embeddable":true,"href":"\/shop\/wp-json\/wp\/v2\/media\/6413"}],"wp:attachment":[{"href":"\/shop\/wp-json\/wp\/v2\/media?parent=6410"}],"wp:term":[{"taxonomy":"product_cat","embeddable":true,"href":"\/shop\/wp-json\/wp\/v2\/product_cat?post=6410"},{"taxonomy":"product_tag","embeddable":true,"href":"\/shop\/wp-json\/wp\/v2\/product_tag?post=6410"}],"curies":[{"name":"wp","href":"https:\/\/api.w.org\/{rel}","templated":true}]}}