{"id":6417,"date":"2024-09-03T17:04:32","date_gmt":"2024-09-03T15:04:32","guid":{"rendered":"https:\/\/www.mowitech.de\/shop\/?post_type=product&#038;p=6417"},"modified":"2025-03-10T12:49:26","modified_gmt":"2025-03-10T11:49:26","slug":"touch-air-anthrazit","status":"publish","type":"product","link":"\/shop\/produkt\/touch-air-anthrazit\/","title":{"rendered":"Touch Air Anthrazit"},"content":{"rendered":"<ul class=\"styled-list\">\n<li>Touch Air Anthrazit<\/li>\n<li>Funk-5-Punkt-Taster inklusive Raumklimasensor f\u00fcr den Automatisierungscontroller<\/li>\n<li>Zur Bedienung von Licht, Beschattung, Audio und vielem mehr<\/li>\n<li>Ideal geeignet zur Optimierung des Heizungs- und L\u00fcftungssystems und zur Brandfr\u00fcherkennung<\/li>\n<li>F\u00fcr Neubauten oder zum Nachr\u00fcsten \/ Renovieren \/ Sanieren<\/li>\n<li>Mit 5 Tastpunkten (Einfach-, Mehrfach- und Langzeitklick) und akustischem Klick-Feedback, individuell oder nach Loxone T5-Standard belegbar<\/li>\n<li>Mit Temperatur- und Luftfeuchtigkeitssensor<\/li>\n<li>Mit interner Loxone Air Antenne (IPSec verschl\u00fcsselt, bidirektionale Kommunikation)<\/li>\n<li>Einfache Montage ohne Unterputzdose m\u00f6glich (55er Rasterma\u00df)<\/li>\n<li>Einfache Einbindung \u00fcber Loxone Air Ger\u00e4tesuche<\/li>\n<li>Batterieversorgt mit Live-R\u00fcckmeldung des aktuellen Batteriestands<\/li>\n<li>Push-Benachrichtigung bei niedrigem Batteriestand<\/li>\n<li>Inklusive kostenloser Updates (updatef\u00e4hig \u00fcber Funk)<\/li>\n<li>Inklusive Diagnose-Eing\u00e4nge zur Online-Status- und Batterie\u00fcberwachung (Batterie schwach und Kapazit\u00e4t)<\/li>\n<li>Kommunikation mit Automatisierungscontroller \u00fcber Geb\u00e4udefunk-Technologie Loxone Air<\/li>\n<\/ul>\n","protected":false},"excerpt":{"rendered":"<table class=\"styled-table\">\n<thead>\n<tr>\n<th>Eigenschaft<\/th>\n<th>Details<\/th>\n<\/tr>\n<\/thead>\n<tbody>\n<tr>\n<td>Spannungsversorgung<\/td>\n<td>1x CR2450 Batterie (h\u00e4lt bis zu 2 Jahre)<\/td>\n<\/tr>\n<tr>\n<td>Tastpunkte<\/td>\n<td>5 Tastpunkte, kapazitive Ber\u00fchrungserkennung, akustisches Feedback, individuell belegbar<\/td>\n<\/tr>\n<tr>\n<td>Temperatursensor Messbereich<\/td>\n<td>-40 &#8211; +125\u00b0C, \u00b10,5\u00b0C<\/td>\n<\/tr>\n<tr>\n<td>Luftfeuchtigkeitssensor Erfassungsbereich<\/td>\n<td>0 &#8211; 100%, \u00b12% (nicht kondensierend)<\/td>\n<\/tr>\n<tr>\n<td>Frequenzbereich (Europa)<\/td>\n<td>868MHz, 4 Kan\u00e4le w\u00e4hlbar<\/td>\n<\/tr>\n<tr>\n<td>Frequenzbereich (US)<\/td>\n<td>915MHz, 10 Kan\u00e4le w\u00e4hlbar<\/td>\n<\/tr>\n<tr>\n<td>Ma\u00dfe<\/td>\n<td>80 x 80 x 10 mm<\/td>\n<\/tr>\n<\/tbody>\n<\/table>\n","protected":false},"featured_media":6419,"comment_status":"closed","ping_status":"closed","template":"","meta":{"_acf_changed":false},"product_cat":[258,254],"product_tag":[315,380,313,394],"class_list":{"0":"post-6417","1":"product","2":"type-product","3":"status-publish","4":"has-post-thumbnail","6":"product_cat-air","7":"product_cat-loxone","8":"product_tag-air","9":"product_tag-anthrazit","10":"product_tag-loxone","11":"product_tag-touch","12":"pa_menge-stueck","14":"first","15":"instock","16":"taxable","17":"shipping-taxable","18":"purchasable","19":"product-type-simple"},"acf":[],"_links":{"self":[{"href":"\/shop\/wp-json\/wp\/v2\/product\/6417"}],"collection":[{"href":"\/shop\/wp-json\/wp\/v2\/product"}],"about":[{"href":"\/shop\/wp-json\/wp\/v2\/types\/product"}],"replies":[{"embeddable":true,"href":"\/shop\/wp-json\/wp\/v2\/comments?post=6417"}],"wp:featuredmedia":[{"embeddable":true,"href":"\/shop\/wp-json\/wp\/v2\/media\/6419"}],"wp:attachment":[{"href":"\/shop\/wp-json\/wp\/v2\/media?parent=6417"}],"wp:term":[{"taxonomy":"product_cat","embeddable":true,"href":"\/shop\/wp-json\/wp\/v2\/product_cat?post=6417"},{"taxonomy":"product_tag","embeddable":true,"href":"\/shop\/wp-json\/wp\/v2\/product_tag?post=6417"}],"curies":[{"name":"wp","href":"https:\/\/api.w.org\/{rel}","templated":true}]}}