{"id":6423,"date":"2024-09-04T09:17:13","date_gmt":"2024-09-04T07:17:13","guid":{"rendered":"https:\/\/www.mowitech.de\/shop\/?post_type=product&#038;p=6423"},"modified":"2025-03-10T12:48:33","modified_gmt":"2025-03-10T11:48:33","slug":"touch-pure-air-anthrazit","status":"publish","type":"product","link":"\/shop\/produkt\/touch-pure-air-anthrazit\/","title":{"rendered":"Touch Pure Air Anthrazit"},"content":{"rendered":"<ul class=\"styled-list\">\n<li>Funk-5-Punkt-Taster aus Echtglas inklusive Raumklimasensor f\u00fcr den Automatisierungscontroller<\/li>\n<li>Zur Bedienung von Licht, Beschattung, Audio und vielem mehr<\/li>\n<li>Ideal geeignet zur Optimierung des Heizungs- und L\u00fcftungssystems und zur Brandfr\u00fcherkennung<\/li>\n<li>F\u00fcr Neubauten oder zum Nachr\u00fcsten \/ Renovieren \/ Sanieren<\/li>\n<li>Mit 5 Tastpunkten (Einfach-, Mehrfach- und Langzeitklick) und akustischem Klick-Feedback, individuell oder nach Loxone T5-Standard belegbar<\/li>\n<li>Mit Temperatur- und Luftfeuchtigkeitssensor<\/li>\n<li>Mit satinierter Echtglas-Oberfl\u00e4che und Orientierungslicht<\/li>\n<li>Mit interner Loxone Air Antenne (IPSec verschl\u00fcsselt, bidirektionale Kommunikation)<\/li>\n<li>Einfache Montage ohne Unterputzdose m\u00f6glich<\/li>\n<li>Einfache Einbindung \u00fcber Loxone Air Ger\u00e4tesuche<\/li>\n<li>Steckbare Durchschleifklemme f\u00fcr die externe Spannungsversorgung bzw. batterieversorgt mit Live-R\u00fcckmeldung des aktuellen Batteriestands<\/li>\n<li>Push-Benachrichtigung bei niedrigem Batteriestand<\/li>\n<li>Inklusive kostenloser Updates (updatef\u00e4hig \u00fcber Funk)<\/li>\n<li>Inklusive Diagnose-Eing\u00e4nge zur Online-Status- und Batterie\u00fcberwachung (Batterie schwach und Kapazit\u00e4t)<\/li>\n<li>Kommunikation mit Automatisierungscontroller \u00fcber Geb\u00e4udefunk-Technologie Loxone Air<\/li>\n<\/ul>\n","protected":false},"excerpt":{"rendered":"<table class=\"styled-table\">\n<thead>\n<tr>\n<th>Eigenschaft<\/th>\n<th>Details<\/th>\n<\/tr>\n<\/thead>\n<tbody>\n<tr>\n<td>Spannungsversorgung<\/td>\n<td>24V DC oder 2x 1,5V AAA Batterien (h\u00e4lt bis zu 2 Jahre)<\/td>\n<\/tr>\n<tr>\n<td>Tastpunkte<\/td>\n<td>5 Tastpunkte, kapazitive Ber\u00fchrungserkennung, akustisches Feedback, individuell belegbar<\/td>\n<\/tr>\n<tr>\n<td>Temperatursensor Messbereich<\/td>\n<td>-40 &#8211; +125\u00b0C, \u00b10,5\u00b0C<\/td>\n<\/tr>\n<tr>\n<td>Luftfeuchtigkeitssensor Erfassungsbereich<\/td>\n<td>0 &#8211; 100%, \u00b12% (nicht kondensierend)<\/td>\n<\/tr>\n<tr>\n<td>Orientierungslicht<\/td>\n<td>Individuell ansteuerbar (nur bei externer Spannungsversorgung m\u00f6glich)<\/td>\n<\/tr>\n<tr>\n<td>Frequenzbereich (Europa)<\/td>\n<td>868MHz, 4 Kan\u00e4le w\u00e4hlbar<\/td>\n<\/tr>\n<tr>\n<td>Frequenzbereich (US)<\/td>\n<td>915MHz, 10 Kan\u00e4le w\u00e4hlbar<\/td>\n<\/tr>\n<tr>\n<td>Ma\u00dfe<\/td>\n<td>90 x 90 x 16 mm<\/td>\n<\/tr>\n<\/tbody>\n<\/table>\n","protected":false},"featured_media":6425,"comment_status":"closed","ping_status":"closed","template":"","meta":{"_acf_changed":false},"product_cat":[258,254],"product_tag":[315,380,313,399,394],"class_list":{"0":"post-6423","1":"product","2":"type-product","3":"status-publish","4":"has-post-thumbnail","6":"product_cat-air","7":"product_cat-loxone","8":"product_tag-air","9":"product_tag-anthrazit","10":"product_tag-loxone","11":"product_tag-pure","12":"product_tag-touch","13":"pa_menge-stueck","15":"first","16":"instock","17":"taxable","18":"shipping-taxable","19":"purchasable","20":"product-type-simple"},"acf":[],"_links":{"self":[{"href":"\/shop\/wp-json\/wp\/v2\/product\/6423"}],"collection":[{"href":"\/shop\/wp-json\/wp\/v2\/product"}],"about":[{"href":"\/shop\/wp-json\/wp\/v2\/types\/product"}],"replies":[{"embeddable":true,"href":"\/shop\/wp-json\/wp\/v2\/comments?post=6423"}],"wp:featuredmedia":[{"embeddable":true,"href":"\/shop\/wp-json\/wp\/v2\/media\/6425"}],"wp:attachment":[{"href":"\/shop\/wp-json\/wp\/v2\/media?parent=6423"}],"wp:term":[{"taxonomy":"product_cat","embeddable":true,"href":"\/shop\/wp-json\/wp\/v2\/product_cat?post=6423"},{"taxonomy":"product_tag","embeddable":true,"href":"\/shop\/wp-json\/wp\/v2\/product_tag?post=6423"}],"curies":[{"name":"wp","href":"https:\/\/api.w.org\/{rel}","templated":true}]}}