{"id":6452,"date":"2024-09-04T09:44:06","date_gmt":"2024-09-04T07:44:06","guid":{"rendered":"https:\/\/www.mowitech.de\/shop\/?post_type=product&#038;p=6452"},"modified":"2025-03-04T12:46:37","modified_gmt":"2025-03-04T11:46:37","slug":"touch-nightlight-air-vienna-edition","status":"publish","type":"product","link":"\/shop\/produkt\/touch-nightlight-air-vienna-edition\/","title":{"rendered":"Touch Nightlight Air Vienna Edition"},"content":{"rendered":"<ul class=\"styled-list\">\n<li>Funk-7-Punkt-Taster aus Echtglas inklusive Lichtwecker-Funktion f\u00fcr den Automatisierungscontroller<\/li>\n<li>Zur Bedienung von Licht, Beschattung, Audio und vielem mehr<\/li>\n<li>Ideal geeignet neben dem Bett oder als Tisch-Taster mit integriertem Licht<\/li>\n<li>F\u00fcr Neubauten oder zum Nachr\u00fcsten \/ Renovieren \/ Sanieren<\/li>\n<li>Mit 6 individuell belegbaren Tastpunkten (Einfach-, Mehrfach- und Langzeitklick)<\/li>\n<li>Mit 1 weiteren Tastpunkt und 1 LED (ansteuerbar) zur Bedienung des Nightlights<\/li>\n<li>Mit interner Loxone Air Antenne (IPSec verschl\u00fcsselt, bidirektionale Kommunikation)<\/li>\n<li>Mit satinierter Echtglas-Oberfl\u00e4che und RGBW-Lampe im Geh\u00e4use<\/li>\n<li>Mit Weckerfunktion (akustischer Alarm und Licht) mit Schlummerfunktion<\/li>\n<li>Einfache Plug\u00b4n\u00b4Play-Montage dank MicroUSB-Anschluss<\/li>\n<li>Einfache Einbindung \u00fcber Loxone Air Ger\u00e4tesuche<\/li>\n<li>Inklusive kostenloser Updates (updatef\u00e4hig \u00fcber Funk)<\/li>\n<li>Inklusive Diagnose-Eingang zur Onlinestatus-\u00dcberwachung<\/li>\n<li>Kommunikation mit Automatisierungscontroller \u00fcber Geb\u00e4udefunk-Technologie Loxone Air<\/li>\n<\/ul>\n","protected":false},"excerpt":{"rendered":"<table class=\"styled-table\">\n<thead>\n<tr>\n<th>Eigenschaft<\/th>\n<th>Details<\/th>\n<\/tr>\n<\/thead>\n<tbody>\n<tr>\n<td>Spannungsversorgung<\/td>\n<td>5V DC \u00fcber MicroUSB<\/td>\n<\/tr>\n<tr>\n<td>Tastpunkte<\/td>\n<td>7 Tastpunkte, kapazitive Ber\u00fchrungserkennung, akustisches Feedback, teilweise individuell belegbar<\/td>\n<\/tr>\n<tr>\n<td>Weckzeit<\/td>\n<td>Am Ger\u00e4t und in der App einstellbar<\/td>\n<\/tr>\n<tr>\n<td>Akustischer Alarm<\/td>\n<td>Durch eingebautes Signal oder durch Audioserver<\/td>\n<\/tr>\n<tr>\n<td>RGBW-Licht<\/td>\n<td>Individuell ansteuerbar<\/td>\n<\/tr>\n<tr>\n<td>Anzeige<\/td>\n<td>F\u00fcr Uhrzeit und Temperatur<\/td>\n<\/tr>\n<tr>\n<td>Frequenzb\u00e4nder<\/td>\n<td>868MHz (Europa) 4 Kan\u00e4le w\u00e4hlbar, 915MHz (US) 10 Kan\u00e4le w\u00e4hlbar<\/td>\n<\/tr>\n<tr>\n<td>Ma\u00dfe<\/td>\n<td>120 x 120 x 75 mm<\/td>\n<\/tr>\n<\/tbody>\n<\/table>\n","protected":false},"featured_media":6454,"comment_status":"closed","ping_status":"closed","template":"","meta":{"_acf_changed":false},"product_cat":[258,254],"product_tag":[315,313,397,396,394],"class_list":{"0":"post-6452","1":"product","2":"type-product","3":"status-publish","4":"has-post-thumbnail","6":"product_cat-air","7":"product_cat-loxone","8":"product_tag-air","9":"product_tag-loxone","10":"product_tag-nachtlicht","11":"product_tag-nightlight","12":"product_tag-touch","13":"pa_menge-stueck","15":"first","16":"instock","17":"taxable","18":"shipping-taxable","19":"purchasable","20":"product-type-simple"},"acf":[],"_links":{"self":[{"href":"\/shop\/wp-json\/wp\/v2\/product\/6452"}],"collection":[{"href":"\/shop\/wp-json\/wp\/v2\/product"}],"about":[{"href":"\/shop\/wp-json\/wp\/v2\/types\/product"}],"replies":[{"embeddable":true,"href":"\/shop\/wp-json\/wp\/v2\/comments?post=6452"}],"wp:featuredmedia":[{"embeddable":true,"href":"\/shop\/wp-json\/wp\/v2\/media\/6454"}],"wp:attachment":[{"href":"\/shop\/wp-json\/wp\/v2\/media?parent=6452"}],"wp:term":[{"taxonomy":"product_cat","embeddable":true,"href":"\/shop\/wp-json\/wp\/v2\/product_cat?post=6452"},{"taxonomy":"product_tag","embeddable":true,"href":"\/shop\/wp-json\/wp\/v2\/product_tag?post=6452"}],"curies":[{"name":"wp","href":"https:\/\/api.w.org\/{rel}","templated":true}]}}