{"id":6462,"date":"2024-09-04T09:50:17","date_gmt":"2024-09-04T07:50:17","guid":{"rendered":"https:\/\/www.mowitech.de\/shop\/?post_type=product&#038;p=6462"},"modified":"2025-03-04T12:35:19","modified_gmt":"2025-03-04T11:35:19","slug":"nfc-code-touch-air-anthrazit","status":"publish","type":"product","link":"\/shop\/produkt\/nfc-code-touch-air-anthrazit\/","title":{"rendered":"NFC Code Touch Air Anthrazit"},"content":{"rendered":"<ul class=\"styled-list\">\n<li><strong>Verwendungszweck:<\/strong> Ideale Zutrittsl\u00f6sung f\u00fcr Haust\u00fcren, Garagen und Schlie\u00dff\u00e4cher oder Abrechnungssysteme<\/li>\n<li><strong>Funktionen:<\/strong> Vergabe von dauerhaften Codes, Einmalcodes und zeitlichen Codes m\u00f6glich<\/li>\n<li><strong>Authentifizierung:<\/strong> Zwei-Faktor-Authentifizierung mittels Code und NFC-Chip m\u00f6glich<\/li>\n<li><strong>Montage:<\/strong> F\u00fcr Neubauten oder zum Nachr\u00fcsten \/ Renovieren \/ Sanieren<\/li>\n<li><strong>Tastpunkte:<\/strong> 12 beleuchtete Tastpunkte (0-9, Best\u00e4tigung, Klingel) und akustisches Klick-Feedback<\/li>\n<li><strong>NFC-Leser:<\/strong> Integriertes NFC-Leseger\u00e4t zum Auslesen von NFC-Chips<\/li>\n<li><strong>Oberfl\u00e4che:<\/strong> Satinierte Echtglas-Oberfl\u00e4che (keine Fingerabdr\u00fccke) und 4 ansteuerbare LEDs<\/li>\n<li><strong>Kommunikation:<\/strong> Interne Loxone Air Antenne (IPSec verschl\u00fcsselt, bidirektionale Kommunikation)<\/li>\n<li><strong>Montage:<\/strong> Einfache Montage ohne Unterputzdose m\u00f6glich (perfekt kombinierbar mit Intercom)<\/li>\n<li><strong>Witterungsbest\u00e4ndigkeit:<\/strong> F\u00fcr den Au\u00dfen- und Inneneinsatz geeignet<\/li>\n<li><strong>Einbindung:<\/strong> Einfache Einbindung \u00fcber Loxone Air Ger\u00e4tesuche<\/li>\n<li><strong>Stromversorgung:<\/strong> Steckbare Durchschleifklemme f\u00fcr die externe Spannungsversorgung bzw. batterieversorgt mit Live-R\u00fcckmeldung des aktuellen Batteriestands<\/li>\n<li><strong>Benachrichtigung:<\/strong> Push-Benachrichtigung bei niedrigem Batteriestand<\/li>\n<li><strong>Updates:<\/strong> Inklusive kostenloser Updates (updatef\u00e4hig \u00fcber Funk)<\/li>\n<li><strong>Diagnose:<\/strong> Inklusive Diagnose-Eing\u00e4nge zur Onlinestatus- und Batterie\u00fcberwachung (Batterie schwach und Kapazit\u00e4t)<\/li>\n<li><strong>Kommunikation:<\/strong> Kommunikation mit Automatisierungscontroller \u00fcber Geb\u00e4udefunk-Technologie Loxone Air<\/li>\n<\/ul>\n","protected":false},"excerpt":{"rendered":"<table class=\"styled-table\">\n<tbody>\n<tr>\n<td><strong>Spannungsversorgung:<\/strong><\/td>\n<td>24V DC oder 2x AAA Batterien (h\u00e4lt bis zu 2 Jahre)<\/td>\n<\/tr>\n<tr>\n<td><strong>Tastpunkte:<\/strong><\/td>\n<td>12 Tastpunkte, kapazitive Ber\u00fchrungserkennung, akustisches Feedback<\/td>\n<\/tr>\n<tr>\n<td><strong>NFC:<\/strong><\/td>\n<td>Unverschl\u00fcsselt (ISO\/IEC 14443, feste UID) oder verschl\u00fcsselt (MIFARE\u00ae DESFire\u00ae EV1 Chip)<\/td>\n<\/tr>\n<tr>\n<td><strong>Frequenzbereiche:<\/strong><\/td>\n<td>868MHz (Europa) 4 Kan\u00e4le w\u00e4hlbar, 915MHz (US) 10 Kan\u00e4le w\u00e4hlbar<\/td>\n<\/tr>\n<tr>\n<td><strong>Ma\u00dfe:<\/strong><\/td>\n<td>90 x 90 x 16 mm<\/td>\n<\/tr>\n<\/tbody>\n<\/table>\n","protected":false},"featured_media":6464,"comment_status":"closed","ping_status":"closed","template":"","meta":{"_acf_changed":false},"product_cat":[258,254],"product_tag":[315,313,392,393],"class_list":{"0":"post-6462","1":"product","2":"type-product","3":"status-publish","4":"has-post-thumbnail","6":"product_cat-air","7":"product_cat-loxone","8":"product_tag-air","9":"product_tag-loxone","10":"product_tag-nfc","11":"product_tag-nfc-code-touch","12":"pa_menge-stueck","14":"first","15":"instock","16":"taxable","17":"shipping-taxable","18":"purchasable","19":"product-type-simple"},"acf":[],"_links":{"self":[{"href":"\/shop\/wp-json\/wp\/v2\/product\/6462"}],"collection":[{"href":"\/shop\/wp-json\/wp\/v2\/product"}],"about":[{"href":"\/shop\/wp-json\/wp\/v2\/types\/product"}],"replies":[{"embeddable":true,"href":"\/shop\/wp-json\/wp\/v2\/comments?post=6462"}],"wp:featuredmedia":[{"embeddable":true,"href":"\/shop\/wp-json\/wp\/v2\/media\/6464"}],"wp:attachment":[{"href":"\/shop\/wp-json\/wp\/v2\/media?parent=6462"}],"wp:term":[{"taxonomy":"product_cat","embeddable":true,"href":"\/shop\/wp-json\/wp\/v2\/product_cat?post=6462"},{"taxonomy":"product_tag","embeddable":true,"href":"\/shop\/wp-json\/wp\/v2\/product_tag?post=6462"}],"curies":[{"name":"wp","href":"https:\/\/api.w.org\/{rel}","templated":true}]}}