{"id":6465,"date":"2024-09-04T09:52:38","date_gmt":"2024-09-04T07:52:38","guid":{"rendered":"https:\/\/www.mowitech.de\/shop\/?post_type=product&#038;p=6465"},"modified":"2025-03-04T12:34:25","modified_gmt":"2025-03-04T11:34:25","slug":"nfc-code-touch-for-nano-weiss","status":"publish","type":"product","link":"\/shop\/produkt\/nfc-code-touch-for-nano-weiss\/","title":{"rendered":"NFC Code Touch for Nano Wei\u00df"},"content":{"rendered":"<ul class=\"styled-list\">\n<li><strong>Verwendungszweck:<\/strong> Ideale Zutrittsl\u00f6sung f\u00fcr Haust\u00fcren, Garagen und Schlie\u00dff\u00e4cher oder Abrechnungssysteme<\/li>\n<li><strong>Funktionen:<\/strong> Vergabe von dauerhaften Codes, Einmalcodes und zeitlichen Codes m\u00f6glich<\/li>\n<li><strong>Authentifizierung:<\/strong> Zwei-Faktor-Authentifizierung mittels Code und NFC-Chip m\u00f6glich<\/li>\n<li><strong>Geeignet f\u00fcr:<\/strong> Ideal zum Nachr\u00fcsten \/ Renovieren \/ Sanieren<\/li>\n<li><strong>Tastpunkte:<\/strong> 12 beleuchtete Tastpunkte (0-9, Best\u00e4tigung, Klingel) und akustisches Klick-Feedback<\/li>\n<li><strong>NFC-Leser:<\/strong> Integriertes NFC-Leseger\u00e4t zum Auslesen von NFC-Chips<\/li>\n<li><strong>Oberfl\u00e4che:<\/strong> Satinierte Echtglas-Oberfl\u00e4che (keine Fingerabdr\u00fccke) und 4 ansteuerbare LEDs<\/li>\n<li><strong>Schnittstelle:<\/strong> Loxone Nano Schnittstelle zum Aufsetzen auf Loxone Nano-Unterputzmodul (Nano IO Air)<\/li>\n<li><strong>Montage:<\/strong> Einfache Montage auf Loxone Nano-Unterputzmodul<\/li>\n<li><strong>Witterungsbest\u00e4ndigkeit:<\/strong> F\u00fcr den Au\u00dfen- und Inneneinsatz geeignet<\/li>\n<li><strong>Einbindung:<\/strong> Einfache Einbindung \u00fcber Config-Verkn\u00fcpfung mit Nano-Unterputzmodul<\/li>\n<li><strong>Stromversorgung:<\/strong> Spannungsversorgt durch Aufstecken auf Nano-Unterputzmodul<\/li>\n<li><strong>Updates:<\/strong> Inklusive kostenloser Updates (\u00fcbernimmt Updates vom Nano-Unterputzmodul)<\/li>\n<li><strong>Diagnose:<\/strong> Inklusive Diagnose-Eing\u00e4nge vom Nano-Unterputzmodul<\/li>\n<li><strong>Kommunikation:<\/strong> Kommunikation mit Automatisierungscontroller \u00fcber Nano-Unterputzmodul<\/li>\n<\/ul>\n","protected":false},"excerpt":{"rendered":"<table class=\"styled-table\">\n<tbody>\n<tr>\n<td><strong>Spannungsversorgung:<\/strong><\/td>\n<td>via Nano-Unterputzmodul (Nano IO Air \/ Nano Dimmer Air)<\/td>\n<\/tr>\n<tr>\n<td><strong>Tastpunkte:<\/strong><\/td>\n<td>12 Tastpunkte, kapazitive Ber\u00fchrungserkennung, akustisches Feedback<\/td>\n<\/tr>\n<tr>\n<td><strong>NFC:<\/strong><\/td>\n<td>unverschl\u00fcsselt (ISO\/IEC 14443, feste UID) oder verschl\u00fcsselt (MIFARE\u00ae DESFire\u00ae EV1 Chip)<\/td>\n<\/tr>\n<tr>\n<td><strong>Frequenzb\u00e4nder:<\/strong><\/td>\n<td>868MHz (Europa) 4 Kan\u00e4le w\u00e4hlbar, 915MHz (US) 10 Kan\u00e4le w\u00e4hlbar<\/td>\n<\/tr>\n<tr>\n<td><strong>Ma\u00dfe:<\/strong><\/td>\n<td>90 x 90 x 15,8 mm<\/td>\n<\/tr>\n<\/tbody>\n<\/table>\n","protected":false},"featured_media":6467,"comment_status":"closed","ping_status":"closed","template":"","meta":{"_acf_changed":false},"product_cat":[258,254],"product_tag":[313,383,392,393],"class_list":{"0":"post-6465","1":"product","2":"type-product","3":"status-publish","4":"has-post-thumbnail","6":"product_cat-air","7":"product_cat-loxone","8":"product_tag-loxone","9":"product_tag-nano","10":"product_tag-nfc","11":"product_tag-nfc-code-touch","12":"pa_menge-stueck","14":"first","15":"instock","16":"taxable","17":"shipping-taxable","18":"purchasable","19":"product-type-simple"},"acf":[],"_links":{"self":[{"href":"\/shop\/wp-json\/wp\/v2\/product\/6465"}],"collection":[{"href":"\/shop\/wp-json\/wp\/v2\/product"}],"about":[{"href":"\/shop\/wp-json\/wp\/v2\/types\/product"}],"replies":[{"embeddable":true,"href":"\/shop\/wp-json\/wp\/v2\/comments?post=6465"}],"wp:featuredmedia":[{"embeddable":true,"href":"\/shop\/wp-json\/wp\/v2\/media\/6467"}],"wp:attachment":[{"href":"\/shop\/wp-json\/wp\/v2\/media?parent=6465"}],"wp:term":[{"taxonomy":"product_cat","embeddable":true,"href":"\/shop\/wp-json\/wp\/v2\/product_cat?post=6465"},{"taxonomy":"product_tag","embeddable":true,"href":"\/shop\/wp-json\/wp\/v2\/product_tag?post=6465"}],"curies":[{"name":"wp","href":"https:\/\/api.w.org\/{rel}","templated":true}]}}