{"id":6475,"date":"2024-10-24T08:56:17","date_gmt":"2024-10-24T06:56:17","guid":{"rendered":"https:\/\/www.mowitech.de\/shop\/?post_type=product&#038;p=6475"},"modified":"2025-03-03T12:03:05","modified_gmt":"2025-03-03T11:03:05","slug":"stellantrieb-air","status":"publish","type":"product","link":"\/shop\/produkt\/stellantrieb-air\/","title":{"rendered":"Stellantrieb Air &#8211; beachte neues Produkt!"},"content":{"rendered":"<ul class=\"styled-list\">\n<li><strong>Verwendungszweck:<\/strong> Ideal geeignet zur Ansteuerung von Heizungsventilen, zur Einzelraum-Temperaturregelung und zur Optimierung des Energiemanagements<\/li>\n<li><strong>Montage:<\/strong> F\u00fcr Neubauten oder zum Nachr\u00fcsten \/ Renovieren \/ Sanieren<\/li>\n<li><strong>Funktionen:<\/strong> Mit Temperatursensor und frei belegbarer Taste<\/li>\n<li><strong>Verkabelung:<\/strong> IDC-Schneidklemmen f\u00fcr die Spannungsversorgung (ausw\u00e4hlbar)<\/li>\n<li><strong>Kommunikation:<\/strong> Interne Loxone Air Antenne (IPSec verschl\u00fcsselt, bidirektionale Kommunikation)<\/li>\n<li><strong>Einbindung:<\/strong> Einfache Einbindung \u00fcber Loxone Air Ger\u00e4tesuche<\/li>\n<li><strong>Montage:<\/strong> Einfache Montage dank Adapter f\u00fcr s\u00e4mtliche Heizungsventile<\/li>\n<li><strong>Mesh-Technologie:<\/strong> Leitet Funksignale weiter und erh\u00f6ht dadurch die Netzabdeckung<\/li>\n<li><strong>Stromversorgung:<\/strong> Batterieversorgt mit Live-R\u00fcckmeldung des aktuellen Batteriestands<\/li>\n<li><strong>Benachrichtigung:<\/strong> Push-Benachrichtigung bei niedrigem Batteriestand<\/li>\n<li><strong>Updates:<\/strong> Inklusive kostenloser Updates (updatef\u00e4hig \u00fcber Funk)<\/li>\n<li><strong>Diagnose:<\/strong> Inklusive Diagnose-Eing\u00e4nge zur Onlinestatus-, Batterie- (Batterie schwach und Kapazit\u00e4t) und Ventil\u00fcberwachung (Ventil steckt fest, kein Ventil erkannt)<\/li>\n<li><strong>Kommunikation:<\/strong> Kommunikation mit Automatisierungscontroller \u00fcber Geb\u00e4udefunk-Technologie Loxone Air<\/li>\n<\/ul>\n","protected":false},"excerpt":{"rendered":"<p>Dieses Produkt wird duch den neuen Stellantrieb der GEN2 ersetzt und ist nicht mehr lieferbar!<\/p>\n<p>&nbsp;<\/p>\n<table class=\"styled-table\">\n<thead>\n<tr>\n<th>Eigenschaft<\/th>\n<th>Details<\/th>\n<\/tr>\n<\/thead>\n<tbody>\n<tr>\n<td>Spannungsversorgung<\/td>\n<td>24V DC \u00fcber IDC oder 2x 1,5V AA Batterien (h\u00e4lt bis zu 2 Jahre)<\/td>\n<\/tr>\n<tr>\n<td>Andruckkraft<\/td>\n<td>Mindestens 70N<\/td>\n<\/tr>\n<tr>\n<td>Sensoren<\/td>\n<td>Temperatursensor und 1 Taste<\/td>\n<\/tr>\n<tr>\n<td>Frequenzb\u00e4nder<\/td>\n<td>868MHz (Europa) 4 Kan\u00e4le w\u00e4hlbar; 915MHz (US) 10 Kan\u00e4le w\u00e4hlbar<\/td>\n<\/tr>\n<tr>\n<td>Ma\u00dfe<\/td>\n<td>49 x 78,8 mm (DxH) mit Ventiladapter<\/td>\n<\/tr>\n<\/tbody>\n<\/table>\n","protected":false},"featured_media":6477,"comment_status":"closed","ping_status":"closed","template":"","meta":{"_acf_changed":false},"product_cat":[258,254],"product_tag":[],"class_list":{"0":"post-6475","1":"product","2":"type-product","3":"status-publish","4":"has-post-thumbnail","6":"product_cat-air","7":"product_cat-loxone","8":"pa_menge-stueck","10":"first","11":"outofstock","12":"taxable","13":"shipping-taxable","14":"purchasable","15":"product-type-simple"},"acf":[],"_links":{"self":[{"href":"\/shop\/wp-json\/wp\/v2\/product\/6475"}],"collection":[{"href":"\/shop\/wp-json\/wp\/v2\/product"}],"about":[{"href":"\/shop\/wp-json\/wp\/v2\/types\/product"}],"replies":[{"embeddable":true,"href":"\/shop\/wp-json\/wp\/v2\/comments?post=6475"}],"wp:featuredmedia":[{"embeddable":true,"href":"\/shop\/wp-json\/wp\/v2\/media\/6477"}],"wp:attachment":[{"href":"\/shop\/wp-json\/wp\/v2\/media?parent=6475"}],"wp:term":[{"taxonomy":"product_cat","embeddable":true,"href":"\/shop\/wp-json\/wp\/v2\/product_cat?post=6475"},{"taxonomy":"product_tag","embeddable":true,"href":"\/shop\/wp-json\/wp\/v2\/product_tag?post=6475"}],"curies":[{"name":"wp","href":"https:\/\/api.w.org\/{rel}","templated":true}]}}