{"id":6487,"date":"2024-09-04T10:05:57","date_gmt":"2024-09-04T08:05:57","guid":{"rendered":"https:\/\/www.mowitech.de\/shop\/?post_type=product&#038;p=6487"},"modified":"2025-03-04T11:38:32","modified_gmt":"2025-03-04T10:38:32","slug":"tuer-fensterkontakt-air-weiss","status":"publish","type":"product","link":"\/shop\/produkt\/tuer-fensterkontakt-air-weiss\/","title":{"rendered":"T\u00fcr- &amp; Fensterkontakt Air Wei\u00df"},"content":{"rendered":"<ul class=\"styled-list\">\n<li><strong>Verwendungszweck:<\/strong> Zur Erkennung von ge\u00f6ffneten oder geschlossenen Fenstern und T\u00fcren; optimiert Sicherheitssysteme\/Alarmanlagen und die Heizungssteuerung.<\/li>\n<li><strong>Ideal f\u00fcr:<\/strong> Neubauten oder zum Nachr\u00fcsten \/ Renovieren \/ Sanieren.<\/li>\n<li><strong>Sensor:<\/strong> Zweiteiliger Magnetkontakt-Sensor.<\/li>\n<li><strong>Taste:<\/strong> Frei belegbare Taste.<\/li>\n<li><strong>Kommunikation:<\/strong> Interne Loxone Air Antenne (IPSec verschl\u00fcsselt, bidirektionale Kommunikation).<\/li>\n<li><strong>Montage:<\/strong> Einfache Montage, universell platzierbar.<\/li>\n<li><strong>Einbindung:<\/strong> Einfache Einbindung \u00fcber Loxone Air Ger\u00e4tesuche.<\/li>\n<li><strong>Batterieversorgung:<\/strong> Batterieversorgt mit Live-R\u00fcckmeldung des aktuellen Batteriestands.<\/li>\n<li><strong>Benachrichtigung:<\/strong> Push-Benachrichtigung bei niedrigem Batteriestand.<\/li>\n<li><strong>Updates:<\/strong> Inklusive kostenloser Updates (updatef\u00e4hig \u00fcber Funk).<\/li>\n<li><strong>Diagnose:<\/strong> Inklusive Diagnose-Eing\u00e4nge zur Onlinestatus- und Batterie\u00fcberwachung (Batterie schwach und Kapazit\u00e4t).<\/li>\n<li><strong>Kommunikation mit Automatisierungscontroller:<\/strong> \u00dcber Geb\u00e4udefunk-Technologie Loxone Air.<\/li>\n<\/ul>\n","protected":false},"excerpt":{"rendered":"<table class=\"styled-table\">\n<thead>\n<tr>\n<th>Eigenschaft<\/th>\n<th>Details<\/th>\n<\/tr>\n<\/thead>\n<tbody>\n<tr>\n<td>Spannungsversorgung<\/td>\n<td>CR2032 Batterie (h\u00e4lt bis zu 2 Jahre)<\/td>\n<\/tr>\n<tr>\n<td>Reed-Kontakt<\/td>\n<td>Magnet im Lieferumfang enthalten<\/td>\n<\/tr>\n<tr>\n<td>Tasteneingang<\/td>\n<td>1 frei belegbarer Tasteneingang<\/td>\n<\/tr>\n<tr>\n<td>Frequenz (Europa)<\/td>\n<td>868MHz, 4 Kan\u00e4le w\u00e4hlbar<\/td>\n<\/tr>\n<tr>\n<td>Frequenz (US)<\/td>\n<td>915MHz, 10 Kan\u00e4le w\u00e4hlbar<\/td>\n<\/tr>\n<tr>\n<td>Ma\u00dfe<\/td>\n<td>74,3 x 28,5 x 13,6 mm<\/td>\n<\/tr>\n<\/tbody>\n<\/table>\n","protected":false},"featured_media":6489,"comment_status":"closed","ping_status":"closed","template":"","meta":{"_acf_changed":false},"product_cat":[258,254],"product_tag":[315,386,313,385],"class_list":{"0":"post-6487","1":"product","2":"type-product","3":"status-publish","4":"has-post-thumbnail","6":"product_cat-air","7":"product_cat-loxone","8":"product_tag-air","9":"product_tag-fensterkontakt","10":"product_tag-loxone","11":"product_tag-tuerkontakt","12":"pa_menge-stueck","14":"first","15":"instock","16":"taxable","17":"shipping-taxable","18":"purchasable","19":"product-type-simple"},"acf":[],"_links":{"self":[{"href":"\/shop\/wp-json\/wp\/v2\/product\/6487"}],"collection":[{"href":"\/shop\/wp-json\/wp\/v2\/product"}],"about":[{"href":"\/shop\/wp-json\/wp\/v2\/types\/product"}],"replies":[{"embeddable":true,"href":"\/shop\/wp-json\/wp\/v2\/comments?post=6487"}],"wp:featuredmedia":[{"embeddable":true,"href":"\/shop\/wp-json\/wp\/v2\/media\/6489"}],"wp:attachment":[{"href":"\/shop\/wp-json\/wp\/v2\/media?parent=6487"}],"wp:term":[{"taxonomy":"product_cat","embeddable":true,"href":"\/shop\/wp-json\/wp\/v2\/product_cat?post=6487"},{"taxonomy":"product_tag","embeddable":true,"href":"\/shop\/wp-json\/wp\/v2\/product_tag?post=6487"}],"curies":[{"name":"wp","href":"https:\/\/api.w.org\/{rel}","templated":true}]}}