{"id":6500,"date":"2024-09-04T10:13:36","date_gmt":"2024-09-04T08:13:36","guid":{"rendered":"https:\/\/www.mowitech.de\/shop\/?post_type=product&#038;p=6500"},"modified":"2025-03-03T13:11:08","modified_gmt":"2025-03-03T12:11:08","slug":"wetterstation-air","status":"publish","type":"product","link":"\/shop\/produkt\/wetterstation-air\/","title":{"rendered":"Wetterstation Air"},"content":{"rendered":"<ul class=\"styled-list\">\n<li><strong>Funktion:<\/strong> Zur Erfassung der aktuellen Wind-, Regen-, Temperatur- und Sonnenschein-Situation<\/li>\n<li><strong>Ideal geeignet:<\/strong> Zur einfachen Realisierung von Sturmschutz, Bew\u00e4sserung, Automatikbeschattung u.v.m.<\/li>\n<li><strong>Verwendung:<\/strong> F\u00fcr Neubauten oder zum Nachr\u00fcsten \/ Renovieren \/ Sanieren<\/li>\n<li><strong>Sensoren:<\/strong> Mit Windsensor, Regensensor, Temperatursensor, Helligkeitssensor<\/li>\n<li><strong>Wetterserver:<\/strong> Inklusive 10 Jahre Nutzung des Wetterservers gratis<\/li>\n<li><strong>Funktechnologie:<\/strong> Mit interner Loxone Air Antenne (IPSec verschl\u00fcsselt, bidirektionale Kommunikation)<\/li>\n<li><strong>Einbindung:<\/strong> Einfache Einbindung \u00fcber Loxone Air Ger\u00e4tesuche<\/li>\n<li><strong>Spannungsversorgung:<\/strong> M\u00f6glichkeit der externen Spannungsversorgung<\/li>\n<li><strong>Netzabdeckung:<\/strong> Mesh-Technologie (leitet Funksignale weiter und erh\u00f6ht dadurch die Netzabdeckung)<\/li>\n<li><strong>Batterieversorgung:<\/strong> Batterieversorgt mit Live-R\u00fcckmeldung des aktuellen Batteriestands<\/li>\n<li><strong>Batteriestand:<\/strong> Push-Benachrichtigung bei niedrigem Batteriestand<\/li>\n<li><strong>Updates:<\/strong> Inklusive kostenloser Updates (updatef\u00e4hig \u00fcber Funk)<\/li>\n<li><strong>Diagnose-Eing\u00e4nge:<\/strong> Inklusive Diagnose-Eing\u00e4nge zur Onlinestatus- und Batterie\u00fcberwachung (Batterie schwach und Kapazit\u00e4t)<\/li>\n<li><strong>Kommunikation:<\/strong> Kommunikation mit Automatisierungscontroller \u00fcber Geb\u00e4udefunk-Technologie Loxone Air<\/li>\n<\/ul>\n","protected":false},"excerpt":{"rendered":"<table class=\"styled-table\">\n<thead>\n<tr>\n<th>Eigenschaft<\/th>\n<th>Details<\/th>\n<\/tr>\n<\/thead>\n<tbody>\n<tr>\n<td>Spannungsversorgung<\/td>\n<td>24V DC oder 2x 1,5V AA Batterien (h\u00e4lt bis zu 2 Jahre)<\/td>\n<\/tr>\n<tr>\n<td>Windsensor Erfassungsbereich<\/td>\n<td>9 &#8211; 145 km\/h<\/td>\n<\/tr>\n<tr>\n<td>Regensensor<\/td>\n<td>Integriert, mit Heizung bei externer Spannungsversorgung<\/td>\n<\/tr>\n<tr>\n<td>Temperatursensor Messbereich<\/td>\n<td>-40 &#8211; +125\u00b0C<\/td>\n<\/tr>\n<tr>\n<td>Helligkeitssensor Erfassungsbereich<\/td>\n<td>0 &#8211; 188.000 lx<\/td>\n<\/tr>\n<tr>\n<td>Weitere Werte \u00fcber Wetterserver<\/td>\n<td>Windrichtung, B\u00f6en, Luftdruck, Feinstaubbelastung, relative Luftfeuchte, Taupunkt, gef\u00fchlte Temperatur, Strahlung absolut und relativ, Wettertyp, Wettervorhersagen<\/td>\n<\/tr>\n<tr>\n<td>Funkfrequenz (Europa)<\/td>\n<td>868MHz, 4 Kan\u00e4le w\u00e4hlbar<\/td>\n<\/tr>\n<tr>\n<td>Funkfrequenz (US)<\/td>\n<td>915MHz, 10 Kan\u00e4le w\u00e4hlbar<\/td>\n<\/tr>\n<tr>\n<td>Ma\u00dfe<\/td>\n<td>262 x 120 x 90 mm<\/td>\n<\/tr>\n<\/tbody>\n<\/table>\n","protected":false},"featured_media":6504,"comment_status":"closed","ping_status":"closed","template":"","meta":{"_acf_changed":false},"product_cat":[258,254],"product_tag":[315,313,382],"class_list":{"0":"post-6500","1":"product","2":"type-product","3":"status-publish","4":"has-post-thumbnail","6":"product_cat-air","7":"product_cat-loxone","8":"product_tag-air","9":"product_tag-loxone","10":"product_tag-wetterstation","11":"pa_menge-stueck","13":"first","14":"instock","15":"taxable","16":"shipping-taxable","17":"purchasable","18":"product-type-simple"},"acf":[],"_links":{"self":[{"href":"\/shop\/wp-json\/wp\/v2\/product\/6500"}],"collection":[{"href":"\/shop\/wp-json\/wp\/v2\/product"}],"about":[{"href":"\/shop\/wp-json\/wp\/v2\/types\/product"}],"replies":[{"embeddable":true,"href":"\/shop\/wp-json\/wp\/v2\/comments?post=6500"}],"wp:featuredmedia":[{"embeddable":true,"href":"\/shop\/wp-json\/wp\/v2\/media\/6504"}],"wp:attachment":[{"href":"\/shop\/wp-json\/wp\/v2\/media?parent=6500"}],"wp:term":[{"taxonomy":"product_cat","embeddable":true,"href":"\/shop\/wp-json\/wp\/v2\/product_cat?post=6500"},{"taxonomy":"product_tag","embeddable":true,"href":"\/shop\/wp-json\/wp\/v2\/product_tag?post=6500"}],"curies":[{"name":"wp","href":"https:\/\/api.w.org\/{rel}","templated":true}]}}