{"id":6505,"date":"2024-09-04T11:46:10","date_gmt":"2024-09-04T09:46:10","guid":{"rendered":"https:\/\/www.mowitech.de\/shop\/?post_type=product&#038;p=6505"},"modified":"2025-03-03T13:10:22","modified_gmt":"2025-03-03T12:10:22","slug":"raumklima-sensor-air-weiss","status":"publish","type":"product","link":"\/shop\/produkt\/raumklima-sensor-air-weiss\/","title":{"rendered":"Raumklima Sensor Air Wei\u00df"},"content":{"rendered":"<ul class=\"styled-list\">\n<li>zur Erfassung der aktuellen Temperatur und Luftfeuchtigkeit im Innenraum<\/li>\n<li>Ideal geeignet zur einfachen Realisierung von Heizungs- und L\u00fcftungssteuerung<\/li>\n<li>f\u00fcr Neubauten oder zum Nachr\u00fcsten \/ Renovieren \/ Sanieren<\/li>\n<li>mit Temperatursensor und Luftfeuchtigkeitssensor<\/li>\n<li>mit interner Loxone Air Antenne (IPSec verschl\u00fcsselt, bidirektionale Kommunikation)<\/li>\n<li>einfache Montage mit Standfu\u00df oder Wandhalterung<\/li>\n<li>einfache Einbindung \u00fcber Loxone Air Ger\u00e4tesuche<\/li>\n<li>steckbare Durchschleifklemme f\u00fcr die Spannungsversorgung<\/li>\n<li>Mesh-Technologie (leitet Funksignale weiter und erh\u00f6ht dadurch die Netzabdeckung)<\/li>\n<li>bzw. batterieversorgt mit Live-R\u00fcckmeldung des aktuellen Batteriestands<\/li>\n<li>Push-Benachrichtigung bei niedrigem Batteriestand<\/li>\n<li>inklusive kostenloser Updates (updatef\u00e4hig \u00fcber Funk)<\/li>\n<li>inklusive Diagnose-Eing\u00e4nge zur Onlinestatus- und Batterie\u00fcberwachung (Batterie schwach und Kapazit\u00e4t)<\/li>\n<li>Kommunikation mit Automatisierungscontroller \u00fcber Geb\u00e4udefunk-Technologie Loxone Air<\/li>\n<\/ul>\n","protected":false},"excerpt":{"rendered":"<table class=\"styled-table\">\n<thead>\n<tr>\n<th>Eigenschaft<\/th>\n<th>Details<\/th>\n<\/tr>\n<\/thead>\n<tbody>\n<tr>\n<td>Spannungsversorgung<\/td>\n<td>24V DC oder 2x 1,5V AAA Batterien (h\u00e4lt bis zu 2 Jahre)<\/td>\n<\/tr>\n<tr>\n<td>Temperatursensor Messbereich<\/td>\n<td>-40 &#8211; +125\u00b0C, \u00b10,5\u00b0C<\/td>\n<\/tr>\n<tr>\n<td>Luftfeuchtigkeitssensor Messbereich<\/td>\n<td>0 &#8211; 100%, \u00b12% (nicht kondensierend)<\/td>\n<\/tr>\n<tr>\n<td>Funkfrequenz (Europa)<\/td>\n<td>868MHz, 4 Kan\u00e4le w\u00e4hlbar<\/td>\n<\/tr>\n<tr>\n<td>Funkfrequenz (US)<\/td>\n<td>915MHz, 10 Kan\u00e4le w\u00e4hlbar<\/td>\n<\/tr>\n<tr>\n<td>Ma\u00dfe (freistehend)<\/td>\n<td>55,8 x 55,8 x 32,9 mm<\/td>\n<\/tr>\n<tr>\n<td>Ma\u00dfe (mit Rahmen)<\/td>\n<td>80 x 80 x 17,4 mm<\/td>\n<\/tr>\n<\/tbody>\n<\/table>\n","protected":false},"featured_media":6508,"comment_status":"closed","ping_status":"closed","template":"","meta":{"_acf_changed":false},"product_cat":[258,254],"product_tag":[315,313,378,379,381],"class_list":{"0":"post-6505","1":"product","2":"type-product","3":"status-publish","4":"has-post-thumbnail","6":"product_cat-air","7":"product_cat-loxone","8":"product_tag-air","9":"product_tag-loxone","10":"product_tag-raumklima","11":"product_tag-sensor","12":"product_tag-weiss","13":"pa_menge-stueck","15":"first","16":"instock","17":"taxable","18":"shipping-taxable","19":"purchasable","20":"product-type-simple"},"acf":[],"_links":{"self":[{"href":"\/shop\/wp-json\/wp\/v2\/product\/6505"}],"collection":[{"href":"\/shop\/wp-json\/wp\/v2\/product"}],"about":[{"href":"\/shop\/wp-json\/wp\/v2\/types\/product"}],"replies":[{"embeddable":true,"href":"\/shop\/wp-json\/wp\/v2\/comments?post=6505"}],"wp:featuredmedia":[{"embeddable":true,"href":"\/shop\/wp-json\/wp\/v2\/media\/6508"}],"wp:attachment":[{"href":"\/shop\/wp-json\/wp\/v2\/media?parent=6505"}],"wp:term":[{"taxonomy":"product_cat","embeddable":true,"href":"\/shop\/wp-json\/wp\/v2\/product_cat?post=6505"},{"taxonomy":"product_tag","embeddable":true,"href":"\/shop\/wp-json\/wp\/v2\/product_tag?post=6505"}],"curies":[{"name":"wp","href":"https:\/\/api.w.org\/{rel}","templated":true}]}}