{"id":6521,"date":"2024-09-04T11:55:22","date_gmt":"2024-09-04T09:55:22","guid":{"rendered":"https:\/\/www.mowitech.de\/shop\/?post_type=product&#038;p=6521"},"modified":"2025-03-03T13:07:36","modified_gmt":"2025-03-03T12:07:36","slug":"dali-air","status":"publish","type":"product","link":"\/shop\/produkt\/dali-air\/","title":{"rendered":"Dali Air"},"content":{"rendered":"<ul class=\"styled-list\">\n<li>DALI-Erweiterungseinheit f\u00fcr den Automatisierungscontroller<\/li>\n<li>Ideal geeignet zur Ansteuerung DALI-f\u00e4higer Leuchtmittel, vor allem gr\u00f6\u00dferer Lichtgruppen<\/li>\n<li>Zur Umsetzung von Beleuchtungssteuerungen in Wohnbauten, Hotels, B\u00fcros oder Industrieprojekten<\/li>\n<li>Bis zu 10 DALI Ger\u00e4te \/ 16 Gruppen<\/li>\n<li>Unterst\u00fctzt DALI Ger\u00e4tetypen 0-8<\/li>\n<li>Unterst\u00fctzt DALI-2 Instanztypen 1-4<\/li>\n<li>Ansteuerung \u00fcber Broadcast oder durch die Zuweisung dedizierter Adressen m\u00f6glich<\/li>\n<li>Interne DALI Spannungsversorgung<\/li>\n<li>Einfache Einbindung \u00fcber Loxone Air Ger\u00e4tesuche<\/li>\n<li>Mesh-Technologie (leitet Funksignale weiter und erh\u00f6ht dadurch die Netzabdeckung)<\/li>\n<li>Inklusive kostenloser Updates (updatef\u00e4hig \u00fcber Funk)<\/li>\n<li>Inklusive Diagnose-Eing\u00e4nge f\u00fcr Onlinestatus, Systemtemperatur und Temperaturabschaltung<\/li>\n<\/ul>\n","protected":false},"excerpt":{"rendered":"<table class=\"styled-table\">\n<thead>\n<tr>\n<th>Technische Daten<\/th>\n<th>Details<\/th>\n<\/tr>\n<\/thead>\n<tbody>\n<tr>\n<td>Betriebsspannung<\/td>\n<td>24V DC<\/td>\n<\/tr>\n<tr>\n<td>Funkfrequenz (Europa)<\/td>\n<td>868MHz, 4 Kan\u00e4le w\u00e4hlbar<\/td>\n<\/tr>\n<tr>\n<td>Funkfrequenz (US)<\/td>\n<td>915MHz, 10 Kan\u00e4le w\u00e4hlbar<\/td>\n<\/tr>\n<tr>\n<td>DALI-2 Zertifizierung<\/td>\n<td>Ja<\/td>\n<\/tr>\n<tr>\n<td>Ma\u00dfe<\/td>\n<td>47,4 x 39,4 x 20 mm<\/td>\n<\/tr>\n<\/tbody>\n<\/table>\n","protected":false},"featured_media":6523,"comment_status":"closed","ping_status":"closed","template":"","meta":{"_acf_changed":false},"product_cat":[258,254],"product_tag":[315,375,313],"class_list":{"0":"post-6521","1":"product","2":"type-product","3":"status-publish","4":"has-post-thumbnail","6":"product_cat-air","7":"product_cat-loxone","8":"product_tag-air","9":"product_tag-dali","10":"product_tag-loxone","11":"pa_menge-stueck","13":"first","14":"instock","15":"taxable","16":"shipping-taxable","17":"purchasable","18":"product-type-simple"},"acf":[],"_links":{"self":[{"href":"\/shop\/wp-json\/wp\/v2\/product\/6521"}],"collection":[{"href":"\/shop\/wp-json\/wp\/v2\/product"}],"about":[{"href":"\/shop\/wp-json\/wp\/v2\/types\/product"}],"replies":[{"embeddable":true,"href":"\/shop\/wp-json\/wp\/v2\/comments?post=6521"}],"wp:featuredmedia":[{"embeddable":true,"href":"\/shop\/wp-json\/wp\/v2\/media\/6523"}],"wp:attachment":[{"href":"\/shop\/wp-json\/wp\/v2\/media?parent=6521"}],"wp:term":[{"taxonomy":"product_cat","embeddable":true,"href":"\/shop\/wp-json\/wp\/v2\/product_cat?post=6521"},{"taxonomy":"product_tag","embeddable":true,"href":"\/shop\/wp-json\/wp\/v2\/product_tag?post=6521"}],"curies":[{"name":"wp","href":"https:\/\/api.w.org\/{rel}","templated":true}]}}