{"id":6531,"date":"2024-10-24T08:54:06","date_gmt":"2024-10-24T06:54:06","guid":{"rendered":"https:\/\/www.mowitech.de\/shop\/?post_type=product&#038;p=6531"},"modified":"2025-03-03T12:22:40","modified_gmt":"2025-03-03T11:22:40","slug":"praesenzmelder-air","status":"publish","type":"product","link":"\/shop\/produkt\/praesenzmelder-air\/","title":{"rendered":"Pr\u00e4senzmelder Air"},"content":{"rendered":"<ul class=\"styled-list\">\n<li>Funk-Pr\u00e4senzmelder f\u00fcr den Automatisierungscontroller<\/li>\n<li>zur Erkennung von Pr\u00e4senz und aktueller Helligkeit im Raum<\/li>\n<li>optimiert Bedienkomfort, Sicherheitssysteme\/Alarmanlagen und die Heizungssteuerung<\/li>\n<li>f\u00fcr Neubauten oder zum Nachr\u00fcsten \/ Renovieren \/ Sanieren<\/li>\n<li>mit Bewegungsmelder, Akustik- und Helligkeitssensor (Schwellwerte einstellbar)<\/li>\n<li>mit interner Loxone Air Antenne (IPSec verschl\u00fcsselt, bidirektionale Kommunikation)<\/li>\n<li>einfache Montage durch drehbaren Montagering an Decke oder Wand (Deckenaufbau)<\/li>\n<li>einfache Einbindung \u00fcber Loxone Air Ger\u00e4tesuche<\/li>\n<li>Steckklemme f\u00fcr die externe Spannungsversorgung<\/li>\n<li>Mesh-Technologie (leitet Funksignale weiter und erh\u00f6ht dadurch die Netzabdeckung)<\/li>\n<li>bzw. batterieversorgt mit Live-R\u00fcckmeldung des aktuellen Batteriestands<\/li>\n<li>Push-Benachrichtigung bei niedrigem Batteriestand<\/li>\n<li>inklusive kostenloser Updates (updatef\u00e4hig \u00fcber Funk)<\/li>\n<li>inklusive Diagnose-Eing\u00e4nge zur Onlinestatus- und Batterie\u00fcberwachung (Batterie schwach und Kapazit\u00e4t)<\/li>\n<li>Kommunikation mit Automatisierungscontroller \u00fcber Geb\u00e4udefunk-Technologie Loxone Air<\/li>\n<\/ul>\n","protected":false},"excerpt":{"rendered":"<table class=\"styled-table\">\n<tbody>\n<tr>\n<td><strong>Spannungsversorgung<\/strong><\/td>\n<td>24V DC oder 2x 1,5V AA Batterien (h\u00e4lt bis zu 2 Jahre)<\/td>\n<\/tr>\n<tr>\n<td><strong>Bewegungsmelder<\/strong><\/td>\n<td>passiver Infrarotsensor<\/td>\n<\/tr>\n<tr>\n<td><strong>Erfassungsbereich<\/strong><\/td>\n<td>110\u00b0 vertikal, 360\u00b0 horizontal, 8m bei 3m bzw. 18m bei 10m Montageh\u00f6he<\/td>\n<\/tr>\n<tr>\n<td><strong>Akustiksensor<\/strong><\/td>\n<td>Erfassungsbereich: 60Hz &#8211; 20kHz, mono, nur bei externer Spannungsversorgung<\/td>\n<\/tr>\n<tr>\n<td><strong>Helligkeitssensor<\/strong><\/td>\n<td>Erfassungsbereich: bis zu 83000lx<\/td>\n<\/tr>\n<tr>\n<td><strong>Frequenzb\u00e4nder<\/strong><\/td>\n<td>868MHz (Europa) 4 Kan\u00e4le w\u00e4hlbar<br \/>\n915MHz (US) 10 Kan\u00e4le w\u00e4hlbar<\/td>\n<\/tr>\n<tr>\n<td><strong>Ma\u00dfe<\/strong><\/td>\n<td>98 x 29,8 mm (DxH)<\/td>\n<\/tr>\n<\/tbody>\n<\/table>\n","protected":false},"featured_media":6534,"comment_status":"closed","ping_status":"closed","template":"","meta":{"_acf_changed":false},"product_cat":[258,254],"product_tag":[],"class_list":{"0":"post-6531","1":"product","2":"type-product","3":"status-publish","4":"has-post-thumbnail","6":"product_cat-air","7":"product_cat-loxone","8":"pa_menge-stueck","10":"first","11":"instock","12":"taxable","13":"shipping-taxable","14":"purchasable","15":"product-type-simple"},"acf":[],"_links":{"self":[{"href":"\/shop\/wp-json\/wp\/v2\/product\/6531"}],"collection":[{"href":"\/shop\/wp-json\/wp\/v2\/product"}],"about":[{"href":"\/shop\/wp-json\/wp\/v2\/types\/product"}],"replies":[{"embeddable":true,"href":"\/shop\/wp-json\/wp\/v2\/comments?post=6531"}],"wp:featuredmedia":[{"embeddable":true,"href":"\/shop\/wp-json\/wp\/v2\/media\/6534"}],"wp:attachment":[{"href":"\/shop\/wp-json\/wp\/v2\/media?parent=6531"}],"wp:term":[{"taxonomy":"product_cat","embeddable":true,"href":"\/shop\/wp-json\/wp\/v2\/product_cat?post=6531"},{"taxonomy":"product_tag","embeddable":true,"href":"\/shop\/wp-json\/wp\/v2\/product_tag?post=6531"}],"curies":[{"name":"wp","href":"https:\/\/api.w.org\/{rel}","templated":true}]}}