{"id":6539,"date":"2024-09-04T12:04:57","date_gmt":"2024-09-04T10:04:57","guid":{"rendered":"https:\/\/www.mowitech.de\/shop\/?post_type=product&#038;p=6539"},"modified":"2025-03-03T13:03:31","modified_gmt":"2025-03-03T12:03:31","slug":"nano-motor-controller-air","status":"publish","type":"product","link":"\/shop\/produkt\/nano-motor-controller-air\/","title":{"rendered":"100472 Loxone Nano Motor Controller Air"},"content":{"rendered":"<ul class=\"styled-list\">\n<li><strong>Gleichstrom-Unterputzmodul via Funk f\u00fcr den Automatisierungscontroller<\/strong><\/li>\n<li>zur Ansteuerung von Gleichstrommotoren oder zum Dimmen von LED-Leuchtmitteln<\/li>\n<li>Ideal geeignet f\u00fcr Gleichstrom-Beschattungsmotoren<\/li>\n<li>f\u00fcr Neubauten oder zum Nachr\u00fcsten \/ Renovieren \/ Sanieren<\/li>\n<li>mit 2 Gleichstrom-Ausg\u00e4ngen und Stromfluss-\/\u00dcberstromerkennung<\/li>\n<li>f\u00fcr 3 Betriebsarten: Motor Bidirektional \/ Unidirektional (drehzahlgeregelt) und PWM-Dimmung<\/li>\n<li>mit interner Loxone Air Antenne (IPSec verschl\u00fcsselt, bidirektionale Kommunikation)<\/li>\n<li>einfache Montage in der Unterputz- oder Hohlwanddose<\/li>\n<li>einfache Einbindung \u00fcber Loxone Air Ger\u00e4tesuche<\/li>\n<li>steckbare Schraubklemme f\u00fcr die Spannungsversorgung<\/li>\n<li>Mesh-Technologie (leitet Funksignale weiter und erh\u00f6ht dadurch die Netzabdeckung)<\/li>\n<li>inklusive kostenloser Updates (updatef\u00e4hig \u00fcber Funk)<\/li>\n<li>inklusive Diagnose-Eing\u00e4nge f\u00fcr Onlinestatus, Systemtemperatur und Temperaturabschaltung<\/li>\n<li>Kommunikation mit Automatisierungscontroller \u00fcber Geb\u00e4udefunk-Technologie Loxone Air<\/li>\n<\/ul>\n","protected":false},"excerpt":{"rendered":"<table class=\"styled-table\">\n<tr>\n<th>Technische Daten<\/th>\n<th>Details<\/th>\n<\/tr>\n<tr>\n<td>Spannungsversorgung<\/td>\n<td>24V DC<\/td>\n<\/tr>\n<tr>\n<td>Anschl\u00fcsse<\/td>\n<td>2 Anschl\u00fcsse, 150mm lang zur Realisierung der 3 Betriebsarten<\/td>\n<\/tr>\n<tr>\n<td>Stromfluss- und \u00dcberstrom-Erkennung<\/td>\n<td>100-3500mA, Geschwindigkeitssteuerung via PWM<\/td>\n<\/tr>\n<tr>\n<td>Maximale Gesamtlast<\/td>\n<td>2,1A kontinuierlich, 3,5A Spitze (&lt;30 Sekunden)<\/td>\n<\/tr>\n<tr>\n<td>Frequenzb\u00e4nder<\/td>\n<td>868MHz (Europa) 4 Kan\u00e4le w\u00e4hlbar, 915MHz (US) 10 Kan\u00e4le w\u00e4hlbar<\/td>\n<\/tr>\n<tr>\n<td>Ma\u00dfe<\/td>\n<td>39,45 x 38,95 x 20,2 mm<\/td>\n<\/tr>\n<\/table>\n","protected":false},"featured_media":6542,"comment_status":"closed","ping_status":"closed","template":"","meta":{"_acf_changed":false},"product_cat":[258,254],"product_tag":[315,313,370],"class_list":{"0":"post-6539","1":"product","2":"type-product","3":"status-publish","4":"has-post-thumbnail","6":"product_cat-air","7":"product_cat-loxone","8":"product_tag-air","9":"product_tag-loxone","10":"product_tag-motor-controller","11":"pa_menge-stueck","13":"first","14":"instock","15":"taxable","16":"shipping-taxable","17":"purchasable","18":"product-type-simple"},"acf":[],"_links":{"self":[{"href":"\/shop\/wp-json\/wp\/v2\/product\/6539"}],"collection":[{"href":"\/shop\/wp-json\/wp\/v2\/product"}],"about":[{"href":"\/shop\/wp-json\/wp\/v2\/types\/product"}],"replies":[{"embeddable":true,"href":"\/shop\/wp-json\/wp\/v2\/comments?post=6539"}],"wp:featuredmedia":[{"embeddable":true,"href":"\/shop\/wp-json\/wp\/v2\/media\/6542"}],"wp:attachment":[{"href":"\/shop\/wp-json\/wp\/v2\/media?parent=6539"}],"wp:term":[{"taxonomy":"product_cat","embeddable":true,"href":"\/shop\/wp-json\/wp\/v2\/product_cat?post=6539"},{"taxonomy":"product_tag","embeddable":true,"href":"\/shop\/wp-json\/wp\/v2\/product_tag?post=6539"}],"curies":[{"name":"wp","href":"https:\/\/api.w.org\/{rel}","templated":true}]}}