{"id":6547,"date":"2024-09-04T12:08:58","date_gmt":"2024-09-04T10:08:58","guid":{"rendered":"https:\/\/www.mowitech.de\/shop\/?post_type=product&#038;p=6547"},"modified":"2025-03-03T12:59:44","modified_gmt":"2025-03-03T11:59:44","slug":"modbus-air","status":"publish","type":"product","link":"\/shop\/produkt\/modbus-air\/","title":{"rendered":"Modbus Air"},"content":{"rendered":"<ul class=\"styled-list\">\n<li>Modbus-Erweiterungseinheit f\u00fcr den Automatisierungscontroller<\/li>\n<li>zur Erfassung von Daten und Statistiken zur Optimierung des Energiemanagements<\/li>\n<li>Ideal geeignet zur Ansteuerung Modbus-f\u00e4higer Ger\u00e4te wie z.B. Strom-, Gas-, Wasser- oder Energiez\u00e4hler, sowie W\u00e4rmepumpen, Batteriesysteme und vielen mehr.<\/li>\n<li>einfache Montage in der Unterputz- oder Hohlwanddose<\/li>\n<li>einfache Einbindung \u00fcber Loxone Air Ger\u00e4tesuche<\/li>\n<li>Mesh-Technologie (leitet Funksignale weiter und erh\u00f6ht dadurch die Netzabdeckung)<\/li>\n<li>inklusive kostenloser Updates (updatef\u00e4hig \u00fcber Funk)<\/li>\n<li>inklusive Diagnose-Eing\u00e4nge f\u00fcr Onlinestatus, Systemtemperatur und Temperaturabschaltung<\/li>\n<li>Kommunikation mit Automatisierungscontroller \u00fcber Geb\u00e4udefunk-Technologie Loxone Air<\/li>\n<\/ul>\n","protected":false},"excerpt":{"rendered":"<table class=\"styled-table\">\n<thead>\n<tr>\n<th>Technische Daten<\/th>\n<th>Details<\/th>\n<\/tr>\n<\/thead>\n<tbody>\n<tr>\n<td>Spannungsversorgung<\/td>\n<td>24V DC<\/td>\n<\/tr>\n<tr>\n<td>Einbindung<\/td>\n<td>1 Modbusger\u00e4t mit bis zu 253 Sensoren und Aktoren<\/td>\n<\/tr>\n<tr>\n<td>Baudrate und Parit\u00e4t<\/td>\n<td>einstellbar<\/td>\n<\/tr>\n<tr>\n<td>Datentypen<\/td>\n<td>16 &amp; 32 bit<\/td>\n<\/tr>\n<tr>\n<td>Minimum Abfragezyklus<\/td>\n<td>5 sek<\/td>\n<\/tr>\n<\/tbody>\n<\/table>\n","protected":false},"featured_media":6549,"comment_status":"closed","ping_status":"closed","template":"","meta":{"_acf_changed":false},"product_cat":[258,254],"product_tag":[315,313,344],"class_list":{"0":"post-6547","1":"product","2":"type-product","3":"status-publish","4":"has-post-thumbnail","6":"product_cat-air","7":"product_cat-loxone","8":"product_tag-air","9":"product_tag-loxone","10":"product_tag-modbus","11":"pa_menge-stueck","13":"first","14":"instock","15":"taxable","16":"shipping-taxable","17":"purchasable","18":"product-type-simple"},"acf":[],"_links":{"self":[{"href":"\/shop\/wp-json\/wp\/v2\/product\/6547"}],"collection":[{"href":"\/shop\/wp-json\/wp\/v2\/product"}],"about":[{"href":"\/shop\/wp-json\/wp\/v2\/types\/product"}],"replies":[{"embeddable":true,"href":"\/shop\/wp-json\/wp\/v2\/comments?post=6547"}],"wp:featuredmedia":[{"embeddable":true,"href":"\/shop\/wp-json\/wp\/v2\/media\/6549"}],"wp:attachment":[{"href":"\/shop\/wp-json\/wp\/v2\/media?parent=6547"}],"wp:term":[{"taxonomy":"product_cat","embeddable":true,"href":"\/shop\/wp-json\/wp\/v2\/product_cat?post=6547"},{"taxonomy":"product_tag","embeddable":true,"href":"\/shop\/wp-json\/wp\/v2\/product_tag?post=6547"}],"curies":[{"name":"wp","href":"https:\/\/api.w.org\/{rel}","templated":true}]}}