{"id":6574,"date":"2024-09-04T12:29:25","date_gmt":"2024-09-04T10:29:25","guid":{"rendered":"https:\/\/www.mowitech.de\/shop\/?post_type=product&#038;p=6574"},"modified":"2025-03-03T12:50:30","modified_gmt":"2025-03-03T11:50:30","slug":"led-ceiling-light-rgbw-air-weiss","status":"publish","type":"product","link":"\/shop\/produkt\/led-ceiling-light-rgbw-air-weiss\/","title":{"rendered":"LED Ceiling Light RGBW Air"},"content":{"rendered":"\n<ul class=\"styled-list\">\n<li><strong>Ideale Kombination:<\/strong> Vereint Deckenlampe, Bewegungserkennung und Helligkeitsmessung f\u00fcr jeden Raum.<\/li>\n<li><strong>Optimale Integration:<\/strong> Perfekt zur Integration in Lichtstimmungen\/Szenen wie Nachtmodus, Alarm, optisches Klingelsignal und mehr.<\/li>\n<li><strong>Empfohlene Nutzung:<\/strong> Ideal f\u00fcr Nachr\u00fcstungen, Renovierungen und Sanierungen.<\/li>\n<li><strong>Lichtqualit\u00e4t:<\/strong> Homogene Leuchtfl\u00e4che mit warmwei\u00dfem Licht (3000K) und weichem RGBW-Licht (65536 Farben).<\/li>\n<li><strong>Dimmbarkeit:<\/strong> Sanftes, stufenloses Dimmverhalten mit individuell einstellbaren Fadingzeiten.<\/li>\n<li><strong>Lebensdauer:<\/strong> Ca. 25 Jahre.<\/li>\n<li><strong>Sensorik:<\/strong> Integrierter Bewegungsmelder und Helligkeitssensor (Nachlaufzeit und Empfindlichkeit einstellbar).<\/li>\n<li><strong>Montage:<\/strong> Einfache Montage durch magnetischen Montagering an Decke oder Wand (Deckenaufbau), erh\u00f6hte Sicherheit durch Absturzsicherung.<\/li>\n<li><strong>Spannungsversorgung:<\/strong> 230V AC, 50Hz.<\/li>\n<li><strong>Leistungsaufnahme:<\/strong> Maximal 24W.<\/li>\n<li><strong>Farbtemperatur:<\/strong> 3000K (warmwei\u00df).<\/li>\n<li><strong>Strahlwinkel:<\/strong> 120\u00b0.<\/li>\n<li><strong>CRI:<\/strong> &gt; 80, UGR &lt; 19.<\/li>\n<li><strong>Bewegungsmelder:<\/strong> Passiver Infrarotsensor, 110\u00b0 vertikal, 360\u00b0 horizontal, 8m bei 3m Montageh\u00f6he.<\/li>\n<li><strong>Helligkeitssensor:<\/strong> Erfassungsbereich: 0,045 &#8211; 188.000lx.<\/li>\n<li><strong>Funkfrequenz:<\/strong> 868MHz (Europa), 915MHz (US), 4 Kan\u00e4le w\u00e4hlbar (Europa), 10 Kan\u00e4le w\u00e4hlbar (US).<\/li>\n<li><strong>Energieeffizienz:<\/strong> EU 2017\/1369: G.<\/li>\n<li><strong>Farbe:<\/strong> RAL 9003.<\/li>\n<li><strong>Schutzart:<\/strong> IP20.<\/li>\n<li><strong>Ma\u00dfe:<\/strong> 298 x 50 mm (DxH).<\/li>\n<\/ul>\n","protected":false},"excerpt":{"rendered":"<table class=\"styled-table\">\n<thead>\n<tr>\n<th>Technische Daten<\/th>\n<th>Details<\/th>\n<\/tr>\n<\/thead>\n<tbody>\n<tr>\n<td>Spannungsversorgung<\/td>\n<td>230V AC, 50Hz<\/td>\n<\/tr>\n<tr>\n<td>Leistungsaufnahme<\/td>\n<td>maximal 24W<\/td>\n<\/tr>\n<tr>\n<td>Ansteuerung<\/td>\n<td>\u00fcber Loxone Air<\/td>\n<\/tr>\n<tr>\n<td>Farbtemperatur<\/td>\n<td>3000K (warmwei\u00df)<\/td>\n<\/tr>\n<tr>\n<td>Strahlwinkel<\/td>\n<td>120\u00b0<\/td>\n<\/tr>\n<tr>\n<td>CRI<\/td>\n<td>&gt; 80<\/td>\n<\/tr>\n<tr>\n<td>UGR<\/td>\n<td>&lt; 19<\/td>\n<\/tr>\n<tr>\n<td>Bewegungsmelder<\/td>\n<td>passiver Infrarotsensor, 110\u00b0 vertikal, 360\u00b0 horizontal, 8m in 3m Montageh\u00f6he<\/td>\n<\/tr>\n<tr>\n<td>Helligkeitssensor Erfassungsbereich<\/td>\n<td>0,045 &#8211; 188.000lx<\/td>\n<\/tr>\n<tr>\n<td>Frequenzband (Europa)<\/td>\n<td>868MHz, 4 Kan\u00e4le w\u00e4hlbar<\/td>\n<\/tr>\n<tr>\n<td>Frequenzband (US)<\/td>\n<td>915MHz, 10 Kan\u00e4le w\u00e4hlbar<\/td>\n<\/tr>\n<tr>\n<td>Energieeffizienz (EU) 2017\/1369<\/td>\n<td>G<\/td>\n<\/tr>\n<tr>\n<td>Farben<\/td>\n<td>RAL 9003 (wei\u00df), RAL 7021 (Anthrazit), Gold<\/td>\n<\/tr>\n<tr>\n<td>Schutzart<\/td>\n<td>IP20<\/td>\n<\/tr>\n<tr>\n<td>Ma\u00dfe<\/td>\n<td>298 x 50 mm (DxH)<\/td>\n<\/tr>\n<\/tbody>\n<\/table>\n","protected":false},"featured_media":6576,"comment_status":"closed","ping_status":"closed","template":"","meta":{"_acf_changed":false},"product_cat":[258,254],"product_tag":[315,361,349,313,348],"class_list":{"0":"post-6574","1":"product","2":"type-product","3":"status-publish","4":"has-post-thumbnail","6":"product_cat-air","7":"product_cat-loxone","8":"product_tag-air","9":"product_tag-ceiling-light","10":"product_tag-led","11":"product_tag-loxone","12":"product_tag-rgbw","13":"pa_farbe-anthrazit","14":"pa_farbe-vienna-edition","15":"pa_farbe-weiss","16":"pa_menge-stueck","18":"first","19":"instock","20":"taxable","21":"shipping-taxable","22":"purchasable","23":"product-type-variable"},"acf":[],"_links":{"self":[{"href":"\/shop\/wp-json\/wp\/v2\/product\/6574"}],"collection":[{"href":"\/shop\/wp-json\/wp\/v2\/product"}],"about":[{"href":"\/shop\/wp-json\/wp\/v2\/types\/product"}],"replies":[{"embeddable":true,"href":"\/shop\/wp-json\/wp\/v2\/comments?post=6574"}],"wp:featuredmedia":[{"embeddable":true,"href":"\/shop\/wp-json\/wp\/v2\/media\/6576"}],"wp:attachment":[{"href":"\/shop\/wp-json\/wp\/v2\/media?parent=6574"}],"wp:term":[{"taxonomy":"product_cat","embeddable":true,"href":"\/shop\/wp-json\/wp\/v2\/product_cat?post=6574"},{"taxonomy":"product_tag","embeddable":true,"href":"\/shop\/wp-json\/wp\/v2\/product_tag?post=6574"}],"curies":[{"name":"wp","href":"https:\/\/api.w.org\/{rel}","templated":true}]}}