{"id":6585,"date":"2024-09-04T12:41:57","date_gmt":"2024-09-04T10:41:57","guid":{"rendered":"https:\/\/www.mowitech.de\/shop\/?post_type=product&#038;p=6585"},"modified":"2025-03-03T12:54:19","modified_gmt":"2025-03-03T11:54:19","slug":"table-lamp-air","status":"publish","type":"product","link":"\/shop\/produkt\/table-lamp-air\/","title":{"rendered":"Loxone Table Lamp Air"},"content":{"rendered":"<ul class=\"styled-list\">\n<li><strong>Ideale Erg\u00e4nzung:<\/strong> Nahtlose Integration in das Lichtkonzept im Geb\u00e4ude.<\/li>\n<li><strong>Integration:<\/strong> Optimal geeignet zur Integration in verschiedene Lichtstimmungen\/Szenen und zur Einbindung in verschiedene Funktionen.<\/li>\n<li><strong>Dimmverhalten:<\/strong> Sanftes und stufenloses Dimmverhalten, einstellbare individuelle Fadingzeiten.<\/li>\n<li><strong>Tasten:<\/strong> Frei belegbare kapazitive Tasten, z.B. f\u00fcr Serviceruf im Restaurant.<\/li>\n<li><strong>RGB-Ring:<\/strong> RGB-Ring auf der Oberseite, frei konfigurierbar.<\/li>\n<li><strong>Akkukapazit\u00e4t:<\/strong> Integrierter 10.000mAh Akku, Anzeige und \u00dcberwachung von Akku- und Ladezustand \u00fcber den Automatisierungscontroller.<\/li>\n<li><strong>Stromversorgung:<\/strong> Stromversorgung \u00fcber USB-C.<\/li>\n<li><strong>Kommunikation:<\/strong> Mit interner Loxone Air Antenne (IPSec verschl\u00fcsselt, bidirektionale Kommunikation).<\/li>\n<li><strong>Updates:<\/strong> Inklusive kostenloser Updates.<\/li>\n<li><strong>Diagnose:<\/strong> Inklusive Diagnose-Eingang zur Onlinestatus-\u00dcberwachung.<\/li>\n<li><strong>Kommunikation mit Automatisierungscontroller:<\/strong> \u00dcber Geb\u00e4udefunk-Technologie Loxone Air.<\/li>\n<\/ul>\n","protected":false},"excerpt":{"rendered":"<table class=\"styled-table\">\n<tbody>\n<tr>\n<th>Eigenschaft<\/th>\n<th>Details<\/th>\n<\/tr>\n<tr>\n<td>Spannungsversorgung<\/td>\n<td>5VDC mit USB-C<\/td>\n<\/tr>\n<tr>\n<td>Leistungsaufnahme<\/td>\n<td>Standby: 0,12W, volle Helligkeit: 2,2W, w\u00e4hrend des Ladens: max. 10W<\/td>\n<\/tr>\n<tr>\n<td>Batteriekapazit\u00e4t<\/td>\n<td>10000mAh<\/td>\n<\/tr>\n<tr>\n<td>PWM Frequenz<\/td>\n<td>600Hz<\/td>\n<\/tr>\n<tr>\n<td>Ansteuerung<\/td>\n<td>Loxone Air<\/td>\n<\/tr>\n<tr>\n<td>Farbtemperatur<\/td>\n<td>2700K (warmwei\u00df)<\/td>\n<\/tr>\n<tr>\n<td>Strahlwinkel<\/td>\n<td>&gt;120\u00b0<\/td>\n<\/tr>\n<tr>\n<td>CRI<\/td>\n<td>min. 80, UGR &lt; 19<\/td>\n<\/tr>\n<tr>\n<td>Frequenzbereiche<\/td>\n<td>868MHz (Europa) 4 Kan\u00e4le w\u00e4hlbar, 915MHz (US) 10 Kan\u00e4le w\u00e4hlbar<\/td>\n<\/tr>\n<tr>\n<td>Energieeffizienz (EU 2017\/1369)<\/td>\n<td>G<\/td>\n<\/tr>\n<tr>\n<td>Farben<\/td>\n<td>RAL 9003 (Wei\u00df), RAL 7021 (Anthrazit)<\/td>\n<\/tr>\n<tr>\n<td>Schutzart<\/td>\n<td>IP54<\/td>\n<\/tr>\n<tr>\n<td>Ma\u00dfe<\/td>\n<td>110 x 348 mm (DxH)<\/td>\n<\/tr>\n<tr>\n<td>Nettogewicht<\/td>\n<td>834g<\/td>\n<\/tr>\n<\/tbody>\n<\/table>\n","protected":false},"featured_media":6592,"comment_status":"closed","ping_status":"closed","template":"","meta":{"_acf_changed":false},"product_cat":[258,254],"product_tag":[315,313,360],"class_list":{"0":"post-6585","1":"product","2":"type-product","3":"status-publish","4":"has-post-thumbnail","6":"product_cat-air","7":"product_cat-loxone","8":"product_tag-air","9":"product_tag-loxone","10":"product_tag-table-lamp","11":"pa_farbe-anthrazit","12":"pa_farbe-vienna-edition","13":"pa_farbe-weiss","14":"pa_menge-stueck","16":"first","17":"outofstock","18":"taxable","19":"shipping-taxable","20":"purchasable","21":"product-type-variable"},"acf":[],"_links":{"self":[{"href":"\/shop\/wp-json\/wp\/v2\/product\/6585"}],"collection":[{"href":"\/shop\/wp-json\/wp\/v2\/product"}],"about":[{"href":"\/shop\/wp-json\/wp\/v2\/types\/product"}],"replies":[{"embeddable":true,"href":"\/shop\/wp-json\/wp\/v2\/comments?post=6585"}],"wp:featuredmedia":[{"embeddable":true,"href":"\/shop\/wp-json\/wp\/v2\/media\/6592"}],"wp:attachment":[{"href":"\/shop\/wp-json\/wp\/v2\/media?parent=6585"}],"wp:term":[{"taxonomy":"product_cat","embeddable":true,"href":"\/shop\/wp-json\/wp\/v2\/product_cat?post=6585"},{"taxonomy":"product_tag","embeddable":true,"href":"\/shop\/wp-json\/wp\/v2\/product_tag?post=6585"}],"curies":[{"name":"wp","href":"https:\/\/api.w.org\/{rel}","templated":true}]}}