{"id":6627,"date":"2024-10-24T07:16:30","date_gmt":"2024-10-24T05:16:30","guid":{"rendered":"https:\/\/www.mowitech.de\/shop\/?post_type=product&#038;p=6627"},"modified":"2025-03-03T12:24:39","modified_gmt":"2025-03-03T11:24:39","slug":"loxone-intercom","status":"publish","type":"product","link":"\/shop\/produkt\/loxone-intercom\/","title":{"rendered":"Loxone Intercom"},"content":{"rendered":"<ul class=\"styled-list\">\n<li>Ideal geeignet f\u00fcr Einfamilienh\u00e4user, Wohnungen, B\u00fcros und andere Ein-Parteien-Geb\u00e4ude<\/li>\n<li>Kompatibel mit weiteren Zutrittsprodukten wie dem NFC Code Touch oder einem Motorschloss<\/li>\n<li>Integrierte 120\u00b0 HD-Kamera und UV-beschichtete Echtglasoberfl\u00e4che<\/li>\n<li>Versteckte Lautsprecher, MEMS-Digitalmikrofon und Text-to-Speech Funktion<\/li>\n<li>Infrarot-N\u00e4herungssensor und beleuchtete Klingeltaste<\/li>\n<li>Einfache Aufputz-Montage dank passender Montagerahmen (silber oder anthrazit, einzeln oder doppelt)<\/li>\n<li>Steckbare Durchschleifklemmen f\u00fcr die Spannungs- und Busversorgungen<\/li>\n<li>Integrierte Loxone Tree Schnittstelle f\u00fcr bis zu 50 Loxone Tree Ger\u00e4te<\/li>\n<li>Inklusive kostenloser Updates<\/li>\n<li>Inklusive Diagnose-Eing\u00e4nge f\u00fcr Onlinestatus, Temperaturabschaltung und Sabotage-\u00dcberwachung<\/li>\n<li>Kommunikation mit Automatisierungscontroller \u00fcber LAN<\/li>\n<\/ul>\n","protected":false},"excerpt":{"rendered":"<table>\n<thead>\n<tr>\n<th>Eigenschaften<\/th>\n<th>Details<\/th>\n<\/tr>\n<\/thead>\n<tbody>\n<tr>\n<td>Spannungsversorgung<\/td>\n<td>Power over Ethernet (PoE), typ. 48V DC<\/td>\n<\/tr>\n<tr>\n<td>Einbindung von Loxone Tree Ger\u00e4ten<\/td>\n<td>Bis zu 50 Ger\u00e4te bei maximal 3m Kabell\u00e4nge<\/td>\n<\/tr>\n<tr>\n<td>Spannungsversorgung externer Ger\u00e4te<\/td>\n<td>24VDC, max. 3W bei maximal 3m Kabell\u00e4nge<\/td>\n<\/tr>\n<tr>\n<td>Kameraaufl\u00f6sung<\/td>\n<td>1280 x 720 bei 120\u00b0 Bilderfassungswinkel<\/td>\n<\/tr>\n<tr>\n<td>Erfassungsbereich N\u00e4herungssensor<\/td>\n<td>0,2 &#8211; 2m bei 27\u00b0<\/td>\n<\/tr>\n<tr>\n<td>Schutzart<\/td>\n<td>Spritzwassergesch\u00fctzt IP44<\/td>\n<\/tr>\n<tr>\n<td>Ma\u00dfe<\/td>\n<td>90 x 90 x 16 mm<\/td>\n<\/tr>\n<\/tbody>\n<\/table>\n","protected":false},"featured_media":6629,"comment_status":"closed","ping_status":"closed","template":"","meta":{"_acf_changed":false},"product_cat":[254,260],"product_tag":[332],"class_list":{"0":"post-6627","1":"product","2":"type-product","3":"status-publish","4":"has-post-thumbnail","6":"product_cat-loxone","7":"product_cat-zubehoer","8":"product_tag-loxone-intercom","9":"pa_farbe-anthrazit","10":"pa_farbe-weiss","11":"pa_menge-stueck","13":"first","14":"instock","15":"taxable","16":"shipping-taxable","17":"purchasable","18":"product-type-variable"},"acf":[],"_links":{"self":[{"href":"\/shop\/wp-json\/wp\/v2\/product\/6627"}],"collection":[{"href":"\/shop\/wp-json\/wp\/v2\/product"}],"about":[{"href":"\/shop\/wp-json\/wp\/v2\/types\/product"}],"replies":[{"embeddable":true,"href":"\/shop\/wp-json\/wp\/v2\/comments?post=6627"}],"wp:featuredmedia":[{"embeddable":true,"href":"\/shop\/wp-json\/wp\/v2\/media\/6629"}],"wp:attachment":[{"href":"\/shop\/wp-json\/wp\/v2\/media?parent=6627"}],"wp:term":[{"taxonomy":"product_cat","embeddable":true,"href":"\/shop\/wp-json\/wp\/v2\/product_cat?post=6627"},{"taxonomy":"product_tag","embeddable":true,"href":"\/shop\/wp-json\/wp\/v2\/product_tag?post=6627"}],"curies":[{"name":"wp","href":"https:\/\/api.w.org\/{rel}","templated":true}]}}