{"id":6740,"date":"2024-09-04T17:00:31","date_gmt":"2024-09-04T15:00:31","guid":{"rendered":"https:\/\/www.mowitech.de\/shop\/?post_type=product&#038;p=6740"},"modified":"2025-03-03T12:31:02","modified_gmt":"2025-03-03T11:31:02","slug":"steckernetzteil-fuer-touch-surface-air","status":"publish","type":"product","link":"\/shop\/produkt\/steckernetzteil-fuer-touch-surface-air\/","title":{"rendered":"Steckernetzteil f\u00fcr Touch Surface Air"},"content":{"rendered":"<ul class=\"styled-list\">\n<li><strong>Stecker-Schaltnetzteil zur Spannungsversorgung von einem Loxone Touch Surface Air<\/strong><\/li>\n<li>Mit Weitbereichseingang von 90-264 V AC<\/li>\n<li>Erm\u00f6glicht Ausgangsspannung 24V DC<\/li>\n<li>Einfache Montage dank Plug\u00b4n\u00b4Play-Prinzip<\/li>\n<li>Gut versteckt platzierbar dank 1,8m Kabell\u00e4nge<\/li>\n<li>Kaltger\u00e4tekabel mit L\u00e4nderadapter (EU, US, UK, AU) f\u00fcr die Spannungsversorgung<\/li>\n<li>DC-Stecker passend f\u00fcr das Loxone Touch Surface Air f\u00fcr die Ausgangsspannung<\/li>\n<\/ul>\n","protected":false},"excerpt":{"rendered":"<table class=\"styled-table\">\n<thead>\n<tr>\n<th>Eigenschaft<\/th>\n<th>Details<\/th>\n<\/tr>\n<\/thead>\n<tbody>\n<tr>\n<td><strong>Spannungsversorgung<\/strong><\/td>\n<td>90-264 V AC (47-63Hz)<\/td>\n<\/tr>\n<tr>\n<td><strong>Ausgangsspannung<\/strong><\/td>\n<td>24V DC mit 1,05A<\/td>\n<\/tr>\n<tr>\n<td><strong>Energieverbrauch<\/strong><\/td>\n<td>&lt;75 mW<\/td>\n<\/tr>\n<tr>\n<td><strong>Ma\u00dfe<\/strong><\/td>\n<td>72 x 33 x 57 mm, 1800 mm Kabell\u00e4nge<\/td>\n<\/tr>\n<tr>\n<td><strong>Stecker<\/strong><\/td>\n<td>DC-Stecker (1.35&#215;3.5mm)<\/td>\n<\/tr>\n<tr>\n<td><strong>Typ<\/strong><\/td>\n<td>TRE25RD SERIES 25W SWITCHING ADAPTER<\/td>\n<\/tr>\n<\/tbody>\n<\/table>\n","protected":false},"featured_media":6741,"comment_status":"closed","ping_status":"closed","template":"","meta":{"_acf_changed":false},"product_cat":[254,260],"product_tag":[],"class_list":{"0":"post-6740","1":"product","2":"type-product","3":"status-publish","4":"has-post-thumbnail","6":"product_cat-loxone","7":"product_cat-zubehoer","8":"pa_ip-zertifizierung-ip20-beruehrungssicher","9":"pa_ip-zertifizierung-ip20-wasserfest","10":"pa_ip-zertifizierung-ip65-spritzwasserfest","11":"pa_menge-stueck","13":"first","14":"instock","15":"taxable","16":"shipping-taxable","17":"purchasable","18":"product-type-simple"},"acf":[],"_links":{"self":[{"href":"\/shop\/wp-json\/wp\/v2\/product\/6740"}],"collection":[{"href":"\/shop\/wp-json\/wp\/v2\/product"}],"about":[{"href":"\/shop\/wp-json\/wp\/v2\/types\/product"}],"replies":[{"embeddable":true,"href":"\/shop\/wp-json\/wp\/v2\/comments?post=6740"}],"wp:featuredmedia":[{"embeddable":true,"href":"\/shop\/wp-json\/wp\/v2\/media\/6741"}],"wp:attachment":[{"href":"\/shop\/wp-json\/wp\/v2\/media?parent=6740"}],"wp:term":[{"taxonomy":"product_cat","embeddable":true,"href":"\/shop\/wp-json\/wp\/v2\/product_cat?post=6740"},{"taxonomy":"product_tag","embeddable":true,"href":"\/shop\/wp-json\/wp\/v2\/product_tag?post=6740"}],"curies":[{"name":"wp","href":"https:\/\/api.w.org\/{rel}","templated":true}]}}