{"id":7065,"date":"2024-11-21T12:26:56","date_gmt":"2024-11-21T11:26:56","guid":{"rendered":"\/shop\/?post_type=product&#038;p=7065"},"modified":"2025-02-13T09:49:38","modified_gmt":"2025-02-13T08:49:38","slug":"touch-pure-flex-tree-anthrazit","status":"publish","type":"product","link":"\/shop\/produkt\/touch-pure-flex-tree-anthrazit\/","title":{"rendered":"Touch Pure Flex Tree Anthrazit"},"content":{"rendered":"<ul>\n<li>12 frei definier- und positionierbare Touchpunkte<\/li>\n<li>3 frei definierbare Status LEDs<\/li>\n<li>LED Matrix Display zur Anzeige von Men\u00fcs, Werte, Texte und Stati<\/li>\n<li>Integrierter Temperatursensor zur Raumklimaregelung<\/li>\n<li>Akustisches Klick-Feedback<\/li>\n<li>NEU: Intelligente Hintergrundbeleuchtung mit automatischer Anpassung an Raumtyp und Lichtverh\u00e4ltnisse<\/li>\n<li>NEU: &#8218;Light by Touch&#8216; Option zur stufenweise Aktivierung, idefal f\u00fcr lichtempfindliche Nutzer<\/li>\n<\/ul>\n<ul>\n<li>9 &#8230; 28VDC Stromversorgung<\/li>\n<li>Loxone Tree Kommunikation<\/li>\n<li>IP44 &#8211; geeignet f\u00fcr den Innen- und gesch\u00fctzen Au\u00dfenbereich<\/li>\n<li>Empfohlene Montageh\u00f6he: 135cm<\/li>\n<\/ul>\n","protected":false},"excerpt":{"rendered":"<p>Individuell personalisierbares Bedienger\u00e4t zur Steuerung beleibiger Funktionen in Geb\u00e4uden.<\/p>\n<p>Der Touch Pure Flex wird nach Wunsch personalisiert, daher setzen Sie sich bitte zur Konfiguration mit uns in Verbindung.<\/p>\n","protected":false},"featured_media":7068,"comment_status":"closed","ping_status":"closed","template":"","meta":{"_acf_changed":false},"product_cat":[254,257],"product_tag":[313,318],"class_list":{"0":"post-7065","1":"product","2":"type-product","3":"status-publish","4":"has-post-thumbnail","6":"product_cat-loxone","7":"product_cat-tree","8":"product_tag-loxone","9":"product_tag-tree","11":"first","12":"outofstock","13":"taxable","14":"shipping-taxable","15":"purchasable","16":"product-type-simple"},"acf":[],"_links":{"self":[{"href":"\/shop\/wp-json\/wp\/v2\/product\/7065"}],"collection":[{"href":"\/shop\/wp-json\/wp\/v2\/product"}],"about":[{"href":"\/shop\/wp-json\/wp\/v2\/types\/product"}],"replies":[{"embeddable":true,"href":"\/shop\/wp-json\/wp\/v2\/comments?post=7065"}],"wp:featuredmedia":[{"embeddable":true,"href":"\/shop\/wp-json\/wp\/v2\/media\/7068"}],"wp:attachment":[{"href":"\/shop\/wp-json\/wp\/v2\/media?parent=7065"}],"wp:term":[{"taxonomy":"product_cat","embeddable":true,"href":"\/shop\/wp-json\/wp\/v2\/product_cat?post=7065"},{"taxonomy":"product_tag","embeddable":true,"href":"\/shop\/wp-json\/wp\/v2\/product_tag?post=7065"}],"curies":[{"name":"wp","href":"https:\/\/api.w.org\/{rel}","templated":true}]}}